{"id":3065,"date":"2024-06-07T12:33:15","date_gmt":"2024-06-07T11:33:15","guid":{"rendered":"https:\/\/ortopediagot.net\/?post_type=product&#038;p=3065"},"modified":"2024-06-07T12:33:16","modified_gmt":"2024-06-07T11:33:16","slug":"tensiometro-de-brazo-premium-4u","status":"publish","type":"product","link":"https:\/\/ortopediagot.net\/Inicio\/producto\/tensiometro-de-brazo-premium-4u\/","title":{"rendered":"TENSI\u00d3METRO DE BRAZO PREMIUM 4U"},"content":{"rendered":"<p>TENSI\u00d3METRO DE BRAZO PREMIUM 4U (861231)<\/p>\n<div class=\"tsf-campo-acf-titulo tsf-campo-acf-titulo-caracteristicas tsf_campo-acf tsf_caracteristicas\"><strong>Caracter\u00edsticas<\/strong><\/div>\n<div><\/div>\n<div class=\"tsf-campo-acf-valores tsf-campo-acf-valores-caracteristicas tsf_campo-acf tsf_caracteristicas\">&#8211; Gran pantalla retroiluminada de 90 x 100 mm<br \/>\n&#8211; Ideal para 4 usuarios<br \/>\nTensi\u00f3metro totalmente autom\u00e1tico con detecci\u00f3n de latidos irregulares.<br \/>\nF\u00e1cil selecci\u00f3n del usuario con flechas debajo de la pantalla. Suministrado con manguito de alta gama de 22-36 cm de di\u00e1metro. 240 memorias x 4 usuarios con c\u00e1lculo de la media de los \u00faltimos registros.<br \/>\nAlimentaci\u00f3n mediante cargador de 6 V (no suministrado) o 4 pilas AA (no suministradas). Se suministra con un manguito de gama alta de 22-36 cm de di\u00e1metro.<br \/>\nIncluye bolsa de transporte y almacenamiento. Dimensiones: 110 x 154 x 77 mm. Peso sin bater\u00eda 400 g.<br \/>\n2 a\u00f1os de garant\u00eda.<\/div>\n","protected":false},"excerpt":{"rendered":"<p>TENSI\u00d3METRO DE BRAZO PREMIUM 4U (861231) Caracter\u00edsticas &#8211; Gran pantalla retroiluminada de 90 x 100 mm &#8211; Ideal para 4 usuarios Tensi\u00f3metro totalmente autom\u00e1tico con detecci\u00f3n de latidos irregulares. F\u00e1cil selecci\u00f3n del usuario con flechas debajo de la pantalla. Suministrado con manguito de alta gama de 22-36 cm de di\u00e1metro. 240 memorias x 4 usuarios [&hellip;]<\/p>\n","protected":false},"featured_media":3066,"comment_status":"open","ping_status":"closed","template":"","meta":{"saved_in_kubio":false},"product_brand":[],"product_cat":[75],"product_tag":[118],"class_list":{"0":"post-3065","1":"product","2":"type-product","3":"status-publish","4":"has-post-thumbnail","6":"product_cat-tensiometros","7":"product_tag-emo","9":"first","10":"instock","11":"shipping-taxable","12":"product-type-simple"},"_links":{"self":[{"href":"https:\/\/ortopediagot.net\/Inicio\/wp-json\/wp\/v2\/product\/3065"}],"collection":[{"href":"https:\/\/ortopediagot.net\/Inicio\/wp-json\/wp\/v2\/product"}],"about":[{"href":"https:\/\/ortopediagot.net\/Inicio\/wp-json\/wp\/v2\/types\/product"}],"replies":[{"embeddable":true,"href":"https:\/\/ortopediagot.net\/Inicio\/wp-json\/wp\/v2\/comments?post=3065"}],"wp:featuredmedia":[{"embeddable":true,"href":"https:\/\/ortopediagot.net\/Inicio\/wp-json\/wp\/v2\/media\/3066"}],"wp:attachment":[{"href":"https:\/\/ortopediagot.net\/Inicio\/wp-json\/wp\/v2\/media?parent=3065"}],"wp:term":[{"taxonomy":"product_brand","embeddable":true,"href":"https:\/\/ortopediagot.net\/Inicio\/wp-json\/wp\/v2\/product_brand?post=3065"},{"taxonomy":"product_cat","embeddable":true,"href":"https:\/\/ortopediagot.net\/Inicio\/wp-json\/wp\/v2\/product_cat?post=3065"},{"taxonomy":"product_tag","embeddable":true,"href":"https:\/\/ortopediagot.net\/Inicio\/wp-json\/wp\/v2\/product_tag?post=3065"}],"curies":[{"name":"wp","href":"https:\/\/api.w.org\/{rel}","templated":true}]}}