{"id":3072,"date":"2024-06-07T13:09:54","date_gmt":"2024-06-07T12:09:54","guid":{"rendered":"https:\/\/ortopediagot.net\/?post_type=product&#038;p=3072"},"modified":"2024-06-07T13:09:54","modified_gmt":"2024-06-07T12:09:54","slug":"calzador-de-calcetines-slide","status":"publish","type":"product","link":"https:\/\/ortopediagot.net\/Inicio\/producto\/calzador-de-calcetines-slide\/","title":{"rendered":"CALZADOR DE CALCETINES SLIDE"},"content":{"rendered":"<p>CALZADOR DE CALCETINES SLIDE (819048)<\/p>\n<div class=\"tsf-campo-acf-titulo tsf-campo-acf-titulo-caracteristicas tsf_campo-acf tsf_caracteristicas\"><strong>Caracter\u00edsticas<\/strong><\/div>\n<div><\/div>\n<div class=\"tsf-campo-acf-valores tsf-campo-acf-valores-caracteristicas tsf_campo-acf tsf_caracteristicas\">Un calcet\u00edn muy eficaz se compone de un n\u00facleo r\u00edgido con una cara resbaladiza en la parte superior para hacer que el tal\u00f3n se deslice m\u00e1s f\u00e1cilmente y un lazo de algod\u00f3n antideslizante para sujetar la parte inferior o el calcet\u00edn.<br \/>\nLas dos correas de algod\u00f3n est\u00e1n equipadas con hebillas para realizar la operaci\u00f3n sin agacharse.<br \/>\nDimensiones: 23 x 20 cm.<\/div>\n","protected":false},"excerpt":{"rendered":"<p>CALZADOR DE CALCETINES SLIDE (819048) Caracter\u00edsticas Un calcet\u00edn muy eficaz se compone de un n\u00facleo r\u00edgido con una cara resbaladiza en la parte superior para hacer que el tal\u00f3n se deslice m\u00e1s f\u00e1cilmente y un lazo de algod\u00f3n antideslizante para sujetar la parte inferior o el calcet\u00edn. Las dos correas de algod\u00f3n est\u00e1n equipadas con [&hellip;]<\/p>\n","protected":false},"featured_media":3073,"comment_status":"open","ping_status":"closed","template":"","meta":{"saved_in_kubio":false},"product_brand":[],"product_cat":[79],"product_tag":[118],"class_list":{"0":"post-3072","1":"product","2":"type-product","3":"status-publish","4":"has-post-thumbnail","6":"product_cat-ayudas-para-vestirse","7":"product_tag-emo","9":"first","10":"instock","11":"shipping-taxable","12":"product-type-simple"},"_links":{"self":[{"href":"https:\/\/ortopediagot.net\/Inicio\/wp-json\/wp\/v2\/product\/3072"}],"collection":[{"href":"https:\/\/ortopediagot.net\/Inicio\/wp-json\/wp\/v2\/product"}],"about":[{"href":"https:\/\/ortopediagot.net\/Inicio\/wp-json\/wp\/v2\/types\/product"}],"replies":[{"embeddable":true,"href":"https:\/\/ortopediagot.net\/Inicio\/wp-json\/wp\/v2\/comments?post=3072"}],"wp:featuredmedia":[{"embeddable":true,"href":"https:\/\/ortopediagot.net\/Inicio\/wp-json\/wp\/v2\/media\/3073"}],"wp:attachment":[{"href":"https:\/\/ortopediagot.net\/Inicio\/wp-json\/wp\/v2\/media?parent=3072"}],"wp:term":[{"taxonomy":"product_brand","embeddable":true,"href":"https:\/\/ortopediagot.net\/Inicio\/wp-json\/wp\/v2\/product_brand?post=3072"},{"taxonomy":"product_cat","embeddable":true,"href":"https:\/\/ortopediagot.net\/Inicio\/wp-json\/wp\/v2\/product_cat?post=3072"},{"taxonomy":"product_tag","embeddable":true,"href":"https:\/\/ortopediagot.net\/Inicio\/wp-json\/wp\/v2\/product_tag?post=3072"}],"curies":[{"name":"wp","href":"https:\/\/api.w.org\/{rel}","templated":true}]}}