{"id":3074,"date":"2024-06-07T13:11:17","date_gmt":"2024-06-07T12:11:17","guid":{"rendered":"https:\/\/ortopediagot.net\/?post_type=product&#038;p=3074"},"modified":"2024-06-07T13:11:18","modified_gmt":"2024-06-07T12:11:18","slug":"calzador-de-calcetines","status":"publish","type":"product","link":"https:\/\/ortopediagot.net\/Inicio\/producto\/calzador-de-calcetines\/","title":{"rendered":"CALZADOR DE CALCETINES"},"content":{"rendered":"<p>CALZADOR DE CALCETINES (819050)<\/p>\n<div class=\"tsf-campo-acf-titulo tsf-campo-acf-titulo-caracteristicas tsf_campo-acf tsf_caracteristicas\"><strong>Caracter\u00edsticas<\/strong><\/div>\n<div><\/div>\n<div class=\"tsf-campo-acf-valores tsf-campo-acf-valores-caracteristicas tsf_campo-acf tsf_caracteristicas\">Es muy f\u00e1cil de usar: coloque la parte superior del calcet\u00edn o media de compresi\u00f3n en sus 2 muescas.<br \/>\nTodo lo que tienes que hacer es deslizar el pie hacia adentro y tirar de \u00e9l con sus correas de algod\u00f3n.<br \/>\nEntonces es f\u00e1cil de quitar cuando se coloca el calcet\u00edn o la media de compresi\u00f3n.<br \/>\nMaterial de polietileno.<\/div>\n","protected":false},"excerpt":{"rendered":"<p>CALZADOR DE CALCETINES (819050) Caracter\u00edsticas Es muy f\u00e1cil de usar: coloque la parte superior del calcet\u00edn o media de compresi\u00f3n en sus 2 muescas. Todo lo que tienes que hacer es deslizar el pie hacia adentro y tirar de \u00e9l con sus correas de algod\u00f3n. Entonces es f\u00e1cil de quitar cuando se coloca el calcet\u00edn [&hellip;]<\/p>\n","protected":false},"featured_media":3075,"comment_status":"open","ping_status":"closed","template":"","meta":{"saved_in_kubio":false},"product_brand":[],"product_cat":[79],"product_tag":[118],"class_list":{"0":"post-3074","1":"product","2":"type-product","3":"status-publish","4":"has-post-thumbnail","6":"product_cat-ayudas-para-vestirse","7":"product_tag-emo","9":"first","10":"instock","11":"shipping-taxable","12":"product-type-simple"},"_links":{"self":[{"href":"https:\/\/ortopediagot.net\/Inicio\/wp-json\/wp\/v2\/product\/3074"}],"collection":[{"href":"https:\/\/ortopediagot.net\/Inicio\/wp-json\/wp\/v2\/product"}],"about":[{"href":"https:\/\/ortopediagot.net\/Inicio\/wp-json\/wp\/v2\/types\/product"}],"replies":[{"embeddable":true,"href":"https:\/\/ortopediagot.net\/Inicio\/wp-json\/wp\/v2\/comments?post=3074"}],"wp:featuredmedia":[{"embeddable":true,"href":"https:\/\/ortopediagot.net\/Inicio\/wp-json\/wp\/v2\/media\/3075"}],"wp:attachment":[{"href":"https:\/\/ortopediagot.net\/Inicio\/wp-json\/wp\/v2\/media?parent=3074"}],"wp:term":[{"taxonomy":"product_brand","embeddable":true,"href":"https:\/\/ortopediagot.net\/Inicio\/wp-json\/wp\/v2\/product_brand?post=3074"},{"taxonomy":"product_cat","embeddable":true,"href":"https:\/\/ortopediagot.net\/Inicio\/wp-json\/wp\/v2\/product_cat?post=3074"},{"taxonomy":"product_tag","embeddable":true,"href":"https:\/\/ortopediagot.net\/Inicio\/wp-json\/wp\/v2\/product_tag?post=3074"}],"curies":[{"name":"wp","href":"https:\/\/api.w.org\/{rel}","templated":true}]}}