{"id":3088,"date":"2024-06-07T13:20:04","date_gmt":"2024-06-07T12:20:04","guid":{"rendered":"https:\/\/ortopediagot.net\/?post_type=product&#038;p=3088"},"modified":"2024-06-07T13:20:04","modified_gmt":"2024-06-07T12:20:04","slug":"quita-calcetines","status":"publish","type":"product","link":"https:\/\/ortopediagot.net\/Inicio\/producto\/quita-calcetines\/","title":{"rendered":"QUITA CALCETINES"},"content":{"rendered":"<p>QUITA CALCETINES (817001)<\/p>\n<div class=\"tsf-campo-acf-titulo tsf-campo-acf-titulo-caracteristicas tsf_campo-acf tsf_caracteristicas\"><strong>Caracter\u00edsticas<\/strong><\/div>\n<div><\/div>\n<div class=\"tsf-campo-acf-valores tsf-campo-acf-valores-caracteristicas tsf_campo-acf tsf_caracteristicas\">La punta muy pr\u00e1ctica de este quita calcetines para le permite quitarse los calcetines y las medias de compresi\u00f3n sin doblarse. Tambi\u00e9n le permite ponerse los zapatos sin esfuerzo sujetando el pie correctamente.<br \/>\nDesmontaje de dos piezas ideal para el transporte.<br \/>\nLongitud 59 cm.<\/div>\n","protected":false},"excerpt":{"rendered":"<p>QUITA CALCETINES (817001) Caracter\u00edsticas La punta muy pr\u00e1ctica de este quita calcetines para le permite quitarse los calcetines y las medias de compresi\u00f3n sin doblarse. Tambi\u00e9n le permite ponerse los zapatos sin esfuerzo sujetando el pie correctamente. Desmontaje de dos piezas ideal para el transporte. Longitud 59 cm.<\/p>\n","protected":false},"featured_media":3089,"comment_status":"open","ping_status":"closed","template":"","meta":{"saved_in_kubio":false},"product_brand":[],"product_cat":[79],"product_tag":[118],"class_list":{"0":"post-3088","1":"product","2":"type-product","3":"status-publish","4":"has-post-thumbnail","6":"product_cat-ayudas-para-vestirse","7":"product_tag-emo","9":"first","10":"instock","11":"shipping-taxable","12":"product-type-simple"},"_links":{"self":[{"href":"https:\/\/ortopediagot.net\/Inicio\/wp-json\/wp\/v2\/product\/3088"}],"collection":[{"href":"https:\/\/ortopediagot.net\/Inicio\/wp-json\/wp\/v2\/product"}],"about":[{"href":"https:\/\/ortopediagot.net\/Inicio\/wp-json\/wp\/v2\/types\/product"}],"replies":[{"embeddable":true,"href":"https:\/\/ortopediagot.net\/Inicio\/wp-json\/wp\/v2\/comments?post=3088"}],"wp:featuredmedia":[{"embeddable":true,"href":"https:\/\/ortopediagot.net\/Inicio\/wp-json\/wp\/v2\/media\/3089"}],"wp:attachment":[{"href":"https:\/\/ortopediagot.net\/Inicio\/wp-json\/wp\/v2\/media?parent=3088"}],"wp:term":[{"taxonomy":"product_brand","embeddable":true,"href":"https:\/\/ortopediagot.net\/Inicio\/wp-json\/wp\/v2\/product_brand?post=3088"},{"taxonomy":"product_cat","embeddable":true,"href":"https:\/\/ortopediagot.net\/Inicio\/wp-json\/wp\/v2\/product_cat?post=3088"},{"taxonomy":"product_tag","embeddable":true,"href":"https:\/\/ortopediagot.net\/Inicio\/wp-json\/wp\/v2\/product_tag?post=3088"}],"curies":[{"name":"wp","href":"https:\/\/api.w.org\/{rel}","templated":true}]}}