{"id":3093,"date":"2024-06-07T13:23:14","date_gmt":"2024-06-07T12:23:14","guid":{"rendered":"https:\/\/ortopediagot.net\/?post_type=product&#038;p=3093"},"modified":"2024-06-07T13:23:15","modified_gmt":"2024-06-07T12:23:15","slug":"dispositivo-para-atar-sujetador-easy-bra","status":"publish","type":"product","link":"https:\/\/ortopediagot.net\/Inicio\/producto\/dispositivo-para-atar-sujetador-easy-bra\/","title":{"rendered":"DISPOSITIVO PARA ATAR SUJETADOR EASY BRA"},"content":{"rendered":"<p>DISPOSITIVO PARA ATAR SUJETADOR EASY BRA (819060)<\/p>\n<div class=\"tsf-campo-acf-titulo tsf-campo-acf-titulo-caracteristicas tsf_campo-acf tsf_caracteristicas\"><strong>Caracter\u00edsticas<\/strong><\/div>\n<div><\/div>\n<div class=\"tsf-campo-acf-valores tsf-campo-acf-valores-caracteristicas tsf_campo-acf tsf_caracteristicas\">Este dispositivo para colocar el sujetador es muy \u00fatil para mujeres con movilidad reducida de brazos.<br \/>\nTe permite colgar un extremo del sujetador y luego unirlo con el otro.<br \/>\nIdeal para personas hemipl\u00e9jicas o muy d\u00e9biles que quieren seguir siendo aut\u00f3nomas para vestirse.<\/div>\n","protected":false},"excerpt":{"rendered":"<p>DISPOSITIVO PARA ATAR SUJETADOR EASY BRA (819060) Caracter\u00edsticas Este dispositivo para colocar el sujetador es muy \u00fatil para mujeres con movilidad reducida de brazos. Te permite colgar un extremo del sujetador y luego unirlo con el otro. Ideal para personas hemipl\u00e9jicas o muy d\u00e9biles que quieren seguir siendo aut\u00f3nomas para vestirse.<\/p>\n","protected":false},"featured_media":3094,"comment_status":"open","ping_status":"closed","template":"","meta":{"saved_in_kubio":false},"product_brand":[],"product_cat":[79],"product_tag":[118],"class_list":{"0":"post-3093","1":"product","2":"type-product","3":"status-publish","4":"has-post-thumbnail","6":"product_cat-ayudas-para-vestirse","7":"product_tag-emo","9":"first","10":"instock","11":"shipping-taxable","12":"product-type-simple"},"_links":{"self":[{"href":"https:\/\/ortopediagot.net\/Inicio\/wp-json\/wp\/v2\/product\/3093"}],"collection":[{"href":"https:\/\/ortopediagot.net\/Inicio\/wp-json\/wp\/v2\/product"}],"about":[{"href":"https:\/\/ortopediagot.net\/Inicio\/wp-json\/wp\/v2\/types\/product"}],"replies":[{"embeddable":true,"href":"https:\/\/ortopediagot.net\/Inicio\/wp-json\/wp\/v2\/comments?post=3093"}],"wp:featuredmedia":[{"embeddable":true,"href":"https:\/\/ortopediagot.net\/Inicio\/wp-json\/wp\/v2\/media\/3094"}],"wp:attachment":[{"href":"https:\/\/ortopediagot.net\/Inicio\/wp-json\/wp\/v2\/media?parent=3093"}],"wp:term":[{"taxonomy":"product_brand","embeddable":true,"href":"https:\/\/ortopediagot.net\/Inicio\/wp-json\/wp\/v2\/product_brand?post=3093"},{"taxonomy":"product_cat","embeddable":true,"href":"https:\/\/ortopediagot.net\/Inicio\/wp-json\/wp\/v2\/product_cat?post=3093"},{"taxonomy":"product_tag","embeddable":true,"href":"https:\/\/ortopediagot.net\/Inicio\/wp-json\/wp\/v2\/product_tag?post=3093"}],"curies":[{"name":"wp","href":"https:\/\/api.w.org\/{rel}","templated":true}]}}