{"id":3097,"date":"2024-06-07T13:25:50","date_gmt":"2024-06-07T12:25:50","guid":{"rendered":"https:\/\/ortopediagot.net\/?post_type=product&#038;p=3097"},"modified":"2024-06-07T13:25:50","modified_gmt":"2024-06-07T12:25:50","slug":"cordones-elasticos-quick","status":"publish","type":"product","link":"https:\/\/ortopediagot.net\/Inicio\/producto\/cordones-elasticos-quick\/","title":{"rendered":"CORDONES EL\u00c1STICOS QUICK"},"content":{"rendered":"<p>CORDONES EL\u00c1STICOS QUICK (819204.BLANC, 819204.NOIR, 819204.GRIS)<\/p>\n<div class=\"tsf-campo-acf-titulo tsf-campo-acf-titulo-caracteristicas tsf_campo-acf tsf_caracteristicas\"><strong>Caracter\u00edsticas<\/strong><\/div>\n<div><\/div>\n<div class=\"tsf-campo-acf-valores tsf-campo-acf-valores-caracteristicas tsf_campo-acf tsf_caracteristicas\">Estos cordones permiten un soporte excepcional del pie en el zapato sin nudos.<br \/>\nDespu\u00e9s de haber atornillado previamente los 2 soportes en los lazos m\u00e1s altos, es suficiente, con una sola mano, fijar la hebilla al soporte.<br \/>\nLargo de un encaje de 120 cm, se puede cortar si es necesario.<br \/>\nDisponible en 3 colores: negro, blanco y gris.<\/div>\n<div class=\"tsf-campo-acf-titulo tsf-campo-acf-titulo-pa_colores tsf_campo-acf tsf_pa_colores\"><\/div>\n<div><strong>Color<\/strong><\/div>\n<div><\/div>\n<div class=\"tsf-campo-acf-valores tsf-campo-acf-valores-pa_colores tsf_campo-acf tsf_pa_colores\">BLANCO, GRIS, NEGRO<\/div>\n","protected":false},"excerpt":{"rendered":"<p>CORDONES EL\u00c1STICOS QUICK (819204.BLANC, 819204.NOIR, 819204.GRIS) Caracter\u00edsticas Estos cordones permiten un soporte excepcional del pie en el zapato sin nudos. Despu\u00e9s de haber atornillado previamente los 2 soportes en los lazos m\u00e1s altos, es suficiente, con una sola mano, fijar la hebilla al soporte. Largo de un encaje de 120 cm, se puede cortar si [&hellip;]<\/p>\n","protected":false},"featured_media":3098,"comment_status":"open","ping_status":"closed","template":"","meta":{"saved_in_kubio":false},"product_brand":[],"product_cat":[79],"product_tag":[118],"class_list":{"0":"post-3097","1":"product","2":"type-product","3":"status-publish","4":"has-post-thumbnail","6":"product_cat-ayudas-para-vestirse","7":"product_tag-emo","9":"first","10":"instock","11":"shipping-taxable","12":"product-type-simple"},"_links":{"self":[{"href":"https:\/\/ortopediagot.net\/Inicio\/wp-json\/wp\/v2\/product\/3097"}],"collection":[{"href":"https:\/\/ortopediagot.net\/Inicio\/wp-json\/wp\/v2\/product"}],"about":[{"href":"https:\/\/ortopediagot.net\/Inicio\/wp-json\/wp\/v2\/types\/product"}],"replies":[{"embeddable":true,"href":"https:\/\/ortopediagot.net\/Inicio\/wp-json\/wp\/v2\/comments?post=3097"}],"wp:featuredmedia":[{"embeddable":true,"href":"https:\/\/ortopediagot.net\/Inicio\/wp-json\/wp\/v2\/media\/3098"}],"wp:attachment":[{"href":"https:\/\/ortopediagot.net\/Inicio\/wp-json\/wp\/v2\/media?parent=3097"}],"wp:term":[{"taxonomy":"product_brand","embeddable":true,"href":"https:\/\/ortopediagot.net\/Inicio\/wp-json\/wp\/v2\/product_brand?post=3097"},{"taxonomy":"product_cat","embeddable":true,"href":"https:\/\/ortopediagot.net\/Inicio\/wp-json\/wp\/v2\/product_cat?post=3097"},{"taxonomy":"product_tag","embeddable":true,"href":"https:\/\/ortopediagot.net\/Inicio\/wp-json\/wp\/v2\/product_tag?post=3097"}],"curies":[{"name":"wp","href":"https:\/\/api.w.org\/{rel}","templated":true}]}}