{"id":3102,"date":"2024-06-07T13:29:01","date_gmt":"2024-06-07T12:29:01","guid":{"rendered":"https:\/\/ortopediagot.net\/?post_type=product&#038;p=3102"},"modified":"2024-06-07T13:29:02","modified_gmt":"2024-06-07T12:29:02","slug":"calzador-largo-de-plastico","status":"publish","type":"product","link":"https:\/\/ortopediagot.net\/Inicio\/producto\/calzador-largo-de-plastico\/","title":{"rendered":"CALZADOR LARGO DE PL\u00c1STICO"},"content":{"rendered":"<p>CALZADOR LARGO DE PL\u00c1STICO (819047)<\/p>\n<div class=\"tsf-campo-acf-titulo tsf-campo-acf-titulo-caracteristicas tsf_campo-acf tsf_caracteristicas\"><strong>Caracter\u00edsticas<\/strong><\/div>\n<div><\/div>\n<div class=\"tsf-campo-acf-valores tsf-campo-acf-valores-caracteristicas tsf_campo-acf tsf_caracteristicas\">Este calzador ergon\u00f3mico de manga larga le permite sentarse sin agacharse.<br \/>\nMaterial pl\u00e1stico duradero.<br \/>\nLargo 61 cm.<\/div>\n","protected":false},"excerpt":{"rendered":"<p>CALZADOR LARGO DE PL\u00c1STICO (819047) Caracter\u00edsticas Este calzador ergon\u00f3mico de manga larga le permite sentarse sin agacharse. Material pl\u00e1stico duradero. Largo 61 cm.<\/p>\n","protected":false},"featured_media":3103,"comment_status":"open","ping_status":"closed","template":"","meta":{"saved_in_kubio":false},"product_brand":[],"product_cat":[79],"product_tag":[118],"class_list":{"0":"post-3102","1":"product","2":"type-product","3":"status-publish","4":"has-post-thumbnail","6":"product_cat-ayudas-para-vestirse","7":"product_tag-emo","9":"first","10":"instock","11":"shipping-taxable","12":"product-type-simple"},"_links":{"self":[{"href":"https:\/\/ortopediagot.net\/Inicio\/wp-json\/wp\/v2\/product\/3102"}],"collection":[{"href":"https:\/\/ortopediagot.net\/Inicio\/wp-json\/wp\/v2\/product"}],"about":[{"href":"https:\/\/ortopediagot.net\/Inicio\/wp-json\/wp\/v2\/types\/product"}],"replies":[{"embeddable":true,"href":"https:\/\/ortopediagot.net\/Inicio\/wp-json\/wp\/v2\/comments?post=3102"}],"wp:featuredmedia":[{"embeddable":true,"href":"https:\/\/ortopediagot.net\/Inicio\/wp-json\/wp\/v2\/media\/3103"}],"wp:attachment":[{"href":"https:\/\/ortopediagot.net\/Inicio\/wp-json\/wp\/v2\/media?parent=3102"}],"wp:term":[{"taxonomy":"product_brand","embeddable":true,"href":"https:\/\/ortopediagot.net\/Inicio\/wp-json\/wp\/v2\/product_brand?post=3102"},{"taxonomy":"product_cat","embeddable":true,"href":"https:\/\/ortopediagot.net\/Inicio\/wp-json\/wp\/v2\/product_cat?post=3102"},{"taxonomy":"product_tag","embeddable":true,"href":"https:\/\/ortopediagot.net\/Inicio\/wp-json\/wp\/v2\/product_tag?post=3102"}],"curies":[{"name":"wp","href":"https:\/\/api.w.org\/{rel}","templated":true}]}}