{"id":3106,"date":"2024-06-07T13:30:32","date_gmt":"2024-06-07T12:30:32","guid":{"rendered":"https:\/\/ortopediagot.net\/?post_type=product&#038;p=3106"},"modified":"2024-06-07T13:30:33","modified_gmt":"2024-06-07T12:30:33","slug":"pinza-calzador","status":"publish","type":"product","link":"https:\/\/ortopediagot.net\/Inicio\/producto\/pinza-calzador\/","title":{"rendered":"PINZA CALZADOR"},"content":{"rendered":"<p>PINZA CALZADOR (819082)<\/p>\n<div class=\"tsf-campo-acf-titulo tsf-campo-acf-titulo-caracteristicas tsf_campo-acf tsf_caracteristicas\"><strong>Caracter\u00edsticas<\/strong><\/div>\n<div><\/div>\n<div class=\"tsf-campo-acf-valores tsf-campo-acf-valores-caracteristicas tsf_campo-acf tsf_caracteristicas\">Esta pinza tambi\u00e9n sirve como calzador para ponerse los zapatos sin agacharse.<br \/>\nLos alicates me permiten incluso sujetar el zapato con m\u00e1s firmeza para facilitar el gesto.<br \/>\nABS y aluminio.<br \/>\nLargo 66 cm.<\/div>\n","protected":false},"excerpt":{"rendered":"<p>PINZA CALZADOR (819082) Caracter\u00edsticas Esta pinza tambi\u00e9n sirve como calzador para ponerse los zapatos sin agacharse. Los alicates me permiten incluso sujetar el zapato con m\u00e1s firmeza para facilitar el gesto. ABS y aluminio. Largo 66 cm.<\/p>\n","protected":false},"featured_media":3107,"comment_status":"open","ping_status":"closed","template":"","meta":{"saved_in_kubio":false},"product_brand":[],"product_cat":[79],"product_tag":[118],"class_list":{"0":"post-3106","1":"product","2":"type-product","3":"status-publish","4":"has-post-thumbnail","6":"product_cat-ayudas-para-vestirse","7":"product_tag-emo","9":"first","10":"instock","11":"shipping-taxable","12":"product-type-simple"},"_links":{"self":[{"href":"https:\/\/ortopediagot.net\/Inicio\/wp-json\/wp\/v2\/product\/3106"}],"collection":[{"href":"https:\/\/ortopediagot.net\/Inicio\/wp-json\/wp\/v2\/product"}],"about":[{"href":"https:\/\/ortopediagot.net\/Inicio\/wp-json\/wp\/v2\/types\/product"}],"replies":[{"embeddable":true,"href":"https:\/\/ortopediagot.net\/Inicio\/wp-json\/wp\/v2\/comments?post=3106"}],"wp:featuredmedia":[{"embeddable":true,"href":"https:\/\/ortopediagot.net\/Inicio\/wp-json\/wp\/v2\/media\/3107"}],"wp:attachment":[{"href":"https:\/\/ortopediagot.net\/Inicio\/wp-json\/wp\/v2\/media?parent=3106"}],"wp:term":[{"taxonomy":"product_brand","embeddable":true,"href":"https:\/\/ortopediagot.net\/Inicio\/wp-json\/wp\/v2\/product_brand?post=3106"},{"taxonomy":"product_cat","embeddable":true,"href":"https:\/\/ortopediagot.net\/Inicio\/wp-json\/wp\/v2\/product_cat?post=3106"},{"taxonomy":"product_tag","embeddable":true,"href":"https:\/\/ortopediagot.net\/Inicio\/wp-json\/wp\/v2\/product_tag?post=3106"}],"curies":[{"name":"wp","href":"https:\/\/api.w.org\/{rel}","templated":true}]}}