{"id":3113,"date":"2024-06-07T13:33:17","date_gmt":"2024-06-07T12:33:17","guid":{"rendered":"https:\/\/ortopediagot.net\/?post_type=product&#038;p=3113"},"modified":"2024-06-07T13:33:17","modified_gmt":"2024-06-07T12:33:17","slug":"abrochabotones-goodgrip","status":"publish","type":"product","link":"https:\/\/ortopediagot.net\/Inicio\/producto\/abrochabotones-goodgrip\/","title":{"rendered":"ABROCHABOTONES GOODGRIP"},"content":{"rendered":"<p>ABROCHABOTONES GOODGRIP (819023)<\/p>\n<div class=\"tsf-campo-acf-titulo tsf-campo-acf-titulo-caracteristicas tsf_campo-acf tsf_caracteristicas\"><strong>Caracter\u00edsticas<\/strong><\/div>\n<div><\/div>\n<div class=\"tsf-campo-acf-valores tsf-campo-acf-valores-caracteristicas tsf_campo-acf tsf_caracteristicas\">Esta herramienta \u00fanica le permite abotonar camisas, pantalones o chaquetas sin esfuerzo, especialmente para personas con artritis o muy d\u00e9biles.<br \/>\nSimplemente inserte el utensilio en la prenda, cuelgue el bot\u00f3n y desl\u00edcelo suavemente.<br \/>\nMango de goma antideslizante de gran tama\u00f1o para un mejor agarre.<br \/>\nLargo 16 cm.<\/div>\n","protected":false},"excerpt":{"rendered":"<p>ABROCHABOTONES GOODGRIP (819023) Caracter\u00edsticas Esta herramienta \u00fanica le permite abotonar camisas, pantalones o chaquetas sin esfuerzo, especialmente para personas con artritis o muy d\u00e9biles. Simplemente inserte el utensilio en la prenda, cuelgue el bot\u00f3n y desl\u00edcelo suavemente. Mango de goma antideslizante de gran tama\u00f1o para un mejor agarre. Largo 16 cm.<\/p>\n","protected":false},"featured_media":3114,"comment_status":"open","ping_status":"closed","template":"","meta":{"saved_in_kubio":false},"product_brand":[],"product_cat":[79],"product_tag":[118],"class_list":{"0":"post-3113","1":"product","2":"type-product","3":"status-publish","4":"has-post-thumbnail","6":"product_cat-ayudas-para-vestirse","7":"product_tag-emo","9":"first","10":"instock","11":"shipping-taxable","12":"product-type-simple"},"_links":{"self":[{"href":"https:\/\/ortopediagot.net\/Inicio\/wp-json\/wp\/v2\/product\/3113"}],"collection":[{"href":"https:\/\/ortopediagot.net\/Inicio\/wp-json\/wp\/v2\/product"}],"about":[{"href":"https:\/\/ortopediagot.net\/Inicio\/wp-json\/wp\/v2\/types\/product"}],"replies":[{"embeddable":true,"href":"https:\/\/ortopediagot.net\/Inicio\/wp-json\/wp\/v2\/comments?post=3113"}],"wp:featuredmedia":[{"embeddable":true,"href":"https:\/\/ortopediagot.net\/Inicio\/wp-json\/wp\/v2\/media\/3114"}],"wp:attachment":[{"href":"https:\/\/ortopediagot.net\/Inicio\/wp-json\/wp\/v2\/media?parent=3113"}],"wp:term":[{"taxonomy":"product_brand","embeddable":true,"href":"https:\/\/ortopediagot.net\/Inicio\/wp-json\/wp\/v2\/product_brand?post=3113"},{"taxonomy":"product_cat","embeddable":true,"href":"https:\/\/ortopediagot.net\/Inicio\/wp-json\/wp\/v2\/product_cat?post=3113"},{"taxonomy":"product_tag","embeddable":true,"href":"https:\/\/ortopediagot.net\/Inicio\/wp-json\/wp\/v2\/product_tag?post=3113"}],"curies":[{"name":"wp","href":"https:\/\/api.w.org\/{rel}","templated":true}]}}