{"id":3118,"date":"2024-06-07T13:49:51","date_gmt":"2024-06-07T12:49:51","guid":{"rendered":"https:\/\/ortopediagot.net\/?post_type=product&#038;p=3118"},"modified":"2024-06-07T13:49:51","modified_gmt":"2024-06-07T12:49:51","slug":"pastillero-diario-5-alarmas","status":"publish","type":"product","link":"https:\/\/ortopediagot.net\/Inicio\/producto\/pastillero-diario-5-alarmas\/","title":{"rendered":"PASTILLERO DIARIO 5 ALARMAS"},"content":{"rendered":"<p>PASTILLERO DIARIO 5 ALARMAS (817112)<\/p>\n<div class=\"tsf-campo-acf-titulo tsf-campo-acf-titulo-caracteristicas tsf_campo-acf tsf_caracteristicas\"><strong>Caracter\u00edsticas<\/strong><\/div>\n<div><\/div>\n<div class=\"tsf-campo-acf-valores tsf-campo-acf-valores-caracteristicas tsf_campo-acf tsf_caracteristicas\">Este pastillero electr\u00f3nico es muy f\u00e1cil de usar y le permite programar 4 alarmas diarias a la hora que usted decida tomar su medicamento.<br \/>\nEst\u00e1 equipado con una funci\u00f3n de vibraci\u00f3n para no perturbar el entorno ,pantalla retroiluminada para una excelente visibilidad.<br \/>\nLos compartimentos traseros est\u00e1n numerados del 1 al 4 para que coincidan con la alarma.<br \/>\nCabe en el bolsillo.<br \/>\nRepetici\u00f3n de la alarma si no se toma.<br \/>\nPeso 80 gr.<br \/>\nDimensiones: 6.5 x 6.8 cm.<\/div>\n","protected":false},"excerpt":{"rendered":"<p>PASTILLERO DIARIO 5 ALARMAS (817112) Caracter\u00edsticas Este pastillero electr\u00f3nico es muy f\u00e1cil de usar y le permite programar 4 alarmas diarias a la hora que usted decida tomar su medicamento. Est\u00e1 equipado con una funci\u00f3n de vibraci\u00f3n para no perturbar el entorno ,pantalla retroiluminada para una excelente visibilidad. Los compartimentos traseros est\u00e1n numerados del 1 [&hellip;]<\/p>\n","protected":false},"featured_media":3119,"comment_status":"open","ping_status":"closed","template":"","meta":{"saved_in_kubio":false},"product_brand":[],"product_cat":[80],"product_tag":[118],"class_list":{"0":"post-3118","1":"product","2":"type-product","3":"status-publish","4":"has-post-thumbnail","6":"product_cat-toma-de-medicamentos","7":"product_tag-emo","9":"first","10":"instock","11":"shipping-taxable","12":"product-type-simple"},"_links":{"self":[{"href":"https:\/\/ortopediagot.net\/Inicio\/wp-json\/wp\/v2\/product\/3118"}],"collection":[{"href":"https:\/\/ortopediagot.net\/Inicio\/wp-json\/wp\/v2\/product"}],"about":[{"href":"https:\/\/ortopediagot.net\/Inicio\/wp-json\/wp\/v2\/types\/product"}],"replies":[{"embeddable":true,"href":"https:\/\/ortopediagot.net\/Inicio\/wp-json\/wp\/v2\/comments?post=3118"}],"wp:featuredmedia":[{"embeddable":true,"href":"https:\/\/ortopediagot.net\/Inicio\/wp-json\/wp\/v2\/media\/3119"}],"wp:attachment":[{"href":"https:\/\/ortopediagot.net\/Inicio\/wp-json\/wp\/v2\/media?parent=3118"}],"wp:term":[{"taxonomy":"product_brand","embeddable":true,"href":"https:\/\/ortopediagot.net\/Inicio\/wp-json\/wp\/v2\/product_brand?post=3118"},{"taxonomy":"product_cat","embeddable":true,"href":"https:\/\/ortopediagot.net\/Inicio\/wp-json\/wp\/v2\/product_cat?post=3118"},{"taxonomy":"product_tag","embeddable":true,"href":"https:\/\/ortopediagot.net\/Inicio\/wp-json\/wp\/v2\/product_tag?post=3118"}],"curies":[{"name":"wp","href":"https:\/\/api.w.org\/{rel}","templated":true}]}}