{"id":3124,"date":"2024-06-07T13:52:46","date_gmt":"2024-06-07T12:52:46","guid":{"rendered":"https:\/\/ortopediagot.net\/?post_type=product&#038;p=3124"},"modified":"2024-06-07T13:54:12","modified_gmt":"2024-06-07T12:54:12","slug":"pastillero-dosett-medi","status":"publish","type":"product","link":"https:\/\/ortopediagot.net\/Inicio\/producto\/pastillero-dosett-medi\/","title":{"rendered":"PASTILLERO DOSETT MEDI"},"content":{"rendered":"<div>\n<p>PASTILLERO DOSETT MEDI (817183)<\/p>\n<\/div>\n<div class=\"tsf-campo-acf-titulo tsf-campo-acf-titulo-caracteristicas tsf_campo-acf tsf_caracteristicas\"><strong>Caracter\u00edsticas<\/strong><\/div>\n<div><\/div>\n<div class=\"tsf-campo-acf-valores tsf-campo-acf-valores-caracteristicas tsf_campo-acf tsf_caracteristicas\">El pastillero Dosett Medi le permite seguir tratamientos complejos. Durante la semana, le permite tomar 4 medicamentos diarios durante una semana.<br \/>\nEste libro semanal le permite ser recargado sacando la bandeja completa de 28 compartimentos.<br \/>\nEl tama\u00f1o de los compartimentos permite colocar muchas c\u00e1psulas o comprimidos (Largo 21 x Ancho 18 x Profundidad 15 mm). Entregado con formularios de prescripci\u00f3n.<br \/>\nTiene una cerradura a prueba de ni\u00f1os que se puede instalar o no. Versi\u00f3n 100% francesa.<br \/>\nColor turquesa.<br \/>\nDimensiones totales: largo 155 x ancho 103 x alto 28 mm.<\/div>\n","protected":false},"excerpt":{"rendered":"<p>PASTILLERO DOSETT MEDI (817183) Caracter\u00edsticas El pastillero Dosett Medi le permite seguir tratamientos complejos. Durante la semana, le permite tomar 4 medicamentos diarios durante una semana. Este libro semanal le permite ser recargado sacando la bandeja completa de 28 compartimentos. El tama\u00f1o de los compartimentos permite colocar muchas c\u00e1psulas o comprimidos (Largo 21 x Ancho [&hellip;]<\/p>\n","protected":false},"featured_media":3125,"comment_status":"open","ping_status":"closed","template":"","meta":{"saved_in_kubio":false},"product_brand":[],"product_cat":[80],"product_tag":[118],"class_list":{"0":"post-3124","1":"product","2":"type-product","3":"status-publish","4":"has-post-thumbnail","6":"product_cat-toma-de-medicamentos","7":"product_tag-emo","9":"first","10":"instock","11":"shipping-taxable","12":"product-type-simple"},"_links":{"self":[{"href":"https:\/\/ortopediagot.net\/Inicio\/wp-json\/wp\/v2\/product\/3124"}],"collection":[{"href":"https:\/\/ortopediagot.net\/Inicio\/wp-json\/wp\/v2\/product"}],"about":[{"href":"https:\/\/ortopediagot.net\/Inicio\/wp-json\/wp\/v2\/types\/product"}],"replies":[{"embeddable":true,"href":"https:\/\/ortopediagot.net\/Inicio\/wp-json\/wp\/v2\/comments?post=3124"}],"wp:featuredmedia":[{"embeddable":true,"href":"https:\/\/ortopediagot.net\/Inicio\/wp-json\/wp\/v2\/media\/3125"}],"wp:attachment":[{"href":"https:\/\/ortopediagot.net\/Inicio\/wp-json\/wp\/v2\/media?parent=3124"}],"wp:term":[{"taxonomy":"product_brand","embeddable":true,"href":"https:\/\/ortopediagot.net\/Inicio\/wp-json\/wp\/v2\/product_brand?post=3124"},{"taxonomy":"product_cat","embeddable":true,"href":"https:\/\/ortopediagot.net\/Inicio\/wp-json\/wp\/v2\/product_cat?post=3124"},{"taxonomy":"product_tag","embeddable":true,"href":"https:\/\/ortopediagot.net\/Inicio\/wp-json\/wp\/v2\/product_tag?post=3124"}],"curies":[{"name":"wp","href":"https:\/\/api.w.org\/{rel}","templated":true}]}}