{"id":3129,"date":"2024-06-07T13:55:42","date_gmt":"2024-06-07T12:55:42","guid":{"rendered":"https:\/\/ortopediagot.net\/?post_type=product&#038;p=3129"},"modified":"2024-06-07T13:55:42","modified_gmt":"2024-06-07T12:55:42","slug":"pastillero-semanal-de-color","status":"publish","type":"product","link":"https:\/\/ortopediagot.net\/Inicio\/producto\/pastillero-semanal-de-color\/","title":{"rendered":"PASTILLERO SEMANAL DE COLOR"},"content":{"rendered":"<p>PASTILLERO SEMANAL DE COLOR (817027)<\/p>\n<div class=\"tsf-campo-acf-titulo tsf-campo-acf-titulo-caracteristicas tsf_campo-acf tsf_caracteristicas\"><strong>Caracter\u00edsticas<\/strong><\/div>\n<div><\/div>\n<div class=\"tsf-campo-acf-valores tsf-campo-acf-valores-caracteristicas tsf_campo-acf tsf_caracteristicas\">Pastillero de f\u00e1cil apertura para personas con dificultades en pr\u00e9hension : basta con pulsar el bot\u00f3n correspondiente a la caja. Dimensions : 22 x 5.5 x 2.5cm.<br \/>\nDimensiones de compartiment : 3 x 3.5 cm.<\/div>\n","protected":false},"excerpt":{"rendered":"<p>PASTILLERO SEMANAL DE COLOR (817027) Caracter\u00edsticas Pastillero de f\u00e1cil apertura para personas con dificultades en pr\u00e9hension : basta con pulsar el bot\u00f3n correspondiente a la caja. Dimensions : 22 x 5.5 x 2.5cm. Dimensiones de compartiment : 3 x 3.5 cm.<\/p>\n","protected":false},"featured_media":3130,"comment_status":"open","ping_status":"closed","template":"","meta":{"saved_in_kubio":false},"product_brand":[],"product_cat":[80],"product_tag":[118],"class_list":{"0":"post-3129","1":"product","2":"type-product","3":"status-publish","4":"has-post-thumbnail","6":"product_cat-toma-de-medicamentos","7":"product_tag-emo","9":"first","10":"instock","11":"shipping-taxable","12":"product-type-simple"},"_links":{"self":[{"href":"https:\/\/ortopediagot.net\/Inicio\/wp-json\/wp\/v2\/product\/3129"}],"collection":[{"href":"https:\/\/ortopediagot.net\/Inicio\/wp-json\/wp\/v2\/product"}],"about":[{"href":"https:\/\/ortopediagot.net\/Inicio\/wp-json\/wp\/v2\/types\/product"}],"replies":[{"embeddable":true,"href":"https:\/\/ortopediagot.net\/Inicio\/wp-json\/wp\/v2\/comments?post=3129"}],"wp:featuredmedia":[{"embeddable":true,"href":"https:\/\/ortopediagot.net\/Inicio\/wp-json\/wp\/v2\/media\/3130"}],"wp:attachment":[{"href":"https:\/\/ortopediagot.net\/Inicio\/wp-json\/wp\/v2\/media?parent=3129"}],"wp:term":[{"taxonomy":"product_brand","embeddable":true,"href":"https:\/\/ortopediagot.net\/Inicio\/wp-json\/wp\/v2\/product_brand?post=3129"},{"taxonomy":"product_cat","embeddable":true,"href":"https:\/\/ortopediagot.net\/Inicio\/wp-json\/wp\/v2\/product_cat?post=3129"},{"taxonomy":"product_tag","embeddable":true,"href":"https:\/\/ortopediagot.net\/Inicio\/wp-json\/wp\/v2\/product_tag?post=3129"}],"curies":[{"name":"wp","href":"https:\/\/api.w.org\/{rel}","templated":true}]}}