{"id":3132,"date":"2024-06-07T13:57:28","date_gmt":"2024-06-07T12:57:28","guid":{"rendered":"https:\/\/ortopediagot.net\/?post_type=product&#038;p=3132"},"modified":"2024-06-07T13:57:28","modified_gmt":"2024-06-07T12:57:28","slug":"triturador-cortador-de-comprimidos","status":"publish","type":"product","link":"https:\/\/ortopediagot.net\/Inicio\/producto\/triturador-cortador-de-comprimidos\/","title":{"rendered":"TRITURADOR\/CORTADOR DE COMPRIMIDOS"},"content":{"rendered":"<p>TRITURADOR\/CORTADOR DE COMPRIMIDOS (817060)<\/p>\n<div class=\"tsf-campo-acf-titulo tsf-campo-acf-titulo-caracteristicas tsf_campo-acf tsf_caracteristicas\"><strong>Caracter\u00edsticas<\/strong><\/div>\n<div><\/div>\n<div class=\"tsf-campo-acf-valores tsf-campo-acf-valores-caracteristicas tsf_campo-acf tsf_caracteristicas\">Con esta trituradora-cortadora comprimida, usted puede triturar sus comprimidos para incorporarlas en un l\u00edquido, cortarlas para satisfacer sus necesidades y almacenarlas en un peque\u00f1o compartimiento previsto para este fin.<br \/>\nSe desliza f\u00e1cilmente en el bolsillo.<br \/>\nS\u00f3lo 7,5 cm.<br \/>\nColor blanco.<\/div>\n","protected":false},"excerpt":{"rendered":"<p>TRITURADOR\/CORTADOR DE COMPRIMIDOS (817060) Caracter\u00edsticas Con esta trituradora-cortadora comprimida, usted puede triturar sus comprimidos para incorporarlas en un l\u00edquido, cortarlas para satisfacer sus necesidades y almacenarlas en un peque\u00f1o compartimiento previsto para este fin. Se desliza f\u00e1cilmente en el bolsillo. S\u00f3lo 7,5 cm. Color blanco.<\/p>\n","protected":false},"featured_media":3133,"comment_status":"open","ping_status":"closed","template":"","meta":{"saved_in_kubio":false},"product_brand":[],"product_cat":[80],"product_tag":[118],"class_list":{"0":"post-3132","1":"product","2":"type-product","3":"status-publish","4":"has-post-thumbnail","6":"product_cat-toma-de-medicamentos","7":"product_tag-emo","9":"first","10":"instock","11":"shipping-taxable","12":"product-type-simple"},"_links":{"self":[{"href":"https:\/\/ortopediagot.net\/Inicio\/wp-json\/wp\/v2\/product\/3132"}],"collection":[{"href":"https:\/\/ortopediagot.net\/Inicio\/wp-json\/wp\/v2\/product"}],"about":[{"href":"https:\/\/ortopediagot.net\/Inicio\/wp-json\/wp\/v2\/types\/product"}],"replies":[{"embeddable":true,"href":"https:\/\/ortopediagot.net\/Inicio\/wp-json\/wp\/v2\/comments?post=3132"}],"wp:featuredmedia":[{"embeddable":true,"href":"https:\/\/ortopediagot.net\/Inicio\/wp-json\/wp\/v2\/media\/3133"}],"wp:attachment":[{"href":"https:\/\/ortopediagot.net\/Inicio\/wp-json\/wp\/v2\/media?parent=3132"}],"wp:term":[{"taxonomy":"product_brand","embeddable":true,"href":"https:\/\/ortopediagot.net\/Inicio\/wp-json\/wp\/v2\/product_brand?post=3132"},{"taxonomy":"product_cat","embeddable":true,"href":"https:\/\/ortopediagot.net\/Inicio\/wp-json\/wp\/v2\/product_cat?post=3132"},{"taxonomy":"product_tag","embeddable":true,"href":"https:\/\/ortopediagot.net\/Inicio\/wp-json\/wp\/v2\/product_tag?post=3132"}],"curies":[{"name":"wp","href":"https:\/\/api.w.org\/{rel}","templated":true}]}}