{"id":3139,"date":"2024-06-07T13:59:26","date_gmt":"2024-06-07T12:59:26","guid":{"rendered":"https:\/\/ortopediagot.net\/?post_type=product&#038;p=3139"},"modified":"2024-06-07T13:59:27","modified_gmt":"2024-06-07T12:59:27","slug":"cortador-de-comprimidos","status":"publish","type":"product","link":"https:\/\/ortopediagot.net\/Inicio\/producto\/cortador-de-comprimidos\/","title":{"rendered":"CORTADOR DE COMPRIMIDOS"},"content":{"rendered":"<p>CORTADOR DE COMPRIMIDOS (817140)<\/p>\n<div class=\"tsf-campo-acf-titulo tsf-campo-acf-titulo-caracteristicas tsf_campo-acf tsf_caracteristicas\"><strong>Caracter\u00edsticas<\/strong><\/div>\n<div><\/div>\n<div class=\"tsf-campo-acf-valores tsf-campo-acf-valores-caracteristicas tsf_campo-acf tsf_caracteristicas\">Nuestro cortador de tabletas corta todos los tama\u00f1os y formas de tabletas de forma segura y perfecta.<br \/>\nGracias a su sistema \u00fanico, las pastillas se centran autom\u00e1ticamente.<br \/>\nEquipado con un compartimento para guardar las pastillas. Dimensiones: 9 x 4,2 x 2,3 cm. Peso 25 gr.<\/div>\n","protected":false},"excerpt":{"rendered":"<p>CORTADOR DE COMPRIMIDOS (817140) Caracter\u00edsticas Nuestro cortador de tabletas corta todos los tama\u00f1os y formas de tabletas de forma segura y perfecta. Gracias a su sistema \u00fanico, las pastillas se centran autom\u00e1ticamente. Equipado con un compartimento para guardar las pastillas. Dimensiones: 9 x 4,2 x 2,3 cm. Peso 25 gr.<\/p>\n","protected":false},"featured_media":3140,"comment_status":"open","ping_status":"closed","template":"","meta":{"saved_in_kubio":false},"product_brand":[],"product_cat":[80],"product_tag":[118],"class_list":{"0":"post-3139","1":"product","2":"type-product","3":"status-publish","4":"has-post-thumbnail","6":"product_cat-toma-de-medicamentos","7":"product_tag-emo","9":"first","10":"instock","11":"shipping-taxable","12":"product-type-simple"},"_links":{"self":[{"href":"https:\/\/ortopediagot.net\/Inicio\/wp-json\/wp\/v2\/product\/3139"}],"collection":[{"href":"https:\/\/ortopediagot.net\/Inicio\/wp-json\/wp\/v2\/product"}],"about":[{"href":"https:\/\/ortopediagot.net\/Inicio\/wp-json\/wp\/v2\/types\/product"}],"replies":[{"embeddable":true,"href":"https:\/\/ortopediagot.net\/Inicio\/wp-json\/wp\/v2\/comments?post=3139"}],"wp:featuredmedia":[{"embeddable":true,"href":"https:\/\/ortopediagot.net\/Inicio\/wp-json\/wp\/v2\/media\/3140"}],"wp:attachment":[{"href":"https:\/\/ortopediagot.net\/Inicio\/wp-json\/wp\/v2\/media?parent=3139"}],"wp:term":[{"taxonomy":"product_brand","embeddable":true,"href":"https:\/\/ortopediagot.net\/Inicio\/wp-json\/wp\/v2\/product_brand?post=3139"},{"taxonomy":"product_cat","embeddable":true,"href":"https:\/\/ortopediagot.net\/Inicio\/wp-json\/wp\/v2\/product_cat?post=3139"},{"taxonomy":"product_tag","embeddable":true,"href":"https:\/\/ortopediagot.net\/Inicio\/wp-json\/wp\/v2\/product_tag?post=3139"}],"curies":[{"name":"wp","href":"https:\/\/api.w.org\/{rel}","templated":true}]}}