{"id":3154,"date":"2024-06-10T09:17:37","date_gmt":"2024-06-10T08:17:37","guid":{"rendered":"https:\/\/ortopediagot.net\/?post_type=product&#038;p=3154"},"modified":"2024-06-10T09:17:37","modified_gmt":"2024-06-10T08:17:37","slug":"pastillero-semanal-evolution","status":"publish","type":"product","link":"https:\/\/ortopediagot.net\/Inicio\/producto\/pastillero-semanal-evolution\/","title":{"rendered":"PASTILLERO SEMANAL EVOLUTION"},"content":{"rendered":"<p>PASTILLERO SEMANAL EVOLUTION<\/p>\n<div class=\"tsf-campo-acf-titulo tsf-campo-acf-titulo-caracteristicas tsf_campo-acf tsf_caracteristicas\"><strong>Caracter\u00edsticas<\/strong><\/div>\n<div><\/div>\n<div class=\"tsf-campo-acf-valores tsf-campo-acf-valores-caracteristicas tsf_campo-acf tsf_caracteristicas\">Nuestro pastillero semanal Evolution tiene una bolsa cosida de alta calidad, cerrada con una presi\u00f3n muy pr\u00e1ctica para el uso diario. Est\u00e1 compuesto por 7 grandes compartimentos de diferentes colores e identificados por el nombre del d\u00eda, separados en 4 espacios para diferenciar las comidas del d\u00eda.<br \/>\nPieza deslizante transparente para la toma de medicamentos.<br \/>\nSe mete en tu bolso y te sigue a todas partes.<br \/>\nDimensiones totales: 13 x 11 x 5 cm.<br \/>\nDimensiones de un compartimento: 11 x 3,6 x 1,9 cm.<\/div>\n","protected":false},"excerpt":{"rendered":"<p>PASTILLERO SEMANAL EVOLUTION Caracter\u00edsticas Nuestro pastillero semanal Evolution tiene una bolsa cosida de alta calidad, cerrada con una presi\u00f3n muy pr\u00e1ctica para el uso diario. Est\u00e1 compuesto por 7 grandes compartimentos de diferentes colores e identificados por el nombre del d\u00eda, separados en 4 espacios para diferenciar las comidas del d\u00eda. Pieza deslizante transparente para [&hellip;]<\/p>\n","protected":false},"featured_media":3155,"comment_status":"open","ping_status":"closed","template":"","meta":{"saved_in_kubio":false},"product_brand":[],"product_cat":[80],"product_tag":[118],"class_list":{"0":"post-3154","1":"product","2":"type-product","3":"status-publish","4":"has-post-thumbnail","6":"product_cat-toma-de-medicamentos","7":"product_tag-emo","9":"first","10":"instock","11":"shipping-taxable","12":"product-type-simple"},"_links":{"self":[{"href":"https:\/\/ortopediagot.net\/Inicio\/wp-json\/wp\/v2\/product\/3154"}],"collection":[{"href":"https:\/\/ortopediagot.net\/Inicio\/wp-json\/wp\/v2\/product"}],"about":[{"href":"https:\/\/ortopediagot.net\/Inicio\/wp-json\/wp\/v2\/types\/product"}],"replies":[{"embeddable":true,"href":"https:\/\/ortopediagot.net\/Inicio\/wp-json\/wp\/v2\/comments?post=3154"}],"wp:featuredmedia":[{"embeddable":true,"href":"https:\/\/ortopediagot.net\/Inicio\/wp-json\/wp\/v2\/media\/3155"}],"wp:attachment":[{"href":"https:\/\/ortopediagot.net\/Inicio\/wp-json\/wp\/v2\/media?parent=3154"}],"wp:term":[{"taxonomy":"product_brand","embeddable":true,"href":"https:\/\/ortopediagot.net\/Inicio\/wp-json\/wp\/v2\/product_brand?post=3154"},{"taxonomy":"product_cat","embeddable":true,"href":"https:\/\/ortopediagot.net\/Inicio\/wp-json\/wp\/v2\/product_cat?post=3154"},{"taxonomy":"product_tag","embeddable":true,"href":"https:\/\/ortopediagot.net\/Inicio\/wp-json\/wp\/v2\/product_tag?post=3154"}],"curies":[{"name":"wp","href":"https:\/\/api.w.org\/{rel}","templated":true}]}}