{"id":3159,"date":"2024-06-10T09:19:18","date_gmt":"2024-06-10T08:19:18","guid":{"rendered":"https:\/\/ortopediagot.net\/?post_type=product&#038;p=3159"},"modified":"2024-06-10T09:19:19","modified_gmt":"2024-06-10T08:19:19","slug":"pastillero-semanal-pop","status":"publish","type":"product","link":"https:\/\/ortopediagot.net\/Inicio\/producto\/pastillero-semanal-pop\/","title":{"rendered":"PASTILLERO SEMANAL POP"},"content":{"rendered":"<p>PASTILLERO SEMANAL POP (817275)<\/p>\n<div class=\"tsf-campo-acf-titulo tsf-campo-acf-titulo-caracteristicas tsf_campo-acf tsf_caracteristicas\"><strong>Caracter\u00edsticas<\/strong><\/div>\n<div><\/div>\n<div class=\"tsf-campo-acf-valores tsf-campo-acf-valores-caracteristicas tsf_campo-acf tsf_caracteristicas\">Nuestro pastillero Pop permite un acceso muy f\u00e1cil a cada compartimento gracias a su sistema de muelles.<br \/>\nLa caja transparente se compone de 7 compartimentos de colores para cada d\u00eda de la semana.<br \/>\nCada uno de los compartimentos est\u00e1 dividido en 4 espacios para diferenciar las comidas del d\u00eda.<br \/>\nDimensiones totales: 20 x 11 x 4 cm.<br \/>\nDimensiones de un compartimento: 9 x 2,7 x 2,7 cm.<\/div>\n","protected":false},"excerpt":{"rendered":"<p>PASTILLERO SEMANAL POP (817275) Caracter\u00edsticas Nuestro pastillero Pop permite un acceso muy f\u00e1cil a cada compartimento gracias a su sistema de muelles. La caja transparente se compone de 7 compartimentos de colores para cada d\u00eda de la semana. Cada uno de los compartimentos est\u00e1 dividido en 4 espacios para diferenciar las comidas del d\u00eda. Dimensiones [&hellip;]<\/p>\n","protected":false},"featured_media":3160,"comment_status":"open","ping_status":"closed","template":"","meta":{"saved_in_kubio":false},"product_brand":[],"product_cat":[80],"product_tag":[118],"class_list":{"0":"post-3159","1":"product","2":"type-product","3":"status-publish","4":"has-post-thumbnail","6":"product_cat-toma-de-medicamentos","7":"product_tag-emo","9":"first","10":"instock","11":"shipping-taxable","12":"product-type-simple"},"_links":{"self":[{"href":"https:\/\/ortopediagot.net\/Inicio\/wp-json\/wp\/v2\/product\/3159"}],"collection":[{"href":"https:\/\/ortopediagot.net\/Inicio\/wp-json\/wp\/v2\/product"}],"about":[{"href":"https:\/\/ortopediagot.net\/Inicio\/wp-json\/wp\/v2\/types\/product"}],"replies":[{"embeddable":true,"href":"https:\/\/ortopediagot.net\/Inicio\/wp-json\/wp\/v2\/comments?post=3159"}],"wp:featuredmedia":[{"embeddable":true,"href":"https:\/\/ortopediagot.net\/Inicio\/wp-json\/wp\/v2\/media\/3160"}],"wp:attachment":[{"href":"https:\/\/ortopediagot.net\/Inicio\/wp-json\/wp\/v2\/media?parent=3159"}],"wp:term":[{"taxonomy":"product_brand","embeddable":true,"href":"https:\/\/ortopediagot.net\/Inicio\/wp-json\/wp\/v2\/product_brand?post=3159"},{"taxonomy":"product_cat","embeddable":true,"href":"https:\/\/ortopediagot.net\/Inicio\/wp-json\/wp\/v2\/product_cat?post=3159"},{"taxonomy":"product_tag","embeddable":true,"href":"https:\/\/ortopediagot.net\/Inicio\/wp-json\/wp\/v2\/product_tag?post=3159"}],"curies":[{"name":"wp","href":"https:\/\/api.w.org\/{rel}","templated":true}]}}