{"id":3163,"date":"2024-06-10T09:20:50","date_gmt":"2024-06-10T08:20:50","guid":{"rendered":"https:\/\/ortopediagot.net\/?post_type=product&#038;p=3163"},"modified":"2024-06-10T09:20:51","modified_gmt":"2024-06-10T08:20:51","slug":"pastillero-classic","status":"publish","type":"product","link":"https:\/\/ortopediagot.net\/Inicio\/producto\/pastillero-classic\/","title":{"rendered":"PASTILLERO CLASSIC"},"content":{"rendered":"<p>PASTILLERO CLASSIC (817238)<\/p>\n<div class=\"tsf-campo-acf-titulo tsf-campo-acf-titulo-caracteristicas tsf_campo-acf tsf_caracteristicas\"><strong>Caracteristicas<\/strong><\/div>\n<div><\/div>\n<div class=\"tsf-campo-acf-valores tsf-campo-acf-valores-caracteristicas tsf_campo-acf tsf_caracteristicas\">Gracias a su exclusivo sistema de pulsadores, el Pilbox distribuye sus comprimidos con una simple presi\u00f3n sobre la caja correspondiente.<br \/>\nEs f\u00e1cil de llenar y le permite clasificar r\u00e1pidamente su medicamento para una semana completa.<br \/>\nAdaptado a personas con discapacidad visual gracias a las se\u00f1ales sensoriales.<br \/>\nPastillero 28 cajas dimensiones : Largo. 21 x ancho 11,8 x alto 1,6 cm.<br \/>\nDimensiones del compartimento 1,7 x 1,9 x 1,6 cm.<br \/>\nSe entrega con la tarjeta del paciente.<\/div>\n","protected":false},"excerpt":{"rendered":"<p>PASTILLERO CLASSIC (817238) Caracteristicas Gracias a su exclusivo sistema de pulsadores, el Pilbox distribuye sus comprimidos con una simple presi\u00f3n sobre la caja correspondiente. Es f\u00e1cil de llenar y le permite clasificar r\u00e1pidamente su medicamento para una semana completa. Adaptado a personas con discapacidad visual gracias a las se\u00f1ales sensoriales. Pastillero 28 cajas dimensiones : [&hellip;]<\/p>\n","protected":false},"featured_media":3164,"comment_status":"open","ping_status":"closed","template":"","meta":{"saved_in_kubio":false},"product_brand":[],"product_cat":[80],"product_tag":[118],"class_list":{"0":"post-3163","1":"product","2":"type-product","3":"status-publish","4":"has-post-thumbnail","6":"product_cat-toma-de-medicamentos","7":"product_tag-emo","9":"first","10":"instock","11":"shipping-taxable","12":"product-type-simple"},"_links":{"self":[{"href":"https:\/\/ortopediagot.net\/Inicio\/wp-json\/wp\/v2\/product\/3163"}],"collection":[{"href":"https:\/\/ortopediagot.net\/Inicio\/wp-json\/wp\/v2\/product"}],"about":[{"href":"https:\/\/ortopediagot.net\/Inicio\/wp-json\/wp\/v2\/types\/product"}],"replies":[{"embeddable":true,"href":"https:\/\/ortopediagot.net\/Inicio\/wp-json\/wp\/v2\/comments?post=3163"}],"wp:featuredmedia":[{"embeddable":true,"href":"https:\/\/ortopediagot.net\/Inicio\/wp-json\/wp\/v2\/media\/3164"}],"wp:attachment":[{"href":"https:\/\/ortopediagot.net\/Inicio\/wp-json\/wp\/v2\/media?parent=3163"}],"wp:term":[{"taxonomy":"product_brand","embeddable":true,"href":"https:\/\/ortopediagot.net\/Inicio\/wp-json\/wp\/v2\/product_brand?post=3163"},{"taxonomy":"product_cat","embeddable":true,"href":"https:\/\/ortopediagot.net\/Inicio\/wp-json\/wp\/v2\/product_cat?post=3163"},{"taxonomy":"product_tag","embeddable":true,"href":"https:\/\/ortopediagot.net\/Inicio\/wp-json\/wp\/v2\/product_tag?post=3163"}],"curies":[{"name":"wp","href":"https:\/\/api.w.org\/{rel}","templated":true}]}}