{"id":3166,"date":"2024-06-10T09:22:55","date_gmt":"2024-06-10T08:22:55","guid":{"rendered":"https:\/\/ortopediagot.net\/?post_type=product&#038;p=3166"},"modified":"2024-06-10T09:22:56","modified_gmt":"2024-06-10T08:22:56","slug":"pastillero-7-4","status":"publish","type":"product","link":"https:\/\/ortopediagot.net\/Inicio\/producto\/pastillero-7-4\/","title":{"rendered":"PASTILLERO 7.4"},"content":{"rendered":"<p>PASTILLERO 7.4 (817239, 817260)<\/p>\n<div class=\"tsf-campo-acf-titulo tsf-campo-acf-titulo-caracteristicas tsf_campo-acf tsf_caracteristicas\"><strong>Caracter\u00edsticas<\/strong><\/div>\n<div><\/div>\n<div class=\"tsf-campo-acf-valores tsf-campo-acf-valores-caracteristicas tsf_campo-acf tsf_caracteristicas\">Carcasa de clip r\u00edgida ideal para personas m\u00f3viles.<br \/>\nDispone de un espacio de almacenamiento sencillo y claro, con 7 m\u00f3dulos de almacenamiento cada uno con 4 compartimentos.<br \/>\nCada caja puede contener hasta 15 c\u00e1psulas de tama\u00f1o est\u00e1ndar.Dimensiones de la caja: 16 x 13 x 4,5 cm.<br \/>\nDimensiones del m\u00f3dulo: 13 x 4 x 2 cm.<br \/>\nDimensiones del compartimento: 3 x 4 x 2 cm.<\/div>\n<div class=\"tsf-campo-acf-titulo tsf-campo-acf-titulo-pa_tallas tsf_campo-acf tsf_pa_tallas\"><\/div>\n<div><strong>Tallas<\/strong><\/div>\n<div><\/div>\n<div class=\"tsf-campo-acf-valores tsf-campo-acf-valores-pa_tallas tsf_campo-acf tsf_pa_tallas\">HEXAGONAL, NORMAL<\/div>\n","protected":false},"excerpt":{"rendered":"<p>PASTILLERO 7.4 (817239, 817260) Caracter\u00edsticas Carcasa de clip r\u00edgida ideal para personas m\u00f3viles. Dispone de un espacio de almacenamiento sencillo y claro, con 7 m\u00f3dulos de almacenamiento cada uno con 4 compartimentos. Cada caja puede contener hasta 15 c\u00e1psulas de tama\u00f1o est\u00e1ndar.Dimensiones de la caja: 16 x 13 x 4,5 cm. Dimensiones del m\u00f3dulo: 13 [&hellip;]<\/p>\n","protected":false},"featured_media":3167,"comment_status":"open","ping_status":"closed","template":"","meta":{"saved_in_kubio":false},"product_brand":[],"product_cat":[80],"product_tag":[118],"class_list":{"0":"post-3166","1":"product","2":"type-product","3":"status-publish","4":"has-post-thumbnail","6":"product_cat-toma-de-medicamentos","7":"product_tag-emo","9":"first","10":"instock","11":"shipping-taxable","12":"product-type-simple"},"_links":{"self":[{"href":"https:\/\/ortopediagot.net\/Inicio\/wp-json\/wp\/v2\/product\/3166"}],"collection":[{"href":"https:\/\/ortopediagot.net\/Inicio\/wp-json\/wp\/v2\/product"}],"about":[{"href":"https:\/\/ortopediagot.net\/Inicio\/wp-json\/wp\/v2\/types\/product"}],"replies":[{"embeddable":true,"href":"https:\/\/ortopediagot.net\/Inicio\/wp-json\/wp\/v2\/comments?post=3166"}],"wp:featuredmedia":[{"embeddable":true,"href":"https:\/\/ortopediagot.net\/Inicio\/wp-json\/wp\/v2\/media\/3167"}],"wp:attachment":[{"href":"https:\/\/ortopediagot.net\/Inicio\/wp-json\/wp\/v2\/media?parent=3166"}],"wp:term":[{"taxonomy":"product_brand","embeddable":true,"href":"https:\/\/ortopediagot.net\/Inicio\/wp-json\/wp\/v2\/product_brand?post=3166"},{"taxonomy":"product_cat","embeddable":true,"href":"https:\/\/ortopediagot.net\/Inicio\/wp-json\/wp\/v2\/product_cat?post=3166"},{"taxonomy":"product_tag","embeddable":true,"href":"https:\/\/ortopediagot.net\/Inicio\/wp-json\/wp\/v2\/product_tag?post=3166"}],"curies":[{"name":"wp","href":"https:\/\/api.w.org\/{rel}","templated":true}]}}