{"id":3183,"date":"2024-06-10T09:33:18","date_gmt":"2024-06-10T08:33:18","guid":{"rendered":"https:\/\/ortopediagot.net\/?post_type=product&#038;p=3183"},"modified":"2024-06-10T09:33:18","modified_gmt":"2024-06-10T08:33:18","slug":"pastillero-liberty","status":"publish","type":"product","link":"https:\/\/ortopediagot.net\/Inicio\/producto\/pastillero-liberty\/","title":{"rendered":"PASTILLERO LIBERTY"},"content":{"rendered":"<p>PASTILLERO LIBERTY (817251.CHOC, 817251.CAMEL)<\/p>\n<div class=\"tsf-campo-acf-titulo tsf-campo-acf-titulo-caracteristicas tsf_campo-acf tsf_caracteristicas\"><strong>Caracter\u00edsticas<\/strong><\/div>\n<div><\/div>\n<div class=\"tsf-campo-acf-valores tsf-campo-acf-valores-caracteristicas tsf_campo-acf tsf_caracteristicas\">Pastillero semanal.<br \/>\nDise\u00f1o muy discreto.<br \/>\n7 m\u00f3dulos.<br \/>\nDimensiones: 15,3 x 11,3 x 3 cm.<\/div>\n<div class=\"tsf-campo-acf-valores tsf-campo-acf-valores-pa_colores tsf_campo-acf tsf_pa_colores\"><\/div>\n<div class=\"tsf-campo-acf-valores tsf-campo-acf-valores-outlet_articulos_disponibles tsf_campo-acf tsf_outlet_articulos_disponibles\"><strong>Color<\/strong><\/div>\n<div class=\"tsf-campo-acf-valores tsf-campo-acf-valores-outlet_articulos_disponibles tsf_campo-acf tsf_outlet_articulos_disponibles\">\n<div class=\"tsf-campo-acf-valores tsf-campo-acf-valores-pa_colores tsf_campo-acf tsf_pa_colores\">CAMEL, CHOCOLATE, VERDE OLIVA<\/div>\n<\/div>\n","protected":false},"excerpt":{"rendered":"<p>PASTILLERO LIBERTY (817251.CHOC, 817251.CAMEL) Caracter\u00edsticas Pastillero semanal. Dise\u00f1o muy discreto. 7 m\u00f3dulos. Dimensiones: 15,3 x 11,3 x 3 cm. Color CAMEL, CHOCOLATE, VERDE OLIVA<\/p>\n","protected":false},"featured_media":3184,"comment_status":"open","ping_status":"closed","template":"","meta":{"saved_in_kubio":false},"product_brand":[],"product_cat":[80],"product_tag":[118],"class_list":{"0":"post-3183","1":"product","2":"type-product","3":"status-publish","4":"has-post-thumbnail","6":"product_cat-toma-de-medicamentos","7":"product_tag-emo","9":"first","10":"instock","11":"shipping-taxable","12":"product-type-simple"},"_links":{"self":[{"href":"https:\/\/ortopediagot.net\/Inicio\/wp-json\/wp\/v2\/product\/3183"}],"collection":[{"href":"https:\/\/ortopediagot.net\/Inicio\/wp-json\/wp\/v2\/product"}],"about":[{"href":"https:\/\/ortopediagot.net\/Inicio\/wp-json\/wp\/v2\/types\/product"}],"replies":[{"embeddable":true,"href":"https:\/\/ortopediagot.net\/Inicio\/wp-json\/wp\/v2\/comments?post=3183"}],"wp:featuredmedia":[{"embeddable":true,"href":"https:\/\/ortopediagot.net\/Inicio\/wp-json\/wp\/v2\/media\/3184"}],"wp:attachment":[{"href":"https:\/\/ortopediagot.net\/Inicio\/wp-json\/wp\/v2\/media?parent=3183"}],"wp:term":[{"taxonomy":"product_brand","embeddable":true,"href":"https:\/\/ortopediagot.net\/Inicio\/wp-json\/wp\/v2\/product_brand?post=3183"},{"taxonomy":"product_cat","embeddable":true,"href":"https:\/\/ortopediagot.net\/Inicio\/wp-json\/wp\/v2\/product_cat?post=3183"},{"taxonomy":"product_tag","embeddable":true,"href":"https:\/\/ortopediagot.net\/Inicio\/wp-json\/wp\/v2\/product_tag?post=3183"}],"curies":[{"name":"wp","href":"https:\/\/api.w.org\/{rel}","templated":true}]}}