{"id":3188,"date":"2024-06-10T09:34:48","date_gmt":"2024-06-10T08:34:48","guid":{"rendered":"https:\/\/ortopediagot.net\/?post_type=product&#038;p=3188"},"modified":"2024-06-10T09:34:49","modified_gmt":"2024-06-10T08:34:49","slug":"pastillero-tempo","status":"publish","type":"product","link":"https:\/\/ortopediagot.net\/Inicio\/producto\/pastillero-tempo\/","title":{"rendered":"PASTILLERO TEMPO"},"content":{"rendered":"<p>PASTILLERO TEMPO (817289.TURQUOISE, 817289.VERT)<\/p>\n<div class=\"tsf-campo-acf-titulo tsf-campo-acf-titulo-caracteristicas tsf_campo-acf tsf_caracteristicas\"><strong>Caracter\u00edsticas<\/strong><\/div>\n<div><\/div>\n<div class=\"tsf-campo-acf-valores tsf-campo-acf-valores-caracteristicas tsf_campo-acf tsf_caracteristicas\">Este pastillero le permite gestionar una semana entera con 1 dosis al d\u00eda.<br \/>\nCompartimento muy pr\u00e1ctico para abrir, simplemente presionando.<br \/>\nCierre seguro.<br \/>\nF\u00e1cil control de agarre gracias al fondo transparente.<br \/>\nDimensiones totales: 13 x 5,5 x 2 cm.<br \/>\nDimensiones de un compartimento: 4,2 x 1,5 x 1,4 cm.<br \/>\nDisponible en verde o turquesa.<\/div>\n<div class=\"tsf-campo-acf-titulo tsf-campo-acf-titulo-pa_colores tsf_campo-acf tsf_pa_colores\"><\/div>\n<div><strong>Color<\/strong><\/div>\n<div><\/div>\n<div class=\"tsf-campo-acf-valores tsf-campo-acf-valores-pa_colores tsf_campo-acf tsf_pa_colores\">TURQUESA, VERDE<\/div>\n","protected":false},"excerpt":{"rendered":"<p>PASTILLERO TEMPO (817289.TURQUOISE, 817289.VERT) Caracter\u00edsticas Este pastillero le permite gestionar una semana entera con 1 dosis al d\u00eda. Compartimento muy pr\u00e1ctico para abrir, simplemente presionando. Cierre seguro. F\u00e1cil control de agarre gracias al fondo transparente. Dimensiones totales: 13 x 5,5 x 2 cm. Dimensiones de un compartimento: 4,2 x 1,5 x 1,4 cm. Disponible en [&hellip;]<\/p>\n","protected":false},"featured_media":3189,"comment_status":"open","ping_status":"closed","template":"","meta":{"saved_in_kubio":false},"product_brand":[],"product_cat":[80],"product_tag":[118],"class_list":{"0":"post-3188","1":"product","2":"type-product","3":"status-publish","4":"has-post-thumbnail","6":"product_cat-toma-de-medicamentos","7":"product_tag-emo","9":"first","10":"instock","11":"shipping-taxable","12":"product-type-simple"},"_links":{"self":[{"href":"https:\/\/ortopediagot.net\/Inicio\/wp-json\/wp\/v2\/product\/3188"}],"collection":[{"href":"https:\/\/ortopediagot.net\/Inicio\/wp-json\/wp\/v2\/product"}],"about":[{"href":"https:\/\/ortopediagot.net\/Inicio\/wp-json\/wp\/v2\/types\/product"}],"replies":[{"embeddable":true,"href":"https:\/\/ortopediagot.net\/Inicio\/wp-json\/wp\/v2\/comments?post=3188"}],"wp:featuredmedia":[{"embeddable":true,"href":"https:\/\/ortopediagot.net\/Inicio\/wp-json\/wp\/v2\/media\/3189"}],"wp:attachment":[{"href":"https:\/\/ortopediagot.net\/Inicio\/wp-json\/wp\/v2\/media?parent=3188"}],"wp:term":[{"taxonomy":"product_brand","embeddable":true,"href":"https:\/\/ortopediagot.net\/Inicio\/wp-json\/wp\/v2\/product_brand?post=3188"},{"taxonomy":"product_cat","embeddable":true,"href":"https:\/\/ortopediagot.net\/Inicio\/wp-json\/wp\/v2\/product_cat?post=3188"},{"taxonomy":"product_tag","embeddable":true,"href":"https:\/\/ortopediagot.net\/Inicio\/wp-json\/wp\/v2\/product_tag?post=3188"}],"curies":[{"name":"wp","href":"https:\/\/api.w.org\/{rel}","templated":true}]}}