{"id":3201,"date":"2024-06-10T10:41:46","date_gmt":"2024-06-10T09:41:46","guid":{"rendered":"https:\/\/ortopediagot.net\/?post_type=product&#038;p=3201"},"modified":"2024-06-10T10:41:47","modified_gmt":"2024-06-10T09:41:47","slug":"entrenador-activo-pasivo-happy-legs","status":"publish","type":"product","link":"https:\/\/ortopediagot.net\/Inicio\/producto\/entrenador-activo-pasivo-happy-legs\/","title":{"rendered":"ENTRENADOR ACTIVO\/PASIVO HAPPY LEGS"},"content":{"rendered":"<p>ENTRENADOR ACTIVO\/PASIVO HAPPY LEGS (535004)<\/p>\n<div class=\"tsf-campo-acf-titulo tsf-campo-acf-titulo-caracteristicas tsf_campo-acf tsf_caracteristicas\"><strong>Caracter\u00edsticas<\/strong><\/div>\n<div><\/div>\n<div class=\"tsf-campo-acf-valores tsf-campo-acf-valores-caracteristicas tsf_campo-acf tsf_caracteristicas\">Este dispositivo el\u00e9ctrico permite el uso simult\u00e1neo de piernas y brazos.<br \/>\nEs completo porque permite la pedalada asistida o el uso manual hacia adelante o hacia atr\u00e1s.<br \/>\nUso independiente de brazos y piernas muy pr\u00e1ctico.<br \/>\nPanel de control con 4 pantallas simult\u00e1neas.<br \/>\n12 niveles de velocidad.<br \/>\nLa funci\u00f3n manual se puede utilizar sin necesidad de encender el equipo.<br \/>\nSe conecta a la red el\u00e9ctrica.<br \/>\nDimensiones: Ancho 63 x Profundidad 73 x Alto 73 x Ancho 100 cm.<br \/>\nPeso 16 kg.<\/div>\n","protected":false},"excerpt":{"rendered":"<p>ENTRENADOR ACTIVO\/PASIVO HAPPY LEGS (535004) Caracter\u00edsticas Este dispositivo el\u00e9ctrico permite el uso simult\u00e1neo de piernas y brazos. Es completo porque permite la pedalada asistida o el uso manual hacia adelante o hacia atr\u00e1s. Uso independiente de brazos y piernas muy pr\u00e1ctico. Panel de control con 4 pantallas simult\u00e1neas. 12 niveles de velocidad. La funci\u00f3n manual [&hellip;]<\/p>\n","protected":false},"featured_media":3202,"comment_status":"open","ping_status":"closed","template":"","meta":{"saved_in_kubio":false},"product_brand":[],"product_cat":[81],"product_tag":[118],"class_list":{"0":"post-3201","1":"product","2":"type-product","3":"status-publish","4":"has-post-thumbnail","6":"product_cat-ejercicio-en-casa","7":"product_tag-emo","9":"first","10":"instock","11":"shipping-taxable","12":"product-type-simple"},"_links":{"self":[{"href":"https:\/\/ortopediagot.net\/Inicio\/wp-json\/wp\/v2\/product\/3201"}],"collection":[{"href":"https:\/\/ortopediagot.net\/Inicio\/wp-json\/wp\/v2\/product"}],"about":[{"href":"https:\/\/ortopediagot.net\/Inicio\/wp-json\/wp\/v2\/types\/product"}],"replies":[{"embeddable":true,"href":"https:\/\/ortopediagot.net\/Inicio\/wp-json\/wp\/v2\/comments?post=3201"}],"wp:featuredmedia":[{"embeddable":true,"href":"https:\/\/ortopediagot.net\/Inicio\/wp-json\/wp\/v2\/media\/3202"}],"wp:attachment":[{"href":"https:\/\/ortopediagot.net\/Inicio\/wp-json\/wp\/v2\/media?parent=3201"}],"wp:term":[{"taxonomy":"product_brand","embeddable":true,"href":"https:\/\/ortopediagot.net\/Inicio\/wp-json\/wp\/v2\/product_brand?post=3201"},{"taxonomy":"product_cat","embeddable":true,"href":"https:\/\/ortopediagot.net\/Inicio\/wp-json\/wp\/v2\/product_cat?post=3201"},{"taxonomy":"product_tag","embeddable":true,"href":"https:\/\/ortopediagot.net\/Inicio\/wp-json\/wp\/v2\/product_tag?post=3201"}],"curies":[{"name":"wp","href":"https:\/\/api.w.org\/{rel}","templated":true}]}}