{"id":3208,"date":"2024-06-10T10:51:12","date_gmt":"2024-06-10T09:51:12","guid":{"rendered":"https:\/\/ortopediagot.net\/?post_type=product&#038;p=3208"},"modified":"2024-06-10T10:51:13","modified_gmt":"2024-06-10T09:51:13","slug":"entrenador-pasivo","status":"publish","type":"product","link":"https:\/\/ortopediagot.net\/Inicio\/producto\/entrenador-pasivo\/","title":{"rendered":"ENTRENADOR PASIVO"},"content":{"rendered":"<p>ENTRENADOR PASIVO (535045)<\/p>\n<div class=\"tsf-campo-acf-titulo tsf-campo-acf-titulo-caracteristicas tsf_campo-acf tsf_caracteristicas\"><strong>Caracter\u00edsticas<\/strong><\/div>\n<div><\/div>\n<div class=\"tsf-campo-acf-valores tsf-campo-acf-valores-caracteristicas tsf_campo-acf tsf_caracteristicas\">Nuestro entrenador pasivo le permite lograr la movilizaci\u00f3n muscular entrenando el pedaleo autom\u00e1tico.<br \/>\nMovimiento suave y lineal ideal para personas en silla de ruedas o fr\u00e1giles.<br \/>\nViene con un par de pedales anchos con correas y un par de asas para el uso de los miembros superiores.<br \/>\nDimensiones: 50 x 46 x 38 cm.<br \/>\nPeso 8 kg.<br \/>\nPotencia 60W.<\/div>\n","protected":false},"excerpt":{"rendered":"<p>ENTRENADOR PASIVO (535045) Caracter\u00edsticas Nuestro entrenador pasivo le permite lograr la movilizaci\u00f3n muscular entrenando el pedaleo autom\u00e1tico. Movimiento suave y lineal ideal para personas en silla de ruedas o fr\u00e1giles. Viene con un par de pedales anchos con correas y un par de asas para el uso de los miembros superiores. Dimensiones: 50 x 46 [&hellip;]<\/p>\n","protected":false},"featured_media":3209,"comment_status":"open","ping_status":"closed","template":"","meta":{"saved_in_kubio":false},"product_brand":[],"product_cat":[81],"product_tag":[118],"class_list":{"0":"post-3208","1":"product","2":"type-product","3":"status-publish","4":"has-post-thumbnail","6":"product_cat-ejercicio-en-casa","7":"product_tag-emo","9":"first","10":"instock","11":"shipping-taxable","12":"product-type-simple"},"_links":{"self":[{"href":"https:\/\/ortopediagot.net\/Inicio\/wp-json\/wp\/v2\/product\/3208"}],"collection":[{"href":"https:\/\/ortopediagot.net\/Inicio\/wp-json\/wp\/v2\/product"}],"about":[{"href":"https:\/\/ortopediagot.net\/Inicio\/wp-json\/wp\/v2\/types\/product"}],"replies":[{"embeddable":true,"href":"https:\/\/ortopediagot.net\/Inicio\/wp-json\/wp\/v2\/comments?post=3208"}],"wp:featuredmedia":[{"embeddable":true,"href":"https:\/\/ortopediagot.net\/Inicio\/wp-json\/wp\/v2\/media\/3209"}],"wp:attachment":[{"href":"https:\/\/ortopediagot.net\/Inicio\/wp-json\/wp\/v2\/media?parent=3208"}],"wp:term":[{"taxonomy":"product_brand","embeddable":true,"href":"https:\/\/ortopediagot.net\/Inicio\/wp-json\/wp\/v2\/product_brand?post=3208"},{"taxonomy":"product_cat","embeddable":true,"href":"https:\/\/ortopediagot.net\/Inicio\/wp-json\/wp\/v2\/product_cat?post=3208"},{"taxonomy":"product_tag","embeddable":true,"href":"https:\/\/ortopediagot.net\/Inicio\/wp-json\/wp\/v2\/product_tag?post=3208"}],"curies":[{"name":"wp","href":"https:\/\/api.w.org\/{rel}","templated":true}]}}