{"id":3221,"date":"2024-06-10T11:09:09","date_gmt":"2024-06-10T10:09:09","guid":{"rendered":"https:\/\/ortopediagot.net\/?post_type=product&#038;p=3221"},"modified":"2024-06-10T11:09:10","modified_gmt":"2024-06-10T10:09:10","slug":"ergometro-ergos-5-care","status":"publish","type":"product","link":"https:\/\/ortopediagot.net\/Inicio\/producto\/ergometro-ergos-5-care\/","title":{"rendered":"ERG\u00d3METRO ERGOS 5 CARE"},"content":{"rendered":"<p>ERG\u00d3METRO ERGOS 5 CARE (535005)<\/p>\n<div class=\"tsf-campo-acf-titulo tsf-campo-acf-titulo-caracteristicas tsf_campo-acf tsf_caracteristicas\"><strong>Caracter\u00edsticas<\/strong><\/div>\n<div><\/div>\n<div class=\"tsf-campo-acf-valores tsf-campo-acf-valores-caracteristicas tsf_campo-acf tsf_caracteristicas\">El erg\u00f3metro Kettler E5 proporciona un pedaleo suave y regular con un rango de resistencia ajustable en pasos de 5 vatios de 25 a 400 vatios.<br \/>\nDispone de todos los ajustes r\u00e1pidos del sill\u00edn y del manillar.<br \/>\n8 programas preestablecidos incluyendo 2 HRC.<br \/>\nVolante de inercia 8 kg.<br \/>\nPantalla LCD retroiluminada.<br \/>\nMedici\u00f3n de pulso por auriculares y compatible con Polar.<br \/>\nInterfaz de PC a trav\u00e9s de USB.<br \/>\nPedales con correas pesadas.<br \/>\nRuedas de desplazamiento.<br \/>\nEscala de resistencia en vatios.<br \/>\nUmbral de cruce bajo.<br \/>\nDimensiones : Largo 115 x ancho 54 x alto. 125 cm.<br \/>\nPeso 60 kg.<br \/>\nPeso m\u00e1ximo permitido 150 kg.<\/div>\n","protected":false},"excerpt":{"rendered":"<p>ERG\u00d3METRO ERGOS 5 CARE (535005) Caracter\u00edsticas El erg\u00f3metro Kettler E5 proporciona un pedaleo suave y regular con un rango de resistencia ajustable en pasos de 5 vatios de 25 a 400 vatios. Dispone de todos los ajustes r\u00e1pidos del sill\u00edn y del manillar. 8 programas preestablecidos incluyendo 2 HRC. Volante de inercia 8 kg. Pantalla [&hellip;]<\/p>\n","protected":false},"featured_media":3222,"comment_status":"open","ping_status":"closed","template":"","meta":{"saved_in_kubio":false},"product_brand":[],"product_cat":[81],"product_tag":[118],"class_list":{"0":"post-3221","1":"product","2":"type-product","3":"status-publish","4":"has-post-thumbnail","6":"product_cat-ejercicio-en-casa","7":"product_tag-emo","9":"first","10":"instock","11":"shipping-taxable","12":"product-type-simple"},"_links":{"self":[{"href":"https:\/\/ortopediagot.net\/Inicio\/wp-json\/wp\/v2\/product\/3221"}],"collection":[{"href":"https:\/\/ortopediagot.net\/Inicio\/wp-json\/wp\/v2\/product"}],"about":[{"href":"https:\/\/ortopediagot.net\/Inicio\/wp-json\/wp\/v2\/types\/product"}],"replies":[{"embeddable":true,"href":"https:\/\/ortopediagot.net\/Inicio\/wp-json\/wp\/v2\/comments?post=3221"}],"wp:featuredmedia":[{"embeddable":true,"href":"https:\/\/ortopediagot.net\/Inicio\/wp-json\/wp\/v2\/media\/3222"}],"wp:attachment":[{"href":"https:\/\/ortopediagot.net\/Inicio\/wp-json\/wp\/v2\/media?parent=3221"}],"wp:term":[{"taxonomy":"product_brand","embeddable":true,"href":"https:\/\/ortopediagot.net\/Inicio\/wp-json\/wp\/v2\/product_brand?post=3221"},{"taxonomy":"product_cat","embeddable":true,"href":"https:\/\/ortopediagot.net\/Inicio\/wp-json\/wp\/v2\/product_cat?post=3221"},{"taxonomy":"product_tag","embeddable":true,"href":"https:\/\/ortopediagot.net\/Inicio\/wp-json\/wp\/v2\/product_tag?post=3221"}],"curies":[{"name":"wp","href":"https:\/\/api.w.org\/{rel}","templated":true}]}}