{"id":3248,"date":"2024-06-10T11:26:19","date_gmt":"2024-06-10T10:26:19","guid":{"rendered":"https:\/\/ortopediagot.net\/?post_type=product&#038;p=3248"},"modified":"2024-06-10T11:26:19","modified_gmt":"2024-06-10T10:26:19","slug":"par-de-munequeras-lastradas-05-kg","status":"publish","type":"product","link":"https:\/\/ortopediagot.net\/Inicio\/producto\/par-de-munequeras-lastradas-05-kg\/","title":{"rendered":"PAR DE MU\u00d1EQUERAS LASTRADAS 0,5 KG"},"content":{"rendered":"<p>PAR DE MU\u00d1EQUERAS LASTRADAS 0,5 KG (461009, 461010)<\/p>\n<div class=\"tsf-campo-acf-titulo tsf-campo-acf-titulo-caracteristicas tsf_campo-acf tsf_caracteristicas\"><strong>Caracter\u00edsticas<\/strong><\/div>\n<div><\/div>\n<div class=\"tsf-campo-acf-valores tsf-campo-acf-valores-caracteristicas tsf_campo-acf tsf_caracteristicas\">Pulseras pesadas dise\u00f1adas para su uso en entornos acu\u00e1ticos. Los pesos de silicona y las cubiertas de malla de poliuretano se pueden lavar por separado.<br \/>\nDos pesos disponibles: 0.5 y 1 kg.<\/div>\n<div class=\"tsf-campo-acf-titulo tsf-campo-acf-titulo-pa_peso tsf_campo-acf tsf_pa_peso\"><\/div>\n<div><strong>Peso<\/strong><\/div>\n<div><\/div>\n<div class=\"tsf-campo-acf-valores tsf-campo-acf-valores-pa_peso tsf_campo-acf tsf_pa_peso\">0.5 KG, 1.0 KG<\/div>\n","protected":false},"excerpt":{"rendered":"<p>PAR DE MU\u00d1EQUERAS LASTRADAS 0,5 KG (461009, 461010) Caracter\u00edsticas Pulseras pesadas dise\u00f1adas para su uso en entornos acu\u00e1ticos. Los pesos de silicona y las cubiertas de malla de poliuretano se pueden lavar por separado. Dos pesos disponibles: 0.5 y 1 kg. Peso 0.5 KG, 1.0 KG<\/p>\n","protected":false},"featured_media":3249,"comment_status":"open","ping_status":"closed","template":"","meta":{"saved_in_kubio":false},"product_brand":[],"product_cat":[81],"product_tag":[118],"class_list":{"0":"post-3248","1":"product","2":"type-product","3":"status-publish","4":"has-post-thumbnail","6":"product_cat-ejercicio-en-casa","7":"product_tag-emo","9":"first","10":"instock","11":"shipping-taxable","12":"product-type-simple"},"_links":{"self":[{"href":"https:\/\/ortopediagot.net\/Inicio\/wp-json\/wp\/v2\/product\/3248"}],"collection":[{"href":"https:\/\/ortopediagot.net\/Inicio\/wp-json\/wp\/v2\/product"}],"about":[{"href":"https:\/\/ortopediagot.net\/Inicio\/wp-json\/wp\/v2\/types\/product"}],"replies":[{"embeddable":true,"href":"https:\/\/ortopediagot.net\/Inicio\/wp-json\/wp\/v2\/comments?post=3248"}],"wp:featuredmedia":[{"embeddable":true,"href":"https:\/\/ortopediagot.net\/Inicio\/wp-json\/wp\/v2\/media\/3249"}],"wp:attachment":[{"href":"https:\/\/ortopediagot.net\/Inicio\/wp-json\/wp\/v2\/media?parent=3248"}],"wp:term":[{"taxonomy":"product_brand","embeddable":true,"href":"https:\/\/ortopediagot.net\/Inicio\/wp-json\/wp\/v2\/product_brand?post=3248"},{"taxonomy":"product_cat","embeddable":true,"href":"https:\/\/ortopediagot.net\/Inicio\/wp-json\/wp\/v2\/product_cat?post=3248"},{"taxonomy":"product_tag","embeddable":true,"href":"https:\/\/ortopediagot.net\/Inicio\/wp-json\/wp\/v2\/product_tag?post=3248"}],"curies":[{"name":"wp","href":"https:\/\/api.w.org\/{rel}","templated":true}]}}