{"id":3255,"date":"2024-06-10T11:36:05","date_gmt":"2024-06-10T10:36:05","guid":{"rendered":"https:\/\/ortopediagot.net\/?post_type=product&#038;p=3255"},"modified":"2024-06-10T11:36:06","modified_gmt":"2024-06-10T10:36:06","slug":"maxi-elastiband","status":"publish","type":"product","link":"https:\/\/ortopediagot.net\/Inicio\/producto\/maxi-elastiband\/","title":{"rendered":"MAXI-\u00c9LASTIBAND"},"content":{"rendered":"<p>MAXI-\u00c9LASTIBAND (404063)<\/p>\n<div class=\"tsf-campo-acf-titulo tsf-campo-acf-titulo-caracteristicas tsf_campo-acf tsf_caracteristicas\"><strong>Caracter\u00edsticas<\/strong><\/div>\n<div><\/div>\n<div class=\"tsf-campo-acf-valores tsf-campo-acf-valores-caracteristicas tsf_campo-acf tsf_caracteristicas\">Una banda el\u00e1stica adaptada a los ejercicios de pies y manos.<br \/>\n5 pasos de pie\/mano de 22 cm.<br \/>\nLargo. 110 cm.<br \/>\nColor rojo.<\/div>\n","protected":false},"excerpt":{"rendered":"<p>MAXI-\u00c9LASTIBAND (404063) Caracter\u00edsticas Una banda el\u00e1stica adaptada a los ejercicios de pies y manos. 5 pasos de pie\/mano de 22 cm. Largo. 110 cm. Color rojo.<\/p>\n","protected":false},"featured_media":3256,"comment_status":"open","ping_status":"closed","template":"","meta":{"saved_in_kubio":false},"product_brand":[],"product_cat":[81],"product_tag":[118],"class_list":{"0":"post-3255","1":"product","2":"type-product","3":"status-publish","4":"has-post-thumbnail","6":"product_cat-ejercicio-en-casa","7":"product_tag-emo","9":"first","10":"instock","11":"shipping-taxable","12":"product-type-simple"},"_links":{"self":[{"href":"https:\/\/ortopediagot.net\/Inicio\/wp-json\/wp\/v2\/product\/3255"}],"collection":[{"href":"https:\/\/ortopediagot.net\/Inicio\/wp-json\/wp\/v2\/product"}],"about":[{"href":"https:\/\/ortopediagot.net\/Inicio\/wp-json\/wp\/v2\/types\/product"}],"replies":[{"embeddable":true,"href":"https:\/\/ortopediagot.net\/Inicio\/wp-json\/wp\/v2\/comments?post=3255"}],"wp:featuredmedia":[{"embeddable":true,"href":"https:\/\/ortopediagot.net\/Inicio\/wp-json\/wp\/v2\/media\/3256"}],"wp:attachment":[{"href":"https:\/\/ortopediagot.net\/Inicio\/wp-json\/wp\/v2\/media?parent=3255"}],"wp:term":[{"taxonomy":"product_brand","embeddable":true,"href":"https:\/\/ortopediagot.net\/Inicio\/wp-json\/wp\/v2\/product_brand?post=3255"},{"taxonomy":"product_cat","embeddable":true,"href":"https:\/\/ortopediagot.net\/Inicio\/wp-json\/wp\/v2\/product_cat?post=3255"},{"taxonomy":"product_tag","embeddable":true,"href":"https:\/\/ortopediagot.net\/Inicio\/wp-json\/wp\/v2\/product_tag?post=3255"}],"curies":[{"name":"wp","href":"https:\/\/api.w.org\/{rel}","templated":true}]}}