{"id":3261,"date":"2024-06-10T11:41:55","date_gmt":"2024-06-10T10:41:55","guid":{"rendered":"https:\/\/ortopediagot.net\/?post_type=product&#038;p=3261"},"modified":"2024-06-10T11:41:56","modified_gmt":"2024-06-10T10:41:56","slug":"bicicleta-telis-ems-care","status":"publish","type":"product","link":"https:\/\/ortopediagot.net\/Inicio\/producto\/bicicleta-telis-ems-care\/","title":{"rendered":"BICICLETA TELIS EMS CARE"},"content":{"rendered":"<p>BICICLETA TELIS EMS CARE (535042)<\/p>\n<div class=\"tsf-campo-acf-titulo tsf-campo-acf-titulo-caracteristicas tsf_campo-acf tsf_caracteristicas\"><strong>Caracter\u00edsticas<\/strong><\/div>\n<div><\/div>\n<div class=\"tsf-campo-acf-valores tsf-campo-acf-valores-caracteristicas tsf_campo-acf tsf_caracteristicas\">Con funci\u00f3n de erg\u00f3metro<br \/>\nTransmisi\u00f3n por correa PolyV con sistema de tensi\u00f3n permanente. Resistencia electromagn\u00e9tica con 32 niveles de dificultad. Abertura amplia para un f\u00e1cil acceso.<br \/>\nMasa de inercia 12 kg. Contador LCD de 131 x 67 mm con 24 programas, 12 de los cuales est\u00e1n preseleccionados.<br \/>\nPotencia en Watts.<br \/>\nCompatible con el cintur\u00f3n pectoral Bluetooth 4.0. Pulso tomado por los sensores t\u00e1ctiles. Portabotellas y porta-tablet o smartphone. Ruedas de desplazamiento.<br \/>\nDimensiones : Largo 93 x ancho 56 x alto 143 cm.<br \/>\nPeso 44,5 kg.<br \/>\nGarant\u00eda 5 a\u00f1os en el cuadro y 2 a\u00f1os en las piezas de desgaste.<br \/>\nPeso m\u00e1ximo usuario: 150 kg.<\/div>\n","protected":false},"excerpt":{"rendered":"<p>BICICLETA TELIS EMS CARE (535042) Caracter\u00edsticas Con funci\u00f3n de erg\u00f3metro Transmisi\u00f3n por correa PolyV con sistema de tensi\u00f3n permanente. Resistencia electromagn\u00e9tica con 32 niveles de dificultad. Abertura amplia para un f\u00e1cil acceso. Masa de inercia 12 kg. Contador LCD de 131 x 67 mm con 24 programas, 12 de los cuales est\u00e1n preseleccionados. Potencia en [&hellip;]<\/p>\n","protected":false},"featured_media":3262,"comment_status":"open","ping_status":"closed","template":"","meta":{"saved_in_kubio":false},"product_brand":[],"product_cat":[81],"product_tag":[118],"class_list":{"0":"post-3261","1":"product","2":"type-product","3":"status-publish","4":"has-post-thumbnail","6":"product_cat-ejercicio-en-casa","7":"product_tag-emo","9":"first","10":"instock","11":"shipping-taxable","12":"product-type-simple"},"_links":{"self":[{"href":"https:\/\/ortopediagot.net\/Inicio\/wp-json\/wp\/v2\/product\/3261"}],"collection":[{"href":"https:\/\/ortopediagot.net\/Inicio\/wp-json\/wp\/v2\/product"}],"about":[{"href":"https:\/\/ortopediagot.net\/Inicio\/wp-json\/wp\/v2\/types\/product"}],"replies":[{"embeddable":true,"href":"https:\/\/ortopediagot.net\/Inicio\/wp-json\/wp\/v2\/comments?post=3261"}],"wp:featuredmedia":[{"embeddable":true,"href":"https:\/\/ortopediagot.net\/Inicio\/wp-json\/wp\/v2\/media\/3262"}],"wp:attachment":[{"href":"https:\/\/ortopediagot.net\/Inicio\/wp-json\/wp\/v2\/media?parent=3261"}],"wp:term":[{"taxonomy":"product_brand","embeddable":true,"href":"https:\/\/ortopediagot.net\/Inicio\/wp-json\/wp\/v2\/product_brand?post=3261"},{"taxonomy":"product_cat","embeddable":true,"href":"https:\/\/ortopediagot.net\/Inicio\/wp-json\/wp\/v2\/product_cat?post=3261"},{"taxonomy":"product_tag","embeddable":true,"href":"https:\/\/ortopediagot.net\/Inicio\/wp-json\/wp\/v2\/product_tag?post=3261"}],"curies":[{"name":"wp","href":"https:\/\/api.w.org\/{rel}","templated":true}]}}