{"id":3263,"date":"2024-06-10T11:43:13","date_gmt":"2024-06-10T10:43:13","guid":{"rendered":"https:\/\/ortopediagot.net\/?post_type=product&#038;p=3263"},"modified":"2024-06-10T11:43:13","modified_gmt":"2024-06-10T10:43:13","slug":"entrenador-eliptico-desk-motion","status":"publish","type":"product","link":"https:\/\/ortopediagot.net\/Inicio\/producto\/entrenador-eliptico-desk-motion\/","title":{"rendered":"ENTRENADOR ELIPTICO DESK MOTION"},"content":{"rendered":"<p>ENTRENADOR ELIPTICO DESK MOTION (534004)<\/p>\n<div class=\"tsf-campo-acf-titulo tsf-campo-acf-titulo-caracteristicas tsf_campo-acf tsf_caracteristicas\"><strong>Caracter\u00edsticas<\/strong><\/div>\n<div><\/div>\n<div class=\"tsf-campo-acf-valores tsf-campo-acf-valores-caracteristicas tsf_campo-acf tsf_caracteristicas\">Pedalier el\u00edptico para gimnasia pasiva o activa<br \/>\nEl movimiento el\u00edptico facilita el movimiento de las piernas y los brazos, y mejora la circulaci\u00f3n de forma natural. Pedales antideslizantes muy amplios y c\u00f3modos. Direcci\u00f3n de uso hacia adelante o hacia atr\u00e1s. 20 niveles de velocidad (graduaci\u00f3n de 0,5 km\/h).<br \/>\niempo ajustable de 5 a 30 minutos. 5 programas manuales y 3 modos autom\u00e1ticos.<br \/>\nAlimentaci\u00f3n a la red el\u00e9ctrica.<br \/>\nCompacto con asa integrada para el transporte.<br \/>\nDimensiones: 45,7 x 35,5 x 10 cm.<br \/>\nPeso: 6,5 kg.<\/div>\n","protected":false},"excerpt":{"rendered":"<p>ENTRENADOR ELIPTICO DESK MOTION (534004) Caracter\u00edsticas Pedalier el\u00edptico para gimnasia pasiva o activa El movimiento el\u00edptico facilita el movimiento de las piernas y los brazos, y mejora la circulaci\u00f3n de forma natural. Pedales antideslizantes muy amplios y c\u00f3modos. Direcci\u00f3n de uso hacia adelante o hacia atr\u00e1s. 20 niveles de velocidad (graduaci\u00f3n de 0,5 km\/h). iempo [&hellip;]<\/p>\n","protected":false},"featured_media":3264,"comment_status":"open","ping_status":"closed","template":"","meta":{"saved_in_kubio":false},"product_brand":[],"product_cat":[81],"product_tag":[118],"class_list":{"0":"post-3263","1":"product","2":"type-product","3":"status-publish","4":"has-post-thumbnail","6":"product_cat-ejercicio-en-casa","7":"product_tag-emo","9":"first","10":"instock","11":"shipping-taxable","12":"product-type-simple"},"_links":{"self":[{"href":"https:\/\/ortopediagot.net\/Inicio\/wp-json\/wp\/v2\/product\/3263"}],"collection":[{"href":"https:\/\/ortopediagot.net\/Inicio\/wp-json\/wp\/v2\/product"}],"about":[{"href":"https:\/\/ortopediagot.net\/Inicio\/wp-json\/wp\/v2\/types\/product"}],"replies":[{"embeddable":true,"href":"https:\/\/ortopediagot.net\/Inicio\/wp-json\/wp\/v2\/comments?post=3263"}],"wp:featuredmedia":[{"embeddable":true,"href":"https:\/\/ortopediagot.net\/Inicio\/wp-json\/wp\/v2\/media\/3264"}],"wp:attachment":[{"href":"https:\/\/ortopediagot.net\/Inicio\/wp-json\/wp\/v2\/media?parent=3263"}],"wp:term":[{"taxonomy":"product_brand","embeddable":true,"href":"https:\/\/ortopediagot.net\/Inicio\/wp-json\/wp\/v2\/product_brand?post=3263"},{"taxonomy":"product_cat","embeddable":true,"href":"https:\/\/ortopediagot.net\/Inicio\/wp-json\/wp\/v2\/product_cat?post=3263"},{"taxonomy":"product_tag","embeddable":true,"href":"https:\/\/ortopediagot.net\/Inicio\/wp-json\/wp\/v2\/product_tag?post=3263"}],"curies":[{"name":"wp","href":"https:\/\/api.w.org\/{rel}","templated":true}]}}