{"id":3269,"date":"2024-06-10T11:47:35","date_gmt":"2024-06-10T10:47:35","guid":{"rendered":"https:\/\/ortopediagot.net\/?post_type=product&#038;p=3269"},"modified":"2024-06-10T11:47:36","modified_gmt":"2024-06-10T10:47:36","slug":"bicicleta-magnetica-plegable-slim-bike","status":"publish","type":"product","link":"https:\/\/ortopediagot.net\/Inicio\/producto\/bicicleta-magnetica-plegable-slim-bike\/","title":{"rendered":"BICICLETA MAGN\u00c9TICA PLEGABLE SLIM BIKE"},"content":{"rendered":"<div>\n<p>BICICLETA MAGN\u00c9TICA PLEGABLE SLIM BIKE (535010)<\/p>\n<\/div>\n<div><\/div>\n<div class=\"tsf-campo-acf-titulo tsf-campo-acf-titulo-caracteristicas tsf_campo-acf tsf_caracteristicas\"><strong>Caracter\u00edsticas<\/strong><\/div>\n<div><\/div>\n<div class=\"tsf-campo-acf-valores tsf-campo-acf-valores-caracteristicas tsf_campo-acf tsf_caracteristicas\">&#8211; Muy f\u00e1cil de almacenar<br \/>\n&#8211; Uso dom\u00e9stico<br \/>\nBicicleta est\u00e1tica plegable magn\u00e9tica para un pedaleo \u00e1gil y silencioso.<br \/>\nMonitor de frecuencia card\u00edaca durante el entrenamiento. Pantalla LCD que muestra el tiempo, la velocidad, las calor\u00edas quemadas, la distancia recorrida y las pulsaciones. Funci\u00f3n SCAN incorporada. 8 niveles de resistencia. Asiento ergon\u00f3mico con respaldo y reposabrazos. Ruedas de transporte para facilitar el desplazamiento.<br \/>\nDimensiones: Largo 118 x ancho 53,5 x alto 97 cm. Peso 17 kg.<br \/>\nPeso m\u00e1ximo usuario 150 kg.<\/div>\n","protected":false},"excerpt":{"rendered":"<p>BICICLETA MAGN\u00c9TICA PLEGABLE SLIM BIKE (535010) Caracter\u00edsticas &#8211; Muy f\u00e1cil de almacenar &#8211; Uso dom\u00e9stico Bicicleta est\u00e1tica plegable magn\u00e9tica para un pedaleo \u00e1gil y silencioso. Monitor de frecuencia card\u00edaca durante el entrenamiento. Pantalla LCD que muestra el tiempo, la velocidad, las calor\u00edas quemadas, la distancia recorrida y las pulsaciones. Funci\u00f3n SCAN incorporada. 8 niveles de [&hellip;]<\/p>\n","protected":false},"featured_media":3270,"comment_status":"open","ping_status":"closed","template":"","meta":{"saved_in_kubio":false},"product_brand":[],"product_cat":[81],"product_tag":[118],"class_list":{"0":"post-3269","1":"product","2":"type-product","3":"status-publish","4":"has-post-thumbnail","6":"product_cat-ejercicio-en-casa","7":"product_tag-emo","9":"first","10":"instock","11":"shipping-taxable","12":"product-type-simple"},"_links":{"self":[{"href":"https:\/\/ortopediagot.net\/Inicio\/wp-json\/wp\/v2\/product\/3269"}],"collection":[{"href":"https:\/\/ortopediagot.net\/Inicio\/wp-json\/wp\/v2\/product"}],"about":[{"href":"https:\/\/ortopediagot.net\/Inicio\/wp-json\/wp\/v2\/types\/product"}],"replies":[{"embeddable":true,"href":"https:\/\/ortopediagot.net\/Inicio\/wp-json\/wp\/v2\/comments?post=3269"}],"wp:featuredmedia":[{"embeddable":true,"href":"https:\/\/ortopediagot.net\/Inicio\/wp-json\/wp\/v2\/media\/3270"}],"wp:attachment":[{"href":"https:\/\/ortopediagot.net\/Inicio\/wp-json\/wp\/v2\/media?parent=3269"}],"wp:term":[{"taxonomy":"product_brand","embeddable":true,"href":"https:\/\/ortopediagot.net\/Inicio\/wp-json\/wp\/v2\/product_brand?post=3269"},{"taxonomy":"product_cat","embeddable":true,"href":"https:\/\/ortopediagot.net\/Inicio\/wp-json\/wp\/v2\/product_cat?post=3269"},{"taxonomy":"product_tag","embeddable":true,"href":"https:\/\/ortopediagot.net\/Inicio\/wp-json\/wp\/v2\/product_tag?post=3269"}],"curies":[{"name":"wp","href":"https:\/\/api.w.org\/{rel}","templated":true}]}}