{"id":3273,"date":"2024-06-10T11:50:42","date_gmt":"2024-06-10T10:50:42","guid":{"rendered":"https:\/\/ortopediagot.net\/?post_type=product&#038;p=3273"},"modified":"2024-06-10T11:50:58","modified_gmt":"2024-06-10T10:50:58","slug":"entrenador-eliptico-ergo","status":"publish","type":"product","link":"https:\/\/ortopediagot.net\/Inicio\/producto\/entrenador-eliptico-ergo\/","title":{"rendered":"ENTRENADOR EL\u00cdPTICO ERGO"},"content":{"rendered":"<p>ENTRENADOR EL\u00cdPTICO ERGO (534013)<\/p>\n<div class=\"tsf-campo-acf-titulo tsf-campo-acf-titulo-caracteristicas tsf_campo-acf tsf_caracteristicas\"><strong>Caracter\u00edsticas<\/strong><\/div>\n<div><\/div>\n<div class=\"tsf-campo-acf-valores tsf-campo-acf-valores-caracteristicas tsf_campo-acf tsf_caracteristicas\">&#8211; Pedalier con movimiento el\u00edptico m\u00e1s natural<br \/>\nNuestra entrenador el\u00edptico Ergo le permite movilizar sus extremidades inferiores mientras permanece sentado. Ideal para el drenaje linf\u00e1tico, la rehabilitaci\u00f3n despu\u00e9s de accidentes y la estimulaci\u00f3n de la circulaci\u00f3n sangu\u00ednea.<br \/>\nElecci\u00f3n del sentido de avance o de retroceso. 10 velocidades diferentes.<br \/>\nVisualizaci\u00f3n del tiempo, la velocidad, el n\u00famero de pasos, la distancia y las calor\u00edas quemadas.<br \/>\nMotor de 60W. Ajuste del mando a distancia. Pedales antideslizantes.<br \/>\nAdaptador de red incluido. Dimensiones: 44,3 x 39,5 x 25,6 cm.<br \/>\nPeso 7,3 kg.<\/div>\n","protected":false},"excerpt":{"rendered":"<p>ENTRENADOR EL\u00cdPTICO ERGO (534013) Caracter\u00edsticas &#8211; Pedalier con movimiento el\u00edptico m\u00e1s natural Nuestra entrenador el\u00edptico Ergo le permite movilizar sus extremidades inferiores mientras permanece sentado. Ideal para el drenaje linf\u00e1tico, la rehabilitaci\u00f3n despu\u00e9s de accidentes y la estimulaci\u00f3n de la circulaci\u00f3n sangu\u00ednea. Elecci\u00f3n del sentido de avance o de retroceso. 10 velocidades diferentes. Visualizaci\u00f3n del [&hellip;]<\/p>\n","protected":false},"featured_media":3274,"comment_status":"open","ping_status":"closed","template":"","meta":{"saved_in_kubio":false},"product_brand":[],"product_cat":[81],"product_tag":[118],"class_list":{"0":"post-3273","1":"product","2":"type-product","3":"status-publish","4":"has-post-thumbnail","6":"product_cat-ejercicio-en-casa","7":"product_tag-emo","9":"first","10":"instock","11":"shipping-taxable","12":"product-type-simple"},"_links":{"self":[{"href":"https:\/\/ortopediagot.net\/Inicio\/wp-json\/wp\/v2\/product\/3273"}],"collection":[{"href":"https:\/\/ortopediagot.net\/Inicio\/wp-json\/wp\/v2\/product"}],"about":[{"href":"https:\/\/ortopediagot.net\/Inicio\/wp-json\/wp\/v2\/types\/product"}],"replies":[{"embeddable":true,"href":"https:\/\/ortopediagot.net\/Inicio\/wp-json\/wp\/v2\/comments?post=3273"}],"wp:featuredmedia":[{"embeddable":true,"href":"https:\/\/ortopediagot.net\/Inicio\/wp-json\/wp\/v2\/media\/3274"}],"wp:attachment":[{"href":"https:\/\/ortopediagot.net\/Inicio\/wp-json\/wp\/v2\/media?parent=3273"}],"wp:term":[{"taxonomy":"product_brand","embeddable":true,"href":"https:\/\/ortopediagot.net\/Inicio\/wp-json\/wp\/v2\/product_brand?post=3273"},{"taxonomy":"product_cat","embeddable":true,"href":"https:\/\/ortopediagot.net\/Inicio\/wp-json\/wp\/v2\/product_cat?post=3273"},{"taxonomy":"product_tag","embeddable":true,"href":"https:\/\/ortopediagot.net\/Inicio\/wp-json\/wp\/v2\/product_tag?post=3273"}],"curies":[{"name":"wp","href":"https:\/\/api.w.org\/{rel}","templated":true}]}}