{"id":3279,"date":"2024-06-10T11:53:32","date_gmt":"2024-06-10T10:53:32","guid":{"rendered":"https:\/\/ortopediagot.net\/?post_type=product&#038;p=3279"},"modified":"2024-06-10T11:53:33","modified_gmt":"2024-06-10T10:53:33","slug":"bicicleta-tunturi-f40-competence","status":"publish","type":"product","link":"https:\/\/ortopediagot.net\/Inicio\/producto\/bicicleta-tunturi-f40-competence\/","title":{"rendered":"BICICLETA TUNTURI F40 COMPETENCE"},"content":{"rendered":"<p>BICICLETA TUNTURI F40 COMPETENCE (535006)<\/p>\n<div class=\"tsf-campo-acf-titulo tsf-campo-acf-titulo-caracteristicas tsf_campo-acf tsf_caracteristicas\"><strong>Caracter\u00edsticas<\/strong><\/div>\n<div><\/div>\n<div class=\"tsf-campo-acf-valores tsf-campo-acf-valores-caracteristicas tsf_campo-acf tsf_caracteristicas\">&#8211; Umbral de paso muy bajo<br \/>\n&#8211; 2 a\u00f1os de garant\u00eda para un uso de 8 horas semanales<\/p>\n<p>Bicicleta de rehabilitaci\u00f3n con un gran confort de pedaleo gracias a su frenado magn\u00e9tico motorizado y a su volante de inercia de 9 kg. Pantalla LCD permanente profesional y completa con 8 funciones. 20 programas de entrenamiento predefinidos. M\u00faltiples ajustes de sill\u00edn y manillar. Soporte para tablet de serie. Medici\u00f3n de la frecuencia cardiaca con sensores t\u00e1ctiles. Ruedas de transporte integradas con compensador de nivel. Medici\u00f3n del pulso con sensores t\u00e1ctiles.<br \/>\nDimensiones: L. 99 x An. 59 x Al. 157 cm. Peso: 35 kg.<br \/>\nPeso m\u00e1ximo usuario: 135 kg.<\/p><\/div>\n","protected":false},"excerpt":{"rendered":"<p>BICICLETA TUNTURI F40 COMPETENCE (535006) Caracter\u00edsticas &#8211; Umbral de paso muy bajo &#8211; 2 a\u00f1os de garant\u00eda para un uso de 8 horas semanales Bicicleta de rehabilitaci\u00f3n con un gran confort de pedaleo gracias a su frenado magn\u00e9tico motorizado y a su volante de inercia de 9 kg. Pantalla LCD permanente profesional y completa con [&hellip;]<\/p>\n","protected":false},"featured_media":3280,"comment_status":"open","ping_status":"closed","template":"","meta":{"saved_in_kubio":false},"product_brand":[],"product_cat":[81],"product_tag":[118],"class_list":{"0":"post-3279","1":"product","2":"type-product","3":"status-publish","4":"has-post-thumbnail","6":"product_cat-ejercicio-en-casa","7":"product_tag-emo","9":"first","10":"instock","11":"shipping-taxable","12":"product-type-simple"},"_links":{"self":[{"href":"https:\/\/ortopediagot.net\/Inicio\/wp-json\/wp\/v2\/product\/3279"}],"collection":[{"href":"https:\/\/ortopediagot.net\/Inicio\/wp-json\/wp\/v2\/product"}],"about":[{"href":"https:\/\/ortopediagot.net\/Inicio\/wp-json\/wp\/v2\/types\/product"}],"replies":[{"embeddable":true,"href":"https:\/\/ortopediagot.net\/Inicio\/wp-json\/wp\/v2\/comments?post=3279"}],"wp:featuredmedia":[{"embeddable":true,"href":"https:\/\/ortopediagot.net\/Inicio\/wp-json\/wp\/v2\/media\/3280"}],"wp:attachment":[{"href":"https:\/\/ortopediagot.net\/Inicio\/wp-json\/wp\/v2\/media?parent=3279"}],"wp:term":[{"taxonomy":"product_brand","embeddable":true,"href":"https:\/\/ortopediagot.net\/Inicio\/wp-json\/wp\/v2\/product_brand?post=3279"},{"taxonomy":"product_cat","embeddable":true,"href":"https:\/\/ortopediagot.net\/Inicio\/wp-json\/wp\/v2\/product_cat?post=3279"},{"taxonomy":"product_tag","embeddable":true,"href":"https:\/\/ortopediagot.net\/Inicio\/wp-json\/wp\/v2\/product_tag?post=3279"}],"curies":[{"name":"wp","href":"https:\/\/api.w.org\/{rel}","templated":true}]}}