{"id":3281,"date":"2024-06-10T11:55:07","date_gmt":"2024-06-10T10:55:07","guid":{"rendered":"https:\/\/ortopediagot.net\/?post_type=product&#038;p=3281"},"modified":"2024-06-10T11:55:08","modified_gmt":"2024-06-10T10:55:08","slug":"ergometro-schwinn-590u","status":"publish","type":"product","link":"https:\/\/ortopediagot.net\/Inicio\/producto\/ergometro-schwinn-590u\/","title":{"rendered":"ERG\u00d3METRO SCHWINN 590U"},"content":{"rendered":"<p>ERG\u00d3METRO SCHWINN 590U (535011)<\/p>\n<div class=\"tsf-campo-acf-titulo tsf-campo-acf-titulo-caracteristicas tsf_campo-acf tsf_caracteristicas\"><strong>Caracter\u00edsticas<\/strong><\/div>\n<div><\/div>\n<div class=\"tsf-campo-acf-valores tsf-campo-acf-valores-caracteristicas tsf_campo-acf tsf_caracteristicas\">&#8211; Nuevo sistema de frenado de disco magn\u00e9tico<br \/>\n&#8211; Posici\u00f3n de ejercicio ultra c\u00f3moda<br \/>\n&#8211; 2 a\u00f1os de garant\u00eda para un uso de 15 horas semanales<br \/>\nDise\u00f1o y prestaciones futuristas con el Schwinn 590R, que le ofrecer\u00e1 programas de entrenamiento personalizados gracias a la aplicaci\u00f3n Jrny y a su sistema Conexi\u00f3n Bluetooth. Ajuste r\u00e1pido de sill\u00edn, altura y manillar. Volante de inercia de 7 kg. 25 diferentes niveles de resistencia en 29 programas predefinidos (incluido HRC). Medici\u00f3n del pulso mediante sensores t\u00e1ctiles. Ruedas para facilitar el desplazamiento.<br \/>\nDimensiones: Longitud 122 x Anchura 73 x Altura. 143,3 cm. Peso: 42 kg.<br \/>\nPeso m\u00e1ximo usuario: 150 kg.<\/div>\n","protected":false},"excerpt":{"rendered":"<p>ERG\u00d3METRO SCHWINN 590U (535011) Caracter\u00edsticas &#8211; Nuevo sistema de frenado de disco magn\u00e9tico &#8211; Posici\u00f3n de ejercicio ultra c\u00f3moda &#8211; 2 a\u00f1os de garant\u00eda para un uso de 15 horas semanales Dise\u00f1o y prestaciones futuristas con el Schwinn 590R, que le ofrecer\u00e1 programas de entrenamiento personalizados gracias a la aplicaci\u00f3n Jrny y a su sistema [&hellip;]<\/p>\n","protected":false},"featured_media":3282,"comment_status":"open","ping_status":"closed","template":"","meta":{"saved_in_kubio":false},"product_brand":[],"product_cat":[81],"product_tag":[118],"class_list":{"0":"post-3281","1":"product","2":"type-product","3":"status-publish","4":"has-post-thumbnail","6":"product_cat-ejercicio-en-casa","7":"product_tag-emo","9":"first","10":"instock","11":"shipping-taxable","12":"product-type-simple"},"_links":{"self":[{"href":"https:\/\/ortopediagot.net\/Inicio\/wp-json\/wp\/v2\/product\/3281"}],"collection":[{"href":"https:\/\/ortopediagot.net\/Inicio\/wp-json\/wp\/v2\/product"}],"about":[{"href":"https:\/\/ortopediagot.net\/Inicio\/wp-json\/wp\/v2\/types\/product"}],"replies":[{"embeddable":true,"href":"https:\/\/ortopediagot.net\/Inicio\/wp-json\/wp\/v2\/comments?post=3281"}],"wp:featuredmedia":[{"embeddable":true,"href":"https:\/\/ortopediagot.net\/Inicio\/wp-json\/wp\/v2\/media\/3282"}],"wp:attachment":[{"href":"https:\/\/ortopediagot.net\/Inicio\/wp-json\/wp\/v2\/media?parent=3281"}],"wp:term":[{"taxonomy":"product_brand","embeddable":true,"href":"https:\/\/ortopediagot.net\/Inicio\/wp-json\/wp\/v2\/product_brand?post=3281"},{"taxonomy":"product_cat","embeddable":true,"href":"https:\/\/ortopediagot.net\/Inicio\/wp-json\/wp\/v2\/product_cat?post=3281"},{"taxonomy":"product_tag","embeddable":true,"href":"https:\/\/ortopediagot.net\/Inicio\/wp-json\/wp\/v2\/product_tag?post=3281"}],"curies":[{"name":"wp","href":"https:\/\/api.w.org\/{rel}","templated":true}]}}