{"id":3285,"date":"2024-06-10T11:56:48","date_gmt":"2024-06-10T10:56:48","guid":{"rendered":"https:\/\/ortopediagot.net\/?post_type=product&#038;p=3285"},"modified":"2024-06-10T11:56:48","modified_gmt":"2024-06-10T10:56:48","slug":"ergometro-posicion-semierguida-svhwinn-590r","status":"publish","type":"product","link":"https:\/\/ortopediagot.net\/Inicio\/producto\/ergometro-posicion-semierguida-svhwinn-590r\/","title":{"rendered":"ERG\u00d3METRO POSICI\u00d3N SEMIERGUIDA SVHWINN 590R"},"content":{"rendered":"<p>ERG\u00d3METRO POSICI\u00d3N SEMIERGUIDA SVHWINN 590R (535020)<\/p>\n<div class=\"tsf-campo-acf-titulo tsf-campo-acf-titulo-caracteristicas tsf_campo-acf tsf_caracteristicas\"><strong>Caracter\u00edsticas<\/strong><\/div>\n<div><\/div>\n<div class=\"tsf-campo-acf-valores tsf-campo-acf-valores-caracteristicas tsf_campo-acf tsf_caracteristicas\">&#8211; Nuevo sistema de frenado de disco magn\u00e9tico<br \/>\n&#8211; Posici\u00f3n de ejercicio ultra c\u00f3moda<br \/>\n&#8211; 2 a\u00f1os de garant\u00eda para un uso de 15 horas semanales<br \/>\nDise\u00f1o y prestaciones futuristas con el Schwinn 590R, que le ofrecer\u00e1 programas de entrenamiento personalizados gracias a la app Jrny y a su conexi\u00f3n Bluetooth.<br \/>\nAjuste r\u00e1pido de sill\u00edn, altura y manillar. Volante de inercia de 7 kg. 25 resistencias diferentes en 29 programas predefinidos (incluido HRC). Sensores t\u00e1ctiles de pulso.<br \/>\nRuedas para facilitar el desplazamiento.<br \/>\nDimensiones: Largo 169 x Ancho 67 x Alto. 119 cm.<br \/>\nPeso 55 kg.<br \/>\nPeso m\u00e1ximo usuario: 150 kg.<\/div>\n","protected":false},"excerpt":{"rendered":"<p>ERG\u00d3METRO POSICI\u00d3N SEMIERGUIDA SVHWINN 590R (535020) Caracter\u00edsticas &#8211; Nuevo sistema de frenado de disco magn\u00e9tico &#8211; Posici\u00f3n de ejercicio ultra c\u00f3moda &#8211; 2 a\u00f1os de garant\u00eda para un uso de 15 horas semanales Dise\u00f1o y prestaciones futuristas con el Schwinn 590R, que le ofrecer\u00e1 programas de entrenamiento personalizados gracias a la app Jrny y a [&hellip;]<\/p>\n","protected":false},"featured_media":3286,"comment_status":"open","ping_status":"closed","template":"","meta":{"saved_in_kubio":false},"product_brand":[],"product_cat":[81],"product_tag":[118],"class_list":{"0":"post-3285","1":"product","2":"type-product","3":"status-publish","4":"has-post-thumbnail","6":"product_cat-ejercicio-en-casa","7":"product_tag-emo","9":"first","10":"instock","11":"shipping-taxable","12":"product-type-simple"},"_links":{"self":[{"href":"https:\/\/ortopediagot.net\/Inicio\/wp-json\/wp\/v2\/product\/3285"}],"collection":[{"href":"https:\/\/ortopediagot.net\/Inicio\/wp-json\/wp\/v2\/product"}],"about":[{"href":"https:\/\/ortopediagot.net\/Inicio\/wp-json\/wp\/v2\/types\/product"}],"replies":[{"embeddable":true,"href":"https:\/\/ortopediagot.net\/Inicio\/wp-json\/wp\/v2\/comments?post=3285"}],"wp:featuredmedia":[{"embeddable":true,"href":"https:\/\/ortopediagot.net\/Inicio\/wp-json\/wp\/v2\/media\/3286"}],"wp:attachment":[{"href":"https:\/\/ortopediagot.net\/Inicio\/wp-json\/wp\/v2\/media?parent=3285"}],"wp:term":[{"taxonomy":"product_brand","embeddable":true,"href":"https:\/\/ortopediagot.net\/Inicio\/wp-json\/wp\/v2\/product_brand?post=3285"},{"taxonomy":"product_cat","embeddable":true,"href":"https:\/\/ortopediagot.net\/Inicio\/wp-json\/wp\/v2\/product_cat?post=3285"},{"taxonomy":"product_tag","embeddable":true,"href":"https:\/\/ortopediagot.net\/Inicio\/wp-json\/wp\/v2\/product_tag?post=3285"}],"curies":[{"name":"wp","href":"https:\/\/api.w.org\/{rel}","templated":true}]}}