{"id":3297,"date":"2024-06-10T12:25:01","date_gmt":"2024-06-10T11:25:01","guid":{"rendered":"https:\/\/ortopediagot.net\/?post_type=product&#038;p=3297"},"modified":"2024-06-10T12:25:01","modified_gmt":"2024-06-10T11:25:01","slug":"elevador-primo-con-reposabrazos-fijos","status":"publish","type":"product","link":"https:\/\/ortopediagot.net\/Inicio\/producto\/elevador-primo-con-reposabrazos-fijos\/","title":{"rendered":"ELEVADOR PRIMO CON REPOSABRAZOS FIJOS"},"content":{"rendered":"<p>ELEVADOR PRIMO CON REPOSABRAZOS FIJOS (811190)<\/p>\n<div class=\"tsf-campo-acf-titulo tsf-campo-acf-titulo-caracteristicas tsf_campo-acf tsf_caracteristicas\"><strong>Caracter\u00edsticas<\/strong><\/div>\n<div><\/div>\n<div class=\"tsf-campo-acf-valores tsf-campo-acf-valores-caracteristicas tsf_campo-acf tsf_caracteristicas\">Nuestro elevador Primo tiene 2 reposabrazos para ayudarte a sentarte y levantarte. La forma anat\u00f3mica del soporte es c\u00f3moda y su inclinaci\u00f3n hacia delante te proporciona una postura m\u00e1s din\u00e1mica. Todo el conjunto queda firmemente sujeto gracias a sus fijaciones traseras y al mecanismo de sujeci\u00f3n delantero.<br \/>\nEl modelo con reposabrazos abatibles facilita las transferencias laterales.<br \/>\nPolietileno de alta densidad y aluminio. Eleva el asiento 12,5 cm.<br \/>\nDimensiones totales : anchura 50 x profundidad 45 x altura 25 cm.<br \/>\nAgujero central: ancho 19 cm x fondo 24 cm.<br \/>\nPeso m\u00e1ximo usuario: 130 kg.<\/div>\n","protected":false},"excerpt":{"rendered":"<p>ELEVADOR PRIMO CON REPOSABRAZOS FIJOS (811190) Caracter\u00edsticas Nuestro elevador Primo tiene 2 reposabrazos para ayudarte a sentarte y levantarte. La forma anat\u00f3mica del soporte es c\u00f3moda y su inclinaci\u00f3n hacia delante te proporciona una postura m\u00e1s din\u00e1mica. Todo el conjunto queda firmemente sujeto gracias a sus fijaciones traseras y al mecanismo de sujeci\u00f3n delantero. El [&hellip;]<\/p>\n","protected":false},"featured_media":3298,"comment_status":"open","ping_status":"closed","template":"","meta":{"saved_in_kubio":false},"product_brand":[],"product_cat":[83],"product_tag":[118],"class_list":{"0":"post-3297","1":"product","2":"type-product","3":"status-publish","4":"has-post-thumbnail","6":"product_cat-elevadores","7":"product_tag-emo","9":"first","10":"instock","11":"shipping-taxable","12":"product-type-simple"},"_links":{"self":[{"href":"https:\/\/ortopediagot.net\/Inicio\/wp-json\/wp\/v2\/product\/3297"}],"collection":[{"href":"https:\/\/ortopediagot.net\/Inicio\/wp-json\/wp\/v2\/product"}],"about":[{"href":"https:\/\/ortopediagot.net\/Inicio\/wp-json\/wp\/v2\/types\/product"}],"replies":[{"embeddable":true,"href":"https:\/\/ortopediagot.net\/Inicio\/wp-json\/wp\/v2\/comments?post=3297"}],"wp:featuredmedia":[{"embeddable":true,"href":"https:\/\/ortopediagot.net\/Inicio\/wp-json\/wp\/v2\/media\/3298"}],"wp:attachment":[{"href":"https:\/\/ortopediagot.net\/Inicio\/wp-json\/wp\/v2\/media?parent=3297"}],"wp:term":[{"taxonomy":"product_brand","embeddable":true,"href":"https:\/\/ortopediagot.net\/Inicio\/wp-json\/wp\/v2\/product_brand?post=3297"},{"taxonomy":"product_cat","embeddable":true,"href":"https:\/\/ortopediagot.net\/Inicio\/wp-json\/wp\/v2\/product_cat?post=3297"},{"taxonomy":"product_tag","embeddable":true,"href":"https:\/\/ortopediagot.net\/Inicio\/wp-json\/wp\/v2\/product_tag?post=3297"}],"curies":[{"name":"wp","href":"https:\/\/api.w.org\/{rel}","templated":true}]}}