{"id":3299,"date":"2024-06-10T12:27:46","date_gmt":"2024-06-10T11:27:46","guid":{"rendered":"https:\/\/ortopediagot.net\/?post_type=product&#038;p=3299"},"modified":"2024-06-10T12:27:47","modified_gmt":"2024-06-10T11:27:47","slug":"asidero-de-acero-305-cm","status":"publish","type":"product","link":"https:\/\/ortopediagot.net\/Inicio\/producto\/asidero-de-acero-305-cm\/","title":{"rendered":"ASIDERO DE ACERO 30,5 CM"},"content":{"rendered":"<p>ASIDERO DE ACERO 30,5 CM (815055, 815056, 815057)<\/p>\n<div class=\"tsf-campo-acf-titulo tsf-campo-acf-titulo-caracteristicas tsf_campo-acf tsf_caracteristicas\"><strong>Caracter\u00edsticas<\/strong><\/div>\n<div><\/div>\n<div class=\"tsf-campo-acf-valores tsf-campo-acf-valores-caracteristicas tsf_campo-acf tsf_caracteristicas\">Gama en acero lacado en blanco o acabado en cromo con soportes de fijaci\u00f3n de 3 orificios para una mejor resistencia de la pared. Anclajes y tornillos no suministrados a definir seg\u00fan la pared de soporte.<br \/>\nDi\u00e1metro 25 mm.<br \/>\nHueco de pared 4 cm.<br \/>\nDi\u00e1metro de la tapa 75 mm.<\/div>\n<div class=\"tsf-campo-acf-titulo tsf-campo-acf-titulo-pa_medidas tsf_campo-acf tsf_pa_medidas\"><\/div>\n<div><strong>Medidas<\/strong><\/div>\n<div><\/div>\n<div class=\"tsf-campo-acf-valores tsf-campo-acf-valores-pa_medidas tsf_campo-acf tsf_pa_medidas\">30 CM, 46 CM, 61 CM<\/div>\n","protected":false},"excerpt":{"rendered":"<p>ASIDERO DE ACERO 30,5 CM (815055, 815056, 815057) Caracter\u00edsticas Gama en acero lacado en blanco o acabado en cromo con soportes de fijaci\u00f3n de 3 orificios para una mejor resistencia de la pared. Anclajes y tornillos no suministrados a definir seg\u00fan la pared de soporte. Di\u00e1metro 25 mm. Hueco de pared 4 cm. Di\u00e1metro de [&hellip;]<\/p>\n","protected":false},"featured_media":3300,"comment_status":"open","ping_status":"closed","template":"","meta":{"saved_in_kubio":false},"product_brand":[],"product_cat":[84],"product_tag":[118],"class_list":{"0":"post-3299","1":"product","2":"type-product","3":"status-publish","4":"has-post-thumbnail","6":"product_cat-asideros","7":"product_tag-emo","9":"first","10":"instock","11":"shipping-taxable","12":"product-type-simple"},"_links":{"self":[{"href":"https:\/\/ortopediagot.net\/Inicio\/wp-json\/wp\/v2\/product\/3299"}],"collection":[{"href":"https:\/\/ortopediagot.net\/Inicio\/wp-json\/wp\/v2\/product"}],"about":[{"href":"https:\/\/ortopediagot.net\/Inicio\/wp-json\/wp\/v2\/types\/product"}],"replies":[{"embeddable":true,"href":"https:\/\/ortopediagot.net\/Inicio\/wp-json\/wp\/v2\/comments?post=3299"}],"wp:featuredmedia":[{"embeddable":true,"href":"https:\/\/ortopediagot.net\/Inicio\/wp-json\/wp\/v2\/media\/3300"}],"wp:attachment":[{"href":"https:\/\/ortopediagot.net\/Inicio\/wp-json\/wp\/v2\/media?parent=3299"}],"wp:term":[{"taxonomy":"product_brand","embeddable":true,"href":"https:\/\/ortopediagot.net\/Inicio\/wp-json\/wp\/v2\/product_brand?post=3299"},{"taxonomy":"product_cat","embeddable":true,"href":"https:\/\/ortopediagot.net\/Inicio\/wp-json\/wp\/v2\/product_cat?post=3299"},{"taxonomy":"product_tag","embeddable":true,"href":"https:\/\/ortopediagot.net\/Inicio\/wp-json\/wp\/v2\/product_tag?post=3299"}],"curies":[{"name":"wp","href":"https:\/\/api.w.org\/{rel}","templated":true}]}}