{"id":3306,"date":"2024-06-10T12:37:24","date_gmt":"2024-06-10T11:37:24","guid":{"rendered":"https:\/\/ortopediagot.net\/?post_type=product&#038;p=3306"},"modified":"2024-06-10T12:37:24","modified_gmt":"2024-06-10T11:37:24","slug":"barra-de-apoyo-design-35-cm","status":"publish","type":"product","link":"https:\/\/ortopediagot.net\/Inicio\/producto\/barra-de-apoyo-design-35-cm\/","title":{"rendered":"BARRA DE APOYO DESIGN 35 CM"},"content":{"rendered":"<p>BARRA DE APOYO DESIGN 35 CM (815076)<\/p>\n<div class=\"tsf-campo-acf-titulo tsf-campo-acf-titulo-caracteristicas tsf_campo-acf tsf_caracteristicas\"><strong>Caracter\u00edsticas<\/strong><\/div>\n<div><\/div>\n<div class=\"tsf-campo-acf-valores tsf-campo-acf-valores-caracteristicas tsf_campo-acf tsf_caracteristicas\">Nuestra barra de apoyo de acero inoxidable de 35 cm es una barra elegante con un acabado pulido y una tapa.<br \/>\nDi\u00e1metro del tubo de 32 mm.<br \/>\nSeparaci\u00f3n de la pared 4 cm.<br \/>\nDiametro de la tapa 8 cm.<\/div>\n","protected":false},"excerpt":{"rendered":"<p>BARRA DE APOYO DESIGN 35 CM (815076) Caracter\u00edsticas Nuestra barra de apoyo de acero inoxidable de 35 cm es una barra elegante con un acabado pulido y una tapa. Di\u00e1metro del tubo de 32 mm. Separaci\u00f3n de la pared 4 cm. Diametro de la tapa 8 cm.<\/p>\n","protected":false},"featured_media":3307,"comment_status":"open","ping_status":"closed","template":"","meta":{"saved_in_kubio":false},"product_brand":[],"product_cat":[84],"product_tag":[118],"class_list":{"0":"post-3306","1":"product","2":"type-product","3":"status-publish","4":"has-post-thumbnail","6":"product_cat-asideros","7":"product_tag-emo","9":"first","10":"instock","11":"shipping-taxable","12":"product-type-simple"},"_links":{"self":[{"href":"https:\/\/ortopediagot.net\/Inicio\/wp-json\/wp\/v2\/product\/3306"}],"collection":[{"href":"https:\/\/ortopediagot.net\/Inicio\/wp-json\/wp\/v2\/product"}],"about":[{"href":"https:\/\/ortopediagot.net\/Inicio\/wp-json\/wp\/v2\/types\/product"}],"replies":[{"embeddable":true,"href":"https:\/\/ortopediagot.net\/Inicio\/wp-json\/wp\/v2\/comments?post=3306"}],"wp:featuredmedia":[{"embeddable":true,"href":"https:\/\/ortopediagot.net\/Inicio\/wp-json\/wp\/v2\/media\/3307"}],"wp:attachment":[{"href":"https:\/\/ortopediagot.net\/Inicio\/wp-json\/wp\/v2\/media?parent=3306"}],"wp:term":[{"taxonomy":"product_brand","embeddable":true,"href":"https:\/\/ortopediagot.net\/Inicio\/wp-json\/wp\/v2\/product_brand?post=3306"},{"taxonomy":"product_cat","embeddable":true,"href":"https:\/\/ortopediagot.net\/Inicio\/wp-json\/wp\/v2\/product_cat?post=3306"},{"taxonomy":"product_tag","embeddable":true,"href":"https:\/\/ortopediagot.net\/Inicio\/wp-json\/wp\/v2\/product_tag?post=3306"}],"curies":[{"name":"wp","href":"https:\/\/api.w.org\/{rel}","templated":true}]}}