{"id":3309,"date":"2024-06-10T12:51:36","date_gmt":"2024-06-10T11:51:36","guid":{"rendered":"https:\/\/ortopediagot.net\/?post_type=product&#038;p=3309"},"modified":"2024-06-10T12:51:37","modified_gmt":"2024-06-10T11:51:37","slug":"asidero-modulable-madagascar","status":"publish","type":"product","link":"https:\/\/ortopediagot.net\/Inicio\/producto\/asidero-modulable-madagascar\/","title":{"rendered":"ASIDERO MODULABLE MADAGASCAR"},"content":{"rendered":"<p>ASIDERO MODULABLE MADAGASCAR (815150)<\/p>\n<div class=\"tsf-campo-acf-titulo tsf-campo-acf-titulo-caracteristicas tsf_campo-acf tsf_caracteristicas\"><strong>Caracter\u00edsticas<\/strong><\/div>\n<div><\/div>\n<div class=\"tsf-campo-acf-valores tsf-campo-acf-valores-caracteristicas tsf_campo-acf tsf_caracteristicas\">Los asideros Madagascar permiten crear recorridos de apoyo, de longitud infinita.<br \/>\nOfrece un apoyo con \u00e1ngulos para recorrer y decorar sus superficies.<br \/>\nDimensiones de una barra: Larga. 35 cm (\u00fatil 24 cm), distancia al centro 30 cm.<br \/>\nHueco de pared de 7,5 cm.<\/div>\n","protected":false},"excerpt":{"rendered":"<p>ASIDERO MODULABLE MADAGASCAR (815150) Caracter\u00edsticas Los asideros Madagascar permiten crear recorridos de apoyo, de longitud infinita. Ofrece un apoyo con \u00e1ngulos para recorrer y decorar sus superficies. Dimensiones de una barra: Larga. 35 cm (\u00fatil 24 cm), distancia al centro 30 cm. Hueco de pared de 7,5 cm.<\/p>\n","protected":false},"featured_media":3310,"comment_status":"open","ping_status":"closed","template":"","meta":{"saved_in_kubio":false},"product_brand":[],"product_cat":[84],"product_tag":[118],"class_list":{"0":"post-3309","1":"product","2":"type-product","3":"status-publish","4":"has-post-thumbnail","6":"product_cat-asideros","7":"product_tag-emo","9":"first","10":"instock","11":"shipping-taxable","12":"product-type-simple"},"_links":{"self":[{"href":"https:\/\/ortopediagot.net\/Inicio\/wp-json\/wp\/v2\/product\/3309"}],"collection":[{"href":"https:\/\/ortopediagot.net\/Inicio\/wp-json\/wp\/v2\/product"}],"about":[{"href":"https:\/\/ortopediagot.net\/Inicio\/wp-json\/wp\/v2\/types\/product"}],"replies":[{"embeddable":true,"href":"https:\/\/ortopediagot.net\/Inicio\/wp-json\/wp\/v2\/comments?post=3309"}],"wp:featuredmedia":[{"embeddable":true,"href":"https:\/\/ortopediagot.net\/Inicio\/wp-json\/wp\/v2\/media\/3310"}],"wp:attachment":[{"href":"https:\/\/ortopediagot.net\/Inicio\/wp-json\/wp\/v2\/media?parent=3309"}],"wp:term":[{"taxonomy":"product_brand","embeddable":true,"href":"https:\/\/ortopediagot.net\/Inicio\/wp-json\/wp\/v2\/product_brand?post=3309"},{"taxonomy":"product_cat","embeddable":true,"href":"https:\/\/ortopediagot.net\/Inicio\/wp-json\/wp\/v2\/product_cat?post=3309"},{"taxonomy":"product_tag","embeddable":true,"href":"https:\/\/ortopediagot.net\/Inicio\/wp-json\/wp\/v2\/product_tag?post=3309"}],"curies":[{"name":"wp","href":"https:\/\/api.w.org\/{rel}","templated":true}]}}