{"id":3314,"date":"2024-06-10T12:53:36","date_gmt":"2024-06-10T11:53:36","guid":{"rendered":"https:\/\/ortopediagot.net\/?post_type=product&#038;p=3314"},"modified":"2024-06-10T12:53:36","modified_gmt":"2024-06-10T11:53:36","slug":"asidero-modulable-madagascar-2","status":"publish","type":"product","link":"https:\/\/ortopediagot.net\/Inicio\/producto\/asidero-modulable-madagascar-2\/","title":{"rendered":"ASIDERO MODULABLE MADAGASCAR"},"content":{"rendered":"<p>ASIDERO MODULABLE MADAGASCAR (815150)<\/p>\n<div class=\"tsf-campo-acf-titulo tsf-campo-acf-titulo-caracteristicas tsf_campo-acf tsf_caracteristicas\"><b>Caracter\u00edsticas<\/b><\/div>\n<div><\/div>\n<div class=\"tsf-campo-acf-valores tsf-campo-acf-valores-caracteristicas tsf_campo-acf tsf_caracteristicas\">Los asideros Secucare son muy robustos y ergon\u00f3micas gracias a su dise\u00f1o alargado.<br \/>\nLos extremos son de pl\u00e1stico ABS de alto brillo, resistente a los golpes y a los ara\u00f1azos.<br \/>\nLa parte de aluminio se puede cortar si es necesario.<br \/>\nAluminio anodizado mate anticorrosi\u00f3n.<br \/>\nLongitud del apoyo 23.1 \/ 33.1 \/ 53.1 cm.<br \/>\nAsidero angulado 30 + 30 cm.<br \/>\nAsidero en \u00e1ngulo recto 30 + 60 cm.<br \/>\nPeso m\u00e1ximo usuario 150 kg.<\/div>\n<div class=\"tsf-campo-acf-titulo tsf-campo-acf-titulo-pa_medidas tsf_campo-acf tsf_pa_medidas\"><\/div>\n<div><strong>Medidas<\/strong><\/div>\n<div><\/div>\n<div class=\"tsf-campo-acf-valores tsf-campo-acf-valores-pa_medidas tsf_campo-acf tsf_pa_medidas\">40 CM, 60 CM, 70 CM<\/div>\n","protected":false},"excerpt":{"rendered":"<p>ASIDERO MODULABLE MADAGASCAR (815150) Caracter\u00edsticas Los asideros Secucare son muy robustos y ergon\u00f3micas gracias a su dise\u00f1o alargado. Los extremos son de pl\u00e1stico ABS de alto brillo, resistente a los golpes y a los ara\u00f1azos. La parte de aluminio se puede cortar si es necesario. Aluminio anodizado mate anticorrosi\u00f3n. Longitud del apoyo 23.1 \/ 33.1 [&hellip;]<\/p>\n","protected":false},"featured_media":3315,"comment_status":"open","ping_status":"closed","template":"","meta":{"saved_in_kubio":false},"product_brand":[],"product_cat":[84],"product_tag":[118],"class_list":{"0":"post-3314","1":"product","2":"type-product","3":"status-publish","4":"has-post-thumbnail","6":"product_cat-asideros","7":"product_tag-emo","9":"first","10":"instock","11":"shipping-taxable","12":"product-type-simple"},"_links":{"self":[{"href":"https:\/\/ortopediagot.net\/Inicio\/wp-json\/wp\/v2\/product\/3314"}],"collection":[{"href":"https:\/\/ortopediagot.net\/Inicio\/wp-json\/wp\/v2\/product"}],"about":[{"href":"https:\/\/ortopediagot.net\/Inicio\/wp-json\/wp\/v2\/types\/product"}],"replies":[{"embeddable":true,"href":"https:\/\/ortopediagot.net\/Inicio\/wp-json\/wp\/v2\/comments?post=3314"}],"wp:featuredmedia":[{"embeddable":true,"href":"https:\/\/ortopediagot.net\/Inicio\/wp-json\/wp\/v2\/media\/3315"}],"wp:attachment":[{"href":"https:\/\/ortopediagot.net\/Inicio\/wp-json\/wp\/v2\/media?parent=3314"}],"wp:term":[{"taxonomy":"product_brand","embeddable":true,"href":"https:\/\/ortopediagot.net\/Inicio\/wp-json\/wp\/v2\/product_brand?post=3314"},{"taxonomy":"product_cat","embeddable":true,"href":"https:\/\/ortopediagot.net\/Inicio\/wp-json\/wp\/v2\/product_cat?post=3314"},{"taxonomy":"product_tag","embeddable":true,"href":"https:\/\/ortopediagot.net\/Inicio\/wp-json\/wp\/v2\/product_tag?post=3314"}],"curies":[{"name":"wp","href":"https:\/\/api.w.org\/{rel}","templated":true}]}}