{"id":3318,"date":"2024-06-10T12:58:14","date_gmt":"2024-06-10T11:58:14","guid":{"rendered":"https:\/\/ortopediagot.net\/?post_type=product&#038;p=3318"},"modified":"2024-06-10T12:59:22","modified_gmt":"2024-06-10T11:59:22","slug":"asidero-en-angulo-prima-33-cm","status":"publish","type":"product","link":"https:\/\/ortopediagot.net\/Inicio\/producto\/asidero-en-angulo-prima-33-cm\/","title":{"rendered":"ASIDERO EN \u00c1NGULO PRIMA 33 CM"},"content":{"rendered":"<p>ASIDERO EN \u00c1NGULO PRIMA 33 CM (812027, 812030)<\/p>\n<div class=\"tsf-campo-acf-titulo tsf-campo-acf-titulo-caracteristicas tsf_campo-acf tsf_caracteristicas\"><strong>Caracteristicas<\/strong><\/div>\n<div><\/div>\n<div class=\"tsf-campo-acf-valores tsf-campo-acf-valores-caracteristicas tsf_campo-acf tsf_caracteristicas\">Este asidero est\u00e1 especialmente dise\u00f1ado para ayudarle a incorporarse de su ba\u00f1era o inodoro, y est\u00e1 disponible en dos longitdes para que sea m\u00e1s f\u00e1cil de agarrar.<br \/>\nDos tama\u00f1os disponibles.<\/div>\n<div class=\"tsf-campo-acf-titulo tsf-campo-acf-titulo-pa_medidas tsf_campo-acf tsf_pa_medidas\"><\/div>\n<div><strong>Medidas<\/strong><\/div>\n<div><\/div>\n<div class=\"tsf-campo-acf-valores tsf-campo-acf-valores-pa_medidas tsf_campo-acf tsf_pa_medidas\">33 CM, 40 CM<\/div>\n","protected":false},"excerpt":{"rendered":"<p>ASIDERO EN \u00c1NGULO PRIMA 33 CM (812027, 812030) Caracteristicas Este asidero est\u00e1 especialmente dise\u00f1ado para ayudarle a incorporarse de su ba\u00f1era o inodoro, y est\u00e1 disponible en dos longitdes para que sea m\u00e1s f\u00e1cil de agarrar. Dos tama\u00f1os disponibles. Medidas 33 CM, 40 CM<\/p>\n","protected":false},"featured_media":3320,"comment_status":"open","ping_status":"closed","template":"","meta":{"saved_in_kubio":false},"product_brand":[],"product_cat":[84],"product_tag":[118],"class_list":{"0":"post-3318","1":"product","2":"type-product","3":"status-publish","4":"has-post-thumbnail","6":"product_cat-asideros","7":"product_tag-emo","9":"first","10":"instock","11":"shipping-taxable","12":"product-type-simple"},"_links":{"self":[{"href":"https:\/\/ortopediagot.net\/Inicio\/wp-json\/wp\/v2\/product\/3318"}],"collection":[{"href":"https:\/\/ortopediagot.net\/Inicio\/wp-json\/wp\/v2\/product"}],"about":[{"href":"https:\/\/ortopediagot.net\/Inicio\/wp-json\/wp\/v2\/types\/product"}],"replies":[{"embeddable":true,"href":"https:\/\/ortopediagot.net\/Inicio\/wp-json\/wp\/v2\/comments?post=3318"}],"wp:featuredmedia":[{"embeddable":true,"href":"https:\/\/ortopediagot.net\/Inicio\/wp-json\/wp\/v2\/media\/3320"}],"wp:attachment":[{"href":"https:\/\/ortopediagot.net\/Inicio\/wp-json\/wp\/v2\/media?parent=3318"}],"wp:term":[{"taxonomy":"product_brand","embeddable":true,"href":"https:\/\/ortopediagot.net\/Inicio\/wp-json\/wp\/v2\/product_brand?post=3318"},{"taxonomy":"product_cat","embeddable":true,"href":"https:\/\/ortopediagot.net\/Inicio\/wp-json\/wp\/v2\/product_cat?post=3318"},{"taxonomy":"product_tag","embeddable":true,"href":"https:\/\/ortopediagot.net\/Inicio\/wp-json\/wp\/v2\/product_tag?post=3318"}],"curies":[{"name":"wp","href":"https:\/\/api.w.org\/{rel}","templated":true}]}}