{"id":3324,"date":"2024-06-10T13:03:41","date_gmt":"2024-06-10T12:03:41","guid":{"rendered":"https:\/\/ortopediagot.net\/?post_type=product&#038;p=3324"},"modified":"2024-06-10T13:03:42","modified_gmt":"2024-06-10T12:03:42","slug":"asidero-ajustable-en-angulo-prima-40-40-cm","status":"publish","type":"product","link":"https:\/\/ortopediagot.net\/Inicio\/producto\/asidero-ajustable-en-angulo-prima-40-40-cm\/","title":{"rendered":"ASIDERO AJUSTABLE EN \u00c1NGULO PRIMA 40 + 40 CM"},"content":{"rendered":"<p>ASIDERO AJUSTABLE EN \u00c1NGULO PRIMA 40 + 40 CM (815167, 815168)<\/p>\n<div class=\"tsf-campo-acf-titulo tsf-campo-acf-titulo-caracteristicas tsf_campo-acf tsf_caracteristicas\"><strong>Caracteristicas<\/strong><\/div>\n<div><\/div>\n<div class=\"tsf-campo-acf-valores tsf-campo-acf-valores-caracteristicas tsf_campo-acf tsf_caracteristicas\">Nuestro asidero Prima gira sobre el eje central y le permite hacer un \u00e1ngulo de 90 \u00b0, un \u00e1ngulo abierto en el \u00e1ngulo deseado, o una barra recta.<br \/>\nUna vez que elija el \u00e1ngulo, fijar\u00e1 la barra firmemente atornillando. Con almohadillas antideslizantes.<br \/>\nDos longitudes disponibles: 40 + 40 cm o 60 + 60 cm.<\/div>\n<div class=\"tsf-campo-acf-titulo tsf-campo-acf-titulo-pa_medidas tsf_campo-acf tsf_pa_medidas\"><\/div>\n<div><strong>Medidas<\/strong><\/div>\n<div><\/div>\n<div class=\"tsf-campo-acf-valores tsf-campo-acf-valores-pa_medidas tsf_campo-acf tsf_pa_medidas\">40 CM, 60 CM<\/div>\n","protected":false},"excerpt":{"rendered":"<p>ASIDERO AJUSTABLE EN \u00c1NGULO PRIMA 40 + 40 CM (815167, 815168) Caracteristicas Nuestro asidero Prima gira sobre el eje central y le permite hacer un \u00e1ngulo de 90 \u00b0, un \u00e1ngulo abierto en el \u00e1ngulo deseado, o una barra recta. Una vez que elija el \u00e1ngulo, fijar\u00e1 la barra firmemente atornillando. Con almohadillas antideslizantes. Dos [&hellip;]<\/p>\n","protected":false},"featured_media":3325,"comment_status":"open","ping_status":"closed","template":"","meta":{"saved_in_kubio":false},"product_brand":[],"product_cat":[84],"product_tag":[118],"class_list":{"0":"post-3324","1":"product","2":"type-product","3":"status-publish","4":"has-post-thumbnail","6":"product_cat-asideros","7":"product_tag-emo","9":"first","10":"instock","11":"shipping-taxable","12":"product-type-simple"},"_links":{"self":[{"href":"https:\/\/ortopediagot.net\/Inicio\/wp-json\/wp\/v2\/product\/3324"}],"collection":[{"href":"https:\/\/ortopediagot.net\/Inicio\/wp-json\/wp\/v2\/product"}],"about":[{"href":"https:\/\/ortopediagot.net\/Inicio\/wp-json\/wp\/v2\/types\/product"}],"replies":[{"embeddable":true,"href":"https:\/\/ortopediagot.net\/Inicio\/wp-json\/wp\/v2\/comments?post=3324"}],"wp:featuredmedia":[{"embeddable":true,"href":"https:\/\/ortopediagot.net\/Inicio\/wp-json\/wp\/v2\/media\/3325"}],"wp:attachment":[{"href":"https:\/\/ortopediagot.net\/Inicio\/wp-json\/wp\/v2\/media?parent=3324"}],"wp:term":[{"taxonomy":"product_brand","embeddable":true,"href":"https:\/\/ortopediagot.net\/Inicio\/wp-json\/wp\/v2\/product_brand?post=3324"},{"taxonomy":"product_cat","embeddable":true,"href":"https:\/\/ortopediagot.net\/Inicio\/wp-json\/wp\/v2\/product_cat?post=3324"},{"taxonomy":"product_tag","embeddable":true,"href":"https:\/\/ortopediagot.net\/Inicio\/wp-json\/wp\/v2\/product_tag?post=3324"}],"curies":[{"name":"wp","href":"https:\/\/api.w.org\/{rel}","templated":true}]}}