{"id":3337,"date":"2024-06-10T13:13:06","date_gmt":"2024-06-10T12:13:06","guid":{"rendered":"https:\/\/ortopediagot.net\/?post_type=product&#038;p=3337"},"modified":"2024-06-10T13:13:07","modified_gmt":"2024-06-10T12:13:07","slug":"asidero-con-ventosas-29-cm","status":"publish","type":"product","link":"https:\/\/ortopediagot.net\/Inicio\/producto\/asidero-con-ventosas-29-cm\/","title":{"rendered":"ASIDERO CON VENTOSAS 29 CM"},"content":{"rendered":"<p>ASIDERO CON VENTOSAS 29 CM (815015)<\/p>\n<div class=\"tsf-campo-acf-titulo tsf-campo-acf-titulo-caracteristicas tsf_campo-acf tsf_caracteristicas\"><strong>Caracter\u00edsticas<\/strong><\/div>\n<div><\/div>\n<div class=\"tsf-campo-acf-valores tsf-campo-acf-valores-caracteristicas tsf_campo-acf tsf_caracteristicas\">Nuestro asidero con ventosas le ofrece apoyo en una ba\u00f1era o una ducha sin tener que taladrar agujeros antiest\u00e9ticos en el azulejo de pared.<br \/>\nPuede instalarse en pocos segundos sin herramientas y se utiliza principalmente para apoyar la salida de una ducha o ba\u00f1era.<br \/>\nLas principales ventajas de una ventosa: se puede instalar y desplazar sin ayuda externa, se puede llevar de viaje porque es ligera y no muy voluminosa.<br \/>\nPresione las dos palancas laterales y se fija muy bien sobre todas las superficies lisas (azulejos, gres, cer\u00e1mica, cristal, pintura lacada, superficie de PVC de las cabinas de ducha).<br \/>\nMontaje mediante 2 ventosas grandes.<br \/>\nAgarre 11 cm.<br \/>\nLargo 29 cm.<\/div>\n","protected":false},"excerpt":{"rendered":"<p>ASIDERO CON VENTOSAS 29 CM (815015) Caracter\u00edsticas Nuestro asidero con ventosas le ofrece apoyo en una ba\u00f1era o una ducha sin tener que taladrar agujeros antiest\u00e9ticos en el azulejo de pared. Puede instalarse en pocos segundos sin herramientas y se utiliza principalmente para apoyar la salida de una ducha o ba\u00f1era. Las principales ventajas de [&hellip;]<\/p>\n","protected":false},"featured_media":3338,"comment_status":"open","ping_status":"closed","template":"","meta":{"saved_in_kubio":false},"product_brand":[],"product_cat":[84],"product_tag":[118],"class_list":{"0":"post-3337","1":"product","2":"type-product","3":"status-publish","4":"has-post-thumbnail","6":"product_cat-asideros","7":"product_tag-emo","9":"first","10":"instock","11":"shipping-taxable","12":"product-type-simple"},"_links":{"self":[{"href":"https:\/\/ortopediagot.net\/Inicio\/wp-json\/wp\/v2\/product\/3337"}],"collection":[{"href":"https:\/\/ortopediagot.net\/Inicio\/wp-json\/wp\/v2\/product"}],"about":[{"href":"https:\/\/ortopediagot.net\/Inicio\/wp-json\/wp\/v2\/types\/product"}],"replies":[{"embeddable":true,"href":"https:\/\/ortopediagot.net\/Inicio\/wp-json\/wp\/v2\/comments?post=3337"}],"wp:featuredmedia":[{"embeddable":true,"href":"https:\/\/ortopediagot.net\/Inicio\/wp-json\/wp\/v2\/media\/3338"}],"wp:attachment":[{"href":"https:\/\/ortopediagot.net\/Inicio\/wp-json\/wp\/v2\/media?parent=3337"}],"wp:term":[{"taxonomy":"product_brand","embeddable":true,"href":"https:\/\/ortopediagot.net\/Inicio\/wp-json\/wp\/v2\/product_brand?post=3337"},{"taxonomy":"product_cat","embeddable":true,"href":"https:\/\/ortopediagot.net\/Inicio\/wp-json\/wp\/v2\/product_cat?post=3337"},{"taxonomy":"product_tag","embeddable":true,"href":"https:\/\/ortopediagot.net\/Inicio\/wp-json\/wp\/v2\/product_tag?post=3337"}],"curies":[{"name":"wp","href":"https:\/\/api.w.org\/{rel}","templated":true}]}}