{"id":3351,"date":"2024-06-10T13:22:33","date_gmt":"2024-06-10T12:22:33","guid":{"rendered":"https:\/\/ortopediagot.net\/?post_type=product&#038;p=3351"},"modified":"2024-06-10T13:22:34","modified_gmt":"2024-06-10T12:22:34","slug":"asidero-con-ventosas-vario","status":"publish","type":"product","link":"https:\/\/ortopediagot.net\/Inicio\/producto\/asidero-con-ventosas-vario\/","title":{"rendered":"ASIDERO CON VENTOSAS VARIO"},"content":{"rendered":"<p>ASIDERO CON VENTOSAS VARIO (815160)<\/p>\n<div class=\"tsf-campo-acf-titulo tsf-campo-acf-titulo-caracteristicas tsf_campo-acf tsf_caracteristicas\"><strong>Caracter\u00edsticas<\/strong><\/div>\n<div><\/div>\n<div class=\"tsf-campo-acf-valores tsf-campo-acf-valores-caracteristicas tsf_campo-acf tsf_caracteristicas\">Nuestro asidero con ventosas Vario es ultra resistente gracias a su nueva tecnolog\u00eda de sujeci\u00f3n con ventosas.<br \/>\nPara asegurar el asidero, simplemente gire el soporte de la ventosa hasta que haga clic para bloquearla.<br \/>\nNuestro asidero se compone de 2 soportes que pueden deslizarse sobre el pasamanos para ajustar la distancia entre ellos, ideal para que no coincida con una junta de azulejos o baldosas.<br \/>\nEl pasamanos est\u00e1 equipado con una goma antideslizante duradera para mayor seguridad y comodidad de manejo.<br \/>\nDi\u00e1metro de la ventosa 9,5 cm.<br \/>\nLongitud total 41 cm.<br \/>\nDistancia entre ejes ajustable de 20 a 35 cm.<br \/>\nLongitud m\u00e1xima del pasamanos: 29,5 cm.<br \/>\nColor blanco gris\u00e1ceo.<br \/>\nLa nueva generaci\u00f3n de asideros con ventosas.<br \/>\nLongitud ajustable.<\/div>\n","protected":false},"excerpt":{"rendered":"<p>ASIDERO CON VENTOSAS VARIO (815160) Caracter\u00edsticas Nuestro asidero con ventosas Vario es ultra resistente gracias a su nueva tecnolog\u00eda de sujeci\u00f3n con ventosas. Para asegurar el asidero, simplemente gire el soporte de la ventosa hasta que haga clic para bloquearla. Nuestro asidero se compone de 2 soportes que pueden deslizarse sobre el pasamanos para ajustar [&hellip;]<\/p>\n","protected":false},"featured_media":3352,"comment_status":"open","ping_status":"closed","template":"","meta":{"saved_in_kubio":false},"product_brand":[],"product_cat":[84],"product_tag":[118],"class_list":{"0":"post-3351","1":"product","2":"type-product","3":"status-publish","4":"has-post-thumbnail","6":"product_cat-asideros","7":"product_tag-emo","9":"first","10":"instock","11":"shipping-taxable","12":"product-type-simple"},"_links":{"self":[{"href":"https:\/\/ortopediagot.net\/Inicio\/wp-json\/wp\/v2\/product\/3351"}],"collection":[{"href":"https:\/\/ortopediagot.net\/Inicio\/wp-json\/wp\/v2\/product"}],"about":[{"href":"https:\/\/ortopediagot.net\/Inicio\/wp-json\/wp\/v2\/types\/product"}],"replies":[{"embeddable":true,"href":"https:\/\/ortopediagot.net\/Inicio\/wp-json\/wp\/v2\/comments?post=3351"}],"wp:featuredmedia":[{"embeddable":true,"href":"https:\/\/ortopediagot.net\/Inicio\/wp-json\/wp\/v2\/media\/3352"}],"wp:attachment":[{"href":"https:\/\/ortopediagot.net\/Inicio\/wp-json\/wp\/v2\/media?parent=3351"}],"wp:term":[{"taxonomy":"product_brand","embeddable":true,"href":"https:\/\/ortopediagot.net\/Inicio\/wp-json\/wp\/v2\/product_brand?post=3351"},{"taxonomy":"product_cat","embeddable":true,"href":"https:\/\/ortopediagot.net\/Inicio\/wp-json\/wp\/v2\/product_cat?post=3351"},{"taxonomy":"product_tag","embeddable":true,"href":"https:\/\/ortopediagot.net\/Inicio\/wp-json\/wp\/v2\/product_tag?post=3351"}],"curies":[{"name":"wp","href":"https:\/\/api.w.org\/{rel}","templated":true}]}}