{"id":3357,"date":"2024-06-10T13:24:19","date_gmt":"2024-06-10T12:24:19","guid":{"rendered":"https:\/\/ortopediagot.net\/?post_type=product&#038;p=3357"},"modified":"2024-06-10T13:24:19","modified_gmt":"2024-06-10T12:24:19","slug":"asidero-de-dos-manos-con-adaptador-universal","status":"publish","type":"product","link":"https:\/\/ortopediagot.net\/Inicio\/producto\/asidero-de-dos-manos-con-adaptador-universal\/","title":{"rendered":"ASIDERO DE DOS MANOS CON ADAPTADOR UNIVERSAL"},"content":{"rendered":"<p>ASIDERO DE DOS MANOS CON ADAPTADOR UNIVERSAL (815202)<\/p>\n<div class=\"tsf-campo-acf-titulo tsf-campo-acf-titulo-caracteristicas tsf_campo-acf tsf_caracteristicas\"><strong>Caracter\u00edsticas<\/strong><\/div>\n<div><\/div>\n<div class=\"tsf-campo-acf-valores tsf-campo-acf-valores-caracteristicas tsf_campo-acf tsf_caracteristicas\">Esta opci\u00f3n de la barra Gripo le permite crear un soporte en el \u00e1ngulo que desee, gracias a su exclusivo sistema de fijaci\u00f3n. Puede posicionar el soporte en horizontal o en el \u00e1ngulo deseado y moverlo alrededor de la barra. Es posible posicionar varias empu\u00f1aduras en la misma barra Gripo. La barra de aluminio est\u00e1 cubierta con una capa antideslizante muy segura y c\u00f3moda. Longitud del soporte 48 cm. Di\u00e1metro del tubo 22 mm.<\/div>\n","protected":false},"excerpt":{"rendered":"<p>ASIDERO DE DOS MANOS CON ADAPTADOR UNIVERSAL (815202) Caracter\u00edsticas Esta opci\u00f3n de la barra Gripo le permite crear un soporte en el \u00e1ngulo que desee, gracias a su exclusivo sistema de fijaci\u00f3n. Puede posicionar el soporte en horizontal o en el \u00e1ngulo deseado y moverlo alrededor de la barra. Es posible posicionar varias empu\u00f1aduras en [&hellip;]<\/p>\n","protected":false},"featured_media":3358,"comment_status":"open","ping_status":"closed","template":"","meta":{"saved_in_kubio":false},"product_brand":[],"product_cat":[84],"product_tag":[118],"class_list":{"0":"post-3357","1":"product","2":"type-product","3":"status-publish","4":"has-post-thumbnail","6":"product_cat-asideros","7":"product_tag-emo","9":"first","10":"instock","11":"shipping-taxable","12":"product-type-simple"},"_links":{"self":[{"href":"https:\/\/ortopediagot.net\/Inicio\/wp-json\/wp\/v2\/product\/3357"}],"collection":[{"href":"https:\/\/ortopediagot.net\/Inicio\/wp-json\/wp\/v2\/product"}],"about":[{"href":"https:\/\/ortopediagot.net\/Inicio\/wp-json\/wp\/v2\/types\/product"}],"replies":[{"embeddable":true,"href":"https:\/\/ortopediagot.net\/Inicio\/wp-json\/wp\/v2\/comments?post=3357"}],"wp:featuredmedia":[{"embeddable":true,"href":"https:\/\/ortopediagot.net\/Inicio\/wp-json\/wp\/v2\/media\/3358"}],"wp:attachment":[{"href":"https:\/\/ortopediagot.net\/Inicio\/wp-json\/wp\/v2\/media?parent=3357"}],"wp:term":[{"taxonomy":"product_brand","embeddable":true,"href":"https:\/\/ortopediagot.net\/Inicio\/wp-json\/wp\/v2\/product_brand?post=3357"},{"taxonomy":"product_cat","embeddable":true,"href":"https:\/\/ortopediagot.net\/Inicio\/wp-json\/wp\/v2\/product_cat?post=3357"},{"taxonomy":"product_tag","embeddable":true,"href":"https:\/\/ortopediagot.net\/Inicio\/wp-json\/wp\/v2\/product_tag?post=3357"}],"curies":[{"name":"wp","href":"https:\/\/api.w.org\/{rel}","templated":true}]}}