{"id":3360,"date":"2024-06-10T13:25:40","date_gmt":"2024-06-10T12:25:40","guid":{"rendered":"https:\/\/ortopediagot.net\/?post_type=product&#038;p=3360"},"modified":"2024-06-10T13:25:40","modified_gmt":"2024-06-10T12:25:40","slug":"asidero-de-dos-manos-con-adaptador-universal-2","status":"publish","type":"product","link":"https:\/\/ortopediagot.net\/Inicio\/producto\/asidero-de-dos-manos-con-adaptador-universal-2\/","title":{"rendered":"ASIDERO DE DOS MANOS CON ADAPTADOR UNIVERSAL"},"content":{"rendered":"<p>ASIDERO DE DOS MANOS CON ADAPTADOR UNIVERSAL (815202)<\/p>\n<div class=\"tsf-campo-acf-titulo tsf-campo-acf-titulo-caracteristicas tsf_campo-acf tsf_caracteristicas\"><strong>Caracter\u00edsticas<\/strong><\/div>\n<div><\/div>\n<div class=\"tsf-campo-acf-valores tsf-campo-acf-valores-caracteristicas tsf_campo-acf tsf_caracteristicas\">Fabricaci\u00f3n de alta calidad para una m\u00e1xima robustez &gt; Muchas opciones disponibles &gt; Instalaci\u00f3n sin herramientas, se puede mover a voluntad El sistema de barra Gripo es \u00fanico: permite colocar un apoyo adaptado y espec\u00edfico a las necesidades y a cualquier lugar de la casa. El sistema se puede mover a voluntad seg\u00fan las necesidades cambiantes y se puede instalar sin herramientas en pocos minutos. La barra Gripo funciona por resistencia entre el techo y el suelo gracias a un potente pist\u00f3n. El tirador de desenganche en la parte inferior del tubo es conveniente para moverla en segundos. La barra Gripo es adecuada para ofrecer apoyo en muchas configuraciones ya que es posible a\u00f1adir opciones para personalizar los agarres y los soportes. La instalaci\u00f3n debe realizarse bajo un techo duro o bajo un refuerzo de vigas en el caso de un techo de cart\u00f3n-yeso. Barra de aluminio y piezas de contacto de pl\u00e1stico reforzado. Altura regulable de 210 a 300 cm<\/div>\n","protected":false},"excerpt":{"rendered":"<p>ASIDERO DE DOS MANOS CON ADAPTADOR UNIVERSAL (815202) Caracter\u00edsticas Fabricaci\u00f3n de alta calidad para una m\u00e1xima robustez &gt; Muchas opciones disponibles &gt; Instalaci\u00f3n sin herramientas, se puede mover a voluntad El sistema de barra Gripo es \u00fanico: permite colocar un apoyo adaptado y espec\u00edfico a las necesidades y a cualquier lugar de la casa. El [&hellip;]<\/p>\n","protected":false},"featured_media":3361,"comment_status":"open","ping_status":"closed","template":"","meta":{"saved_in_kubio":false},"product_brand":[],"product_cat":[84],"product_tag":[118],"class_list":{"0":"post-3360","1":"product","2":"type-product","3":"status-publish","4":"has-post-thumbnail","6":"product_cat-asideros","7":"product_tag-emo","9":"first","10":"instock","11":"shipping-taxable","12":"product-type-simple"},"_links":{"self":[{"href":"https:\/\/ortopediagot.net\/Inicio\/wp-json\/wp\/v2\/product\/3360"}],"collection":[{"href":"https:\/\/ortopediagot.net\/Inicio\/wp-json\/wp\/v2\/product"}],"about":[{"href":"https:\/\/ortopediagot.net\/Inicio\/wp-json\/wp\/v2\/types\/product"}],"replies":[{"embeddable":true,"href":"https:\/\/ortopediagot.net\/Inicio\/wp-json\/wp\/v2\/comments?post=3360"}],"wp:featuredmedia":[{"embeddable":true,"href":"https:\/\/ortopediagot.net\/Inicio\/wp-json\/wp\/v2\/media\/3361"}],"wp:attachment":[{"href":"https:\/\/ortopediagot.net\/Inicio\/wp-json\/wp\/v2\/media?parent=3360"}],"wp:term":[{"taxonomy":"product_brand","embeddable":true,"href":"https:\/\/ortopediagot.net\/Inicio\/wp-json\/wp\/v2\/product_brand?post=3360"},{"taxonomy":"product_cat","embeddable":true,"href":"https:\/\/ortopediagot.net\/Inicio\/wp-json\/wp\/v2\/product_cat?post=3360"},{"taxonomy":"product_tag","embeddable":true,"href":"https:\/\/ortopediagot.net\/Inicio\/wp-json\/wp\/v2\/product_tag?post=3360"}],"curies":[{"name":"wp","href":"https:\/\/api.w.org\/{rel}","templated":true}]}}