{"id":3363,"date":"2024-06-10T13:27:26","date_gmt":"2024-06-10T12:27:26","guid":{"rendered":"https:\/\/ortopediagot.net\/?post_type=product&#038;p=3363"},"modified":"2024-06-10T13:27:27","modified_gmt":"2024-06-10T12:27:27","slug":"asidero-triangular-con-adaptador-universal","status":"publish","type":"product","link":"https:\/\/ortopediagot.net\/Inicio\/producto\/asidero-triangular-con-adaptador-universal\/","title":{"rendered":"ASIDERO TRIANGULAR CON ADAPTADOR UNIVERSAL"},"content":{"rendered":"<p>ASIDERO TRIANGULAR CON ADAPTADOR UNIVERSAL (815203).<\/p>\n<div class=\"tsf-campo-acf-titulo tsf-campo-acf-titulo-caracteristicas tsf_campo-acf tsf_caracteristicas\"><strong>Caracter\u00edsticas<\/strong><\/div>\n<div><\/div>\n<div class=\"tsf-campo-acf-valores tsf-campo-acf-valores-caracteristicas tsf_campo-acf tsf_caracteristicas\">Un soporte que se coloca en cualquier posici\u00f3n y en cualquier \u00e1ngulo, para facilitar el ponerse de pie y tirar de uno mismo. Soporte de aluminio con superficie suave y antideslizante. Montado a la altura adecuada, tambi\u00e9n puede ser utilizado como un c\u00f3modo reposacabezas. Dimensiones aprox. 32 x 32 cm. Di\u00e1metro del tubo 22 mm.<\/div>\n","protected":false},"excerpt":{"rendered":"<p>ASIDERO TRIANGULAR CON ADAPTADOR UNIVERSAL (815203). Caracter\u00edsticas Un soporte que se coloca en cualquier posici\u00f3n y en cualquier \u00e1ngulo, para facilitar el ponerse de pie y tirar de uno mismo. Soporte de aluminio con superficie suave y antideslizante. Montado a la altura adecuada, tambi\u00e9n puede ser utilizado como un c\u00f3modo reposacabezas. Dimensiones aprox. 32 x [&hellip;]<\/p>\n","protected":false},"featured_media":3364,"comment_status":"open","ping_status":"closed","template":"","meta":{"saved_in_kubio":false},"product_brand":[],"product_cat":[84],"product_tag":[118],"class_list":{"0":"post-3363","1":"product","2":"type-product","3":"status-publish","4":"has-post-thumbnail","6":"product_cat-asideros","7":"product_tag-emo","9":"first","10":"instock","11":"shipping-taxable","12":"product-type-simple"},"_links":{"self":[{"href":"https:\/\/ortopediagot.net\/Inicio\/wp-json\/wp\/v2\/product\/3363"}],"collection":[{"href":"https:\/\/ortopediagot.net\/Inicio\/wp-json\/wp\/v2\/product"}],"about":[{"href":"https:\/\/ortopediagot.net\/Inicio\/wp-json\/wp\/v2\/types\/product"}],"replies":[{"embeddable":true,"href":"https:\/\/ortopediagot.net\/Inicio\/wp-json\/wp\/v2\/comments?post=3363"}],"wp:featuredmedia":[{"embeddable":true,"href":"https:\/\/ortopediagot.net\/Inicio\/wp-json\/wp\/v2\/media\/3364"}],"wp:attachment":[{"href":"https:\/\/ortopediagot.net\/Inicio\/wp-json\/wp\/v2\/media?parent=3363"}],"wp:term":[{"taxonomy":"product_brand","embeddable":true,"href":"https:\/\/ortopediagot.net\/Inicio\/wp-json\/wp\/v2\/product_brand?post=3363"},{"taxonomy":"product_cat","embeddable":true,"href":"https:\/\/ortopediagot.net\/Inicio\/wp-json\/wp\/v2\/product_cat?post=3363"},{"taxonomy":"product_tag","embeddable":true,"href":"https:\/\/ortopediagot.net\/Inicio\/wp-json\/wp\/v2\/product_tag?post=3363"}],"curies":[{"name":"wp","href":"https:\/\/api.w.org\/{rel}","templated":true}]}}