{"id":3366,"date":"2024-06-10T13:29:01","date_gmt":"2024-06-10T12:29:01","guid":{"rendered":"https:\/\/ortopediagot.net\/?post_type=product&#038;p=3366"},"modified":"2024-06-10T13:29:02","modified_gmt":"2024-06-10T12:29:02","slug":"barra-de-bano-secura","status":"publish","type":"product","link":"https:\/\/ortopediagot.net\/Inicio\/producto\/barra-de-bano-secura\/","title":{"rendered":"BARRA DE BA\u00d1O SECURA"},"content":{"rendered":"<p>BARRA DE BA\u00d1O SECURA (815002)<\/p>\n<div class=\"tsf-campo-acf-titulo tsf-campo-acf-titulo-caracteristicas tsf_campo-acf tsf_caracteristicas\"><strong>Caracter\u00edsticas<\/strong><\/div>\n<div><\/div>\n<div class=\"tsf-campo-acf-valores tsf-campo-acf-valores-caracteristicas tsf_campo-acf tsf_caracteristicas\">Dise\u00f1o y seguridad<br \/>\nBarra abatible de aluminio pulido. Se abate hacia arriba en un espacio reducido.<br \/>\nDimensiones: Largo 53 x ancho 11 x alto 27 cm. Peso max. Usuario: 120 kg.<\/div>\n","protected":false},"excerpt":{"rendered":"<p>BARRA DE BA\u00d1O SECURA (815002) Caracter\u00edsticas Dise\u00f1o y seguridad Barra abatible de aluminio pulido. Se abate hacia arriba en un espacio reducido. Dimensiones: Largo 53 x ancho 11 x alto 27 cm. Peso max. Usuario: 120 kg.<\/p>\n","protected":false},"featured_media":3367,"comment_status":"open","ping_status":"closed","template":"","meta":{"saved_in_kubio":false},"product_brand":[],"product_cat":[84],"product_tag":[118],"class_list":{"0":"post-3366","1":"product","2":"type-product","3":"status-publish","4":"has-post-thumbnail","6":"product_cat-asideros","7":"product_tag-emo","9":"first","10":"instock","11":"shipping-taxable","12":"product-type-simple"},"_links":{"self":[{"href":"https:\/\/ortopediagot.net\/Inicio\/wp-json\/wp\/v2\/product\/3366"}],"collection":[{"href":"https:\/\/ortopediagot.net\/Inicio\/wp-json\/wp\/v2\/product"}],"about":[{"href":"https:\/\/ortopediagot.net\/Inicio\/wp-json\/wp\/v2\/types\/product"}],"replies":[{"embeddable":true,"href":"https:\/\/ortopediagot.net\/Inicio\/wp-json\/wp\/v2\/comments?post=3366"}],"wp:featuredmedia":[{"embeddable":true,"href":"https:\/\/ortopediagot.net\/Inicio\/wp-json\/wp\/v2\/media\/3367"}],"wp:attachment":[{"href":"https:\/\/ortopediagot.net\/Inicio\/wp-json\/wp\/v2\/media?parent=3366"}],"wp:term":[{"taxonomy":"product_brand","embeddable":true,"href":"https:\/\/ortopediagot.net\/Inicio\/wp-json\/wp\/v2\/product_brand?post=3366"},{"taxonomy":"product_cat","embeddable":true,"href":"https:\/\/ortopediagot.net\/Inicio\/wp-json\/wp\/v2\/product_cat?post=3366"},{"taxonomy":"product_tag","embeddable":true,"href":"https:\/\/ortopediagot.net\/Inicio\/wp-json\/wp\/v2\/product_tag?post=3366"}],"curies":[{"name":"wp","href":"https:\/\/api.w.org\/{rel}","templated":true}]}}