{"id":3369,"date":"2024-06-10T13:30:29","date_gmt":"2024-06-10T12:30:29","guid":{"rendered":"https:\/\/ortopediagot.net\/?post_type=product&#038;p=3369"},"modified":"2024-06-10T13:30:29","modified_gmt":"2024-06-10T12:30:29","slug":"barra-de-bano-linido","status":"publish","type":"product","link":"https:\/\/ortopediagot.net\/Inicio\/producto\/barra-de-bano-linido\/","title":{"rendered":"BARRA DE BA\u00d1O LINIDO"},"content":{"rendered":"<p>BARRA DE BA\u00d1O LINIDO (815221, 815222)<\/p>\n<div class=\"tsf-campo-acf-titulo tsf-campo-acf-titulo-caracteristicas tsf_campo-acf tsf_caracteristicas\"><strong>Caracter\u00edsticas<\/strong><\/div>\n<div><\/div>\n<div class=\"tsf-campo-acf-valores tsf-campo-acf-valores-caracteristicas tsf_campo-acf tsf_caracteristicas\">&#8211; Sistema de bloqueo en posici\u00f3n elevada<br \/>\nLa barra de apoyo abatible Linido no s\u00f3lo proporciona apoyo para sentarse y levantarse del asiento del inodoro o de la ducha, sino tambi\u00e9n para las transferencias laterales. Cuando la barra est\u00e1 levantada, se bloquea autom\u00e1ticamente. No se caer\u00e1 por s\u00ed sola.<br \/>\n2 longitudes y opciones disponibles. Color blanco.<br \/>\nDimensiones del soporte a fijar: anchura 11 x altura 25 cm. Profundidad total cuando est\u00e1 levantada: 21,5 cm.<br \/>\nEl kit de apoyo en el suelo es ajustable de 70 a 85 cm de altura (profundidad total 26,5 cm). El soporte especial para papel puede utilizarse con una sola mano.<\/div>\n<div class=\"tsf-campo-acf-titulo tsf-campo-acf-titulo-pa_medidas tsf_campo-acf tsf_pa_medidas\"><\/div>\n<div><strong>Medidas<\/strong><\/div>\n<div><\/div>\n<div class=\"tsf-campo-acf-valores tsf-campo-acf-valores-pa_medidas tsf_campo-acf tsf_pa_medidas\">60 CM, 80 CM<\/div>\n","protected":false},"excerpt":{"rendered":"<p>BARRA DE BA\u00d1O LINIDO (815221, 815222) Caracter\u00edsticas &#8211; Sistema de bloqueo en posici\u00f3n elevada La barra de apoyo abatible Linido no s\u00f3lo proporciona apoyo para sentarse y levantarse del asiento del inodoro o de la ducha, sino tambi\u00e9n para las transferencias laterales. Cuando la barra est\u00e1 levantada, se bloquea autom\u00e1ticamente. No se caer\u00e1 por s\u00ed [&hellip;]<\/p>\n","protected":false},"featured_media":3370,"comment_status":"open","ping_status":"closed","template":"","meta":{"saved_in_kubio":false},"product_brand":[],"product_cat":[84],"product_tag":[118],"class_list":{"0":"post-3369","1":"product","2":"type-product","3":"status-publish","4":"has-post-thumbnail","6":"product_cat-asideros","7":"product_tag-emo","9":"first","10":"instock","11":"shipping-taxable","12":"product-type-simple"},"_links":{"self":[{"href":"https:\/\/ortopediagot.net\/Inicio\/wp-json\/wp\/v2\/product\/3369"}],"collection":[{"href":"https:\/\/ortopediagot.net\/Inicio\/wp-json\/wp\/v2\/product"}],"about":[{"href":"https:\/\/ortopediagot.net\/Inicio\/wp-json\/wp\/v2\/types\/product"}],"replies":[{"embeddable":true,"href":"https:\/\/ortopediagot.net\/Inicio\/wp-json\/wp\/v2\/comments?post=3369"}],"wp:featuredmedia":[{"embeddable":true,"href":"https:\/\/ortopediagot.net\/Inicio\/wp-json\/wp\/v2\/media\/3370"}],"wp:attachment":[{"href":"https:\/\/ortopediagot.net\/Inicio\/wp-json\/wp\/v2\/media?parent=3369"}],"wp:term":[{"taxonomy":"product_brand","embeddable":true,"href":"https:\/\/ortopediagot.net\/Inicio\/wp-json\/wp\/v2\/product_brand?post=3369"},{"taxonomy":"product_cat","embeddable":true,"href":"https:\/\/ortopediagot.net\/Inicio\/wp-json\/wp\/v2\/product_cat?post=3369"},{"taxonomy":"product_tag","embeddable":true,"href":"https:\/\/ortopediagot.net\/Inicio\/wp-json\/wp\/v2\/product_tag?post=3369"}],"curies":[{"name":"wp","href":"https:\/\/api.w.org\/{rel}","templated":true}]}}