{"id":3376,"date":"2024-06-10T13:35:58","date_gmt":"2024-06-10T12:35:58","guid":{"rendered":"https:\/\/ortopediagot.net\/?post_type=product&#038;p=3376"},"modified":"2024-06-10T13:35:59","modified_gmt":"2024-06-10T12:35:59","slug":"taburete-de-ducha-capri","status":"publish","type":"product","link":"https:\/\/ortopediagot.net\/Inicio\/producto\/taburete-de-ducha-capri\/","title":{"rendered":"TABURETE DE DUCHA CAPRI"},"content":{"rendered":"<p>TABURETE DE DUCHA CAPRI (812059)<\/p>\n<div class=\"tsf-campo-acf-titulo tsf-campo-acf-titulo-caracteristicas tsf_campo-acf tsf_caracteristicas\"><strong>Caracter\u00edsticas<\/strong><\/div>\n<div><\/div>\n<div class=\"tsf-campo-acf-valores tsf-campo-acf-valores-caracteristicas tsf_campo-acf tsf_caracteristicas\">Nuestro taburete de ducha Capri le permitir\u00e1 lavarse de manera segura y c\u00f3moda, gracias a su asiento ancho, para que pueda apoyarse en las asas para sentarse y levantarse f\u00e1cilmente.<br \/>\nMontaje sin herramientas.<br \/>\nDimensiones de asiento: ancho 50 x prof. 30 x alto. 39\/54 cm.<br \/>\nPeso 2 kg.<br \/>\nPeso m\u00e1ximo usuario 150kg<\/div>\n","protected":false},"excerpt":{"rendered":"<p>TABURETE DE DUCHA CAPRI (812059) Caracter\u00edsticas Nuestro taburete de ducha Capri le permitir\u00e1 lavarse de manera segura y c\u00f3moda, gracias a su asiento ancho, para que pueda apoyarse en las asas para sentarse y levantarse f\u00e1cilmente. Montaje sin herramientas. Dimensiones de asiento: ancho 50 x prof. 30 x alto. 39\/54 cm. Peso 2 kg. Peso [&hellip;]<\/p>\n","protected":false},"featured_media":3377,"comment_status":"open","ping_status":"closed","template":"","meta":{"saved_in_kubio":false},"product_brand":[],"product_cat":[85],"product_tag":[118],"class_list":{"0":"post-3376","1":"product","2":"type-product","3":"status-publish","4":"has-post-thumbnail","6":"product_cat-sillas-y-taburetes-de-duchas","7":"product_tag-emo","9":"first","10":"instock","11":"shipping-taxable","12":"product-type-simple"},"_links":{"self":[{"href":"https:\/\/ortopediagot.net\/Inicio\/wp-json\/wp\/v2\/product\/3376"}],"collection":[{"href":"https:\/\/ortopediagot.net\/Inicio\/wp-json\/wp\/v2\/product"}],"about":[{"href":"https:\/\/ortopediagot.net\/Inicio\/wp-json\/wp\/v2\/types\/product"}],"replies":[{"embeddable":true,"href":"https:\/\/ortopediagot.net\/Inicio\/wp-json\/wp\/v2\/comments?post=3376"}],"wp:featuredmedia":[{"embeddable":true,"href":"https:\/\/ortopediagot.net\/Inicio\/wp-json\/wp\/v2\/media\/3377"}],"wp:attachment":[{"href":"https:\/\/ortopediagot.net\/Inicio\/wp-json\/wp\/v2\/media?parent=3376"}],"wp:term":[{"taxonomy":"product_brand","embeddable":true,"href":"https:\/\/ortopediagot.net\/Inicio\/wp-json\/wp\/v2\/product_brand?post=3376"},{"taxonomy":"product_cat","embeddable":true,"href":"https:\/\/ortopediagot.net\/Inicio\/wp-json\/wp\/v2\/product_cat?post=3376"},{"taxonomy":"product_tag","embeddable":true,"href":"https:\/\/ortopediagot.net\/Inicio\/wp-json\/wp\/v2\/product_tag?post=3376"}],"curies":[{"name":"wp","href":"https:\/\/api.w.org\/{rel}","templated":true}]}}