{"id":3380,"date":"2024-06-10T13:39:09","date_gmt":"2024-06-10T12:39:09","guid":{"rendered":"https:\/\/ortopediagot.net\/?post_type=product&#038;p=3380"},"modified":"2024-06-10T13:39:10","modified_gmt":"2024-06-10T12:39:10","slug":"silla-de-ducha-capri","status":"publish","type":"product","link":"https:\/\/ortopediagot.net\/Inicio\/producto\/silla-de-ducha-capri\/","title":{"rendered":"SILLA DE DUCHA CAPRI"},"content":{"rendered":"<p>SILLA DE DUCHA CAPRI (812065)<\/p>\n<div class=\"tsf-campo-acf-titulo tsf-campo-acf-titulo-caracteristicas tsf_campo-acf tsf_caracteristicas\"><strong>Caracter\u00edsticas<\/strong><\/div>\n<div><\/div>\n<div class=\"tsf-campo-acf-valores tsf-campo-acf-valores-caracteristicas tsf_campo-acf tsf_caracteristicas\">Nuestra silla de ducha Capri le permitir\u00e1 lavarse de forma segura y c\u00f3moda gracias a su amplio asiento.<br \/>\nPuede apoyarse en las asas para sentarse y levantarse f\u00e1cilmente.<br \/>\nMedidas del asiento: anchura 50 x profundidad 30 x altura 39\/54 cm.<br \/>\nAltura del respaldo: 26 cm.<br \/>\nPeso 2,6 kg.<br \/>\nPeso m\u00e1ximo usuario 150 kg.<br \/>\nReposabrazos opcional ref. 812143<\/div>\n","protected":false},"excerpt":{"rendered":"<p>SILLA DE DUCHA CAPRI (812065) Caracter\u00edsticas Nuestra silla de ducha Capri le permitir\u00e1 lavarse de forma segura y c\u00f3moda gracias a su amplio asiento. Puede apoyarse en las asas para sentarse y levantarse f\u00e1cilmente. Medidas del asiento: anchura 50 x profundidad 30 x altura 39\/54 cm. Altura del respaldo: 26 cm. Peso 2,6 kg. Peso [&hellip;]<\/p>\n","protected":false},"featured_media":3381,"comment_status":"open","ping_status":"closed","template":"","meta":{"saved_in_kubio":false},"product_brand":[],"product_cat":[85],"product_tag":[118],"class_list":{"0":"post-3380","1":"product","2":"type-product","3":"status-publish","4":"has-post-thumbnail","6":"product_cat-sillas-y-taburetes-de-duchas","7":"product_tag-emo","9":"first","10":"instock","11":"shipping-taxable","12":"product-type-simple"},"_links":{"self":[{"href":"https:\/\/ortopediagot.net\/Inicio\/wp-json\/wp\/v2\/product\/3380"}],"collection":[{"href":"https:\/\/ortopediagot.net\/Inicio\/wp-json\/wp\/v2\/product"}],"about":[{"href":"https:\/\/ortopediagot.net\/Inicio\/wp-json\/wp\/v2\/types\/product"}],"replies":[{"embeddable":true,"href":"https:\/\/ortopediagot.net\/Inicio\/wp-json\/wp\/v2\/comments?post=3380"}],"wp:featuredmedia":[{"embeddable":true,"href":"https:\/\/ortopediagot.net\/Inicio\/wp-json\/wp\/v2\/media\/3381"}],"wp:attachment":[{"href":"https:\/\/ortopediagot.net\/Inicio\/wp-json\/wp\/v2\/media?parent=3380"}],"wp:term":[{"taxonomy":"product_brand","embeddable":true,"href":"https:\/\/ortopediagot.net\/Inicio\/wp-json\/wp\/v2\/product_brand?post=3380"},{"taxonomy":"product_cat","embeddable":true,"href":"https:\/\/ortopediagot.net\/Inicio\/wp-json\/wp\/v2\/product_cat?post=3380"},{"taxonomy":"product_tag","embeddable":true,"href":"https:\/\/ortopediagot.net\/Inicio\/wp-json\/wp\/v2\/product_tag?post=3380"}],"curies":[{"name":"wp","href":"https:\/\/api.w.org\/{rel}","templated":true}]}}