{"id":3382,"date":"2024-06-10T13:43:41","date_gmt":"2024-06-10T12:43:41","guid":{"rendered":"https:\/\/ortopediagot.net\/?post_type=product&#038;p=3382"},"modified":"2024-06-10T13:47:16","modified_gmt":"2024-06-10T12:47:16","slug":"escalon-capri","status":"publish","type":"product","link":"https:\/\/ortopediagot.net\/Inicio\/producto\/escalon-capri\/","title":{"rendered":"ESCAL\u00d3N CAPRI"},"content":{"rendered":"<p>ESCAL\u00d3N CAPRI (812095)<\/p>\n<div class=\"tsf-campo-acf-titulo tsf-campo-acf-titulo-caracteristicas tsf_campo-acf tsf_caracteristicas\"><strong>Caracteristicas<\/strong><\/div>\n<div><\/div>\n<div class=\"tsf-campo-acf-valores tsf-campo-acf-valores-caracteristicas tsf_campo-acf tsf_caracteristicas\">El escal\u00f3n Capri es ideal para superar f\u00e1cilmente el borde de la ba\u00f1era.<br \/>\nDimensiones : Ancho 30.5 x prof. 30.5 x altura.<br \/>\nAjustable de 18,5 a 26 cm.<br \/>\nPeso 1,05 kg.<\/div>\n","protected":false},"excerpt":{"rendered":"<p>ESCAL\u00d3N CAPRI (812095) Caracteristicas El escal\u00f3n Capri es ideal para superar f\u00e1cilmente el borde de la ba\u00f1era. Dimensiones : Ancho 30.5 x prof. 30.5 x altura. Ajustable de 18,5 a 26 cm. Peso 1,05 kg.<\/p>\n","protected":false},"featured_media":3384,"comment_status":"open","ping_status":"closed","template":"","meta":{"saved_in_kubio":false},"product_brand":[],"product_cat":[85],"product_tag":[118],"class_list":{"0":"post-3382","1":"product","2":"type-product","3":"status-publish","4":"has-post-thumbnail","6":"product_cat-sillas-y-taburetes-de-duchas","7":"product_tag-emo","9":"first","10":"instock","11":"shipping-taxable","12":"product-type-simple"},"_links":{"self":[{"href":"https:\/\/ortopediagot.net\/Inicio\/wp-json\/wp\/v2\/product\/3382"}],"collection":[{"href":"https:\/\/ortopediagot.net\/Inicio\/wp-json\/wp\/v2\/product"}],"about":[{"href":"https:\/\/ortopediagot.net\/Inicio\/wp-json\/wp\/v2\/types\/product"}],"replies":[{"embeddable":true,"href":"https:\/\/ortopediagot.net\/Inicio\/wp-json\/wp\/v2\/comments?post=3382"}],"wp:featuredmedia":[{"embeddable":true,"href":"https:\/\/ortopediagot.net\/Inicio\/wp-json\/wp\/v2\/media\/3384"}],"wp:attachment":[{"href":"https:\/\/ortopediagot.net\/Inicio\/wp-json\/wp\/v2\/media?parent=3382"}],"wp:term":[{"taxonomy":"product_brand","embeddable":true,"href":"https:\/\/ortopediagot.net\/Inicio\/wp-json\/wp\/v2\/product_brand?post=3382"},{"taxonomy":"product_cat","embeddable":true,"href":"https:\/\/ortopediagot.net\/Inicio\/wp-json\/wp\/v2\/product_cat?post=3382"},{"taxonomy":"product_tag","embeddable":true,"href":"https:\/\/ortopediagot.net\/Inicio\/wp-json\/wp\/v2\/product_tag?post=3382"}],"curies":[{"name":"wp","href":"https:\/\/api.w.org\/{rel}","templated":true}]}}