{"id":3389,"date":"2024-06-10T13:53:45","date_gmt":"2024-06-10T12:53:45","guid":{"rendered":"https:\/\/ortopediagot.net\/?post_type=product&#038;p=3389"},"modified":"2024-06-10T13:53:46","modified_gmt":"2024-06-10T12:53:46","slug":"taburete-de-ducha-tenerife","status":"publish","type":"product","link":"https:\/\/ortopediagot.net\/Inicio\/producto\/taburete-de-ducha-tenerife\/","title":{"rendered":"TABURETE DE DUCHA TENERIFE"},"content":{"rendered":"<p>TABURETE DE DUCHA TENERIFE (812182)<\/p>\n<div class=\"tsf-campo-acf-titulo tsf-campo-acf-titulo-caracteristicas tsf_campo-acf tsf_caracteristicas\"><strong>Caracter\u00edsticas<\/strong><\/div>\n<div><\/div>\n<div class=\"tsf-campo-acf-valores tsf-campo-acf-valores-caracteristicas tsf_campo-acf tsf_caracteristicas\">Nuestro taburete Tenerife le proporciona un asiento c\u00f3modo y seguro en la ducha, gracias a sus 4 ventosas de goma.<br \/>\nSu asiento est\u00e1 perforado para permitir el drenaje del agua y est\u00e1 recortado para facilitar la higiene \u00edntima.<br \/>\nAsiento regulable en altura.<br \/>\nEstructura de aluminio anticorrosi\u00f3n.<br \/>\nDimensiones: asiento de 38 cm de di\u00e1metro, regulable en altura en 3 posiciones: 45 \/ 50 \/ 55 cm.<br \/>\nPeso 1,6 kg.<br \/>\nSuperficie: 43 cm.<\/div>\n","protected":false},"excerpt":{"rendered":"<p>TABURETE DE DUCHA TENERIFE (812182) Caracter\u00edsticas Nuestro taburete Tenerife le proporciona un asiento c\u00f3modo y seguro en la ducha, gracias a sus 4 ventosas de goma. Su asiento est\u00e1 perforado para permitir el drenaje del agua y est\u00e1 recortado para facilitar la higiene \u00edntima. Asiento regulable en altura. Estructura de aluminio anticorrosi\u00f3n. Dimensiones: asiento de [&hellip;]<\/p>\n","protected":false},"featured_media":3390,"comment_status":"open","ping_status":"closed","template":"","meta":{"saved_in_kubio":false},"product_brand":[],"product_cat":[85],"product_tag":[118],"class_list":{"0":"post-3389","1":"product","2":"type-product","3":"status-publish","4":"has-post-thumbnail","6":"product_cat-sillas-y-taburetes-de-duchas","7":"product_tag-emo","9":"first","10":"instock","11":"shipping-taxable","12":"product-type-simple"},"_links":{"self":[{"href":"https:\/\/ortopediagot.net\/Inicio\/wp-json\/wp\/v2\/product\/3389"}],"collection":[{"href":"https:\/\/ortopediagot.net\/Inicio\/wp-json\/wp\/v2\/product"}],"about":[{"href":"https:\/\/ortopediagot.net\/Inicio\/wp-json\/wp\/v2\/types\/product"}],"replies":[{"embeddable":true,"href":"https:\/\/ortopediagot.net\/Inicio\/wp-json\/wp\/v2\/comments?post=3389"}],"wp:featuredmedia":[{"embeddable":true,"href":"https:\/\/ortopediagot.net\/Inicio\/wp-json\/wp\/v2\/media\/3390"}],"wp:attachment":[{"href":"https:\/\/ortopediagot.net\/Inicio\/wp-json\/wp\/v2\/media?parent=3389"}],"wp:term":[{"taxonomy":"product_brand","embeddable":true,"href":"https:\/\/ortopediagot.net\/Inicio\/wp-json\/wp\/v2\/product_brand?post=3389"},{"taxonomy":"product_cat","embeddable":true,"href":"https:\/\/ortopediagot.net\/Inicio\/wp-json\/wp\/v2\/product_cat?post=3389"},{"taxonomy":"product_tag","embeddable":true,"href":"https:\/\/ortopediagot.net\/Inicio\/wp-json\/wp\/v2\/product_tag?post=3389"}],"curies":[{"name":"wp","href":"https:\/\/api.w.org\/{rel}","templated":true}]}}